{"id":9245,"date":"2025-04-01T11:34:39","date_gmt":"2025-04-01T09:34:39","guid":{"rendered":"https:\/\/coptering.beringserveis.eu\/product\/cadeau-montseny-garrotxa-tour\/"},"modified":"2026-01-17T11:34:39","modified_gmt":"2026-01-17T10:34:39","slug":"cadeau-montseny-garrotxa-tour","status":"publish","type":"product","link":"https:\/\/coptering.beringserveis.eu\/fr\/product\/cadeau-montseny-garrotxa-tour\/","title":{"rendered":"Cadeau Montseny &amp; Garrotxa Tour"},"content":{"rendered":"<p>Envolez-vous avec nous et admirez le Montseny, le plus ancien parc naturel prot\u00e9g\u00e9 de Catalogne, les embl\u00e9matiques r\u00e9servoirs de Sau et de Susqueda, l&rsquo;immense beaut\u00e9 des volcans (Croscat et Santa Margarida) et la Fageda d&rsquo;en Jord\u00e0.<\/p>\n<p>&nbsp;<\/p>\n","protected":false},"excerpt":{"rendered":"<div class=\"elementor-element elementor-element-3d760c5 ob-has-background-overlay elementor-widget elementor-widget-woocommerce-product-short-description\" data-id=\"3d760c5\" data-element_type=\"widget\" data-settings=\"{\"_ob_widget_stalker_use\":\"no\",\"_ob_poopart_use\":\"yes\",\"_ob_shadough_use\":\"no\",\"_ob_allow_hoveranimator\":\"no\"}\" data-widget_type=\"woocommerce-product-short-description.default\">\n<div class=\"elementor-widget-container\">\n<div class=\"woocommerce-product-details__short-description\">\n<p>Envolez-vous avec nous et admirez le Montseny, le plus ancien parc naturel prot\u00e9g\u00e9 de Catalogne, les embl\u00e9matiques r\u00e9servoirs de Sau et de Susqueda, l&rsquo;immense beaut\u00e9 des volcans (Croscat et Santa Margarida) et la Fageda d&rsquo;en Jord\u00e0.<\/p>\n<\/div>\n<\/div>\n<\/div>\n<div class=\"elementor-element elementor-element-e5299fe ob-harakiri-inherit ob-has-background-overlay elementor-widget elementor-widget-heading ob-harakiri\" data-id=\"e5299fe\" data-element_type=\"widget\" data-settings=\"{\"_ob_use_harakiri\":\"yes\",\"_ob_harakiri_writing_mode\":\"inherit\",\"_ob_harakiri_text_clip\":\"none\",\"_ob_widget_stalker_use\":\"no\",\"_ob_poopart_use\":\"yes\",\"_ob_shadough_use\":\"no\",\"_ob_allow_hoveranimator\":\"no\"}\" data-widget_type=\"heading.default\">\n<div class=\"elementor-widget-container\"><\/div>\n<\/div>\n","protected":false},"featured_media":4304,"template":"","meta":{"_acf_changed":false},"product_brand":[],"product_cat":[133],"product_tag":[],"class_list":{"0":"post-9245","1":"product","2":"type-product","3":"status-publish","4":"has-post-thumbnail","6":"product_cat-cadeaux","7":"tm-no-options","9":"first","10":"instock","11":"shipping-taxable","12":"product-type-simple"},"acf":[],"_links":{"self":[{"href":"https:\/\/coptering.beringserveis.eu\/fr\/wp-json\/wp\/v2\/product\/9245","targetHints":{"allow":["GET"]}}],"collection":[{"href":"https:\/\/coptering.beringserveis.eu\/fr\/wp-json\/wp\/v2\/product"}],"about":[{"href":"https:\/\/coptering.beringserveis.eu\/fr\/wp-json\/wp\/v2\/types\/product"}],"wp:featuredmedia":[{"embeddable":true,"href":"https:\/\/coptering.beringserveis.eu\/fr\/wp-json\/wp\/v2\/media\/4304"}],"wp:attachment":[{"href":"https:\/\/coptering.beringserveis.eu\/fr\/wp-json\/wp\/v2\/media?parent=9245"}],"wp:term":[{"taxonomy":"product_brand","embeddable":true,"href":"https:\/\/coptering.beringserveis.eu\/fr\/wp-json\/wp\/v2\/product_brand?post=9245"},{"taxonomy":"product_cat","embeddable":true,"href":"https:\/\/coptering.beringserveis.eu\/fr\/wp-json\/wp\/v2\/product_cat?post=9245"},{"taxonomy":"product_tag","embeddable":true,"href":"https:\/\/coptering.beringserveis.eu\/fr\/wp-json\/wp\/v2\/product_tag?post=9245"}],"curies":[{"name":"wp","href":"https:\/\/api.w.org\/{rel}","templated":true}]}}