{"id":9157,"date":"2023-05-30T08:52:39","date_gmt":"2023-05-30T06:52:39","guid":{"rendered":"https:\/\/coptering.beringserveis.eu\/product\/circuit-barcelone-et-montserrat-cadeau\/"},"modified":"2026-01-12T08:52:39","modified_gmt":"2026-01-12T07:52:39","slug":"circuit-barcelone-et-montserrat-cadeau","status":"publish","type":"product","link":"https:\/\/coptering.beringserveis.eu\/fr\/product\/circuit-barcelone-et-montserrat-cadeau\/","title":{"rendered":"Circuit Barcelone et Montserrat Cadeau"},"content":{"rendered":"<p>Profitez d&rsquo;un agr\u00e9able vol en h\u00e9licopt\u00e8re pour d\u00e9couvrir cet incroyable joyau de la nature et ses environs.<\/p>\n","protected":false},"excerpt":{"rendered":"<p>25 min &#8211; Maximum 5 personnes<\/p>\n","protected":false},"featured_media":4994,"template":"","meta":{"_acf_changed":false},"product_brand":[],"product_cat":[133],"product_tag":[141],"class_list":{"0":"post-9157","1":"product","2":"type-product","3":"status-publish","4":"has-post-thumbnail","6":"product_cat-cadeaux","7":"product_tag-best-sellers","8":"tm-no-options","10":"first","11":"instock","12":"featured","13":"shipping-taxable","14":"product-type-simple"},"acf":[],"_links":{"self":[{"href":"https:\/\/coptering.beringserveis.eu\/fr\/wp-json\/wp\/v2\/product\/9157","targetHints":{"allow":["GET"]}}],"collection":[{"href":"https:\/\/coptering.beringserveis.eu\/fr\/wp-json\/wp\/v2\/product"}],"about":[{"href":"https:\/\/coptering.beringserveis.eu\/fr\/wp-json\/wp\/v2\/types\/product"}],"wp:featuredmedia":[{"embeddable":true,"href":"https:\/\/coptering.beringserveis.eu\/fr\/wp-json\/wp\/v2\/media\/4994"}],"wp:attachment":[{"href":"https:\/\/coptering.beringserveis.eu\/fr\/wp-json\/wp\/v2\/media?parent=9157"}],"wp:term":[{"taxonomy":"product_brand","embeddable":true,"href":"https:\/\/coptering.beringserveis.eu\/fr\/wp-json\/wp\/v2\/product_brand?post=9157"},{"taxonomy":"product_cat","embeddable":true,"href":"https:\/\/coptering.beringserveis.eu\/fr\/wp-json\/wp\/v2\/product_cat?post=9157"},{"taxonomy":"product_tag","embeddable":true,"href":"https:\/\/coptering.beringserveis.eu\/fr\/wp-json\/wp\/v2\/product_tag?post=9157"}],"curies":[{"name":"wp","href":"https:\/\/api.w.org\/{rel}","templated":true}]}}