{"id":5720,"date":"2025-01-01T07:32:56","date_gmt":"2025-01-01T06:32:56","guid":{"rendered":"https:\/\/coptering.beringserveis.eu\/product\/cadeau-pour-la-visite-panoramique-de-barcelone\/"},"modified":"2025-01-01T07:32:56","modified_gmt":"2025-01-01T06:32:56","slug":"cadeau-pour-la-visite-panoramique-de-barcelone","status":"publish","type":"product","link":"https:\/\/coptering.beringserveis.eu\/fr\/product\/cadeau-pour-la-visite-panoramique-de-barcelone\/","title":{"rendered":"Cadeau pour la visite panoramique de Barcelone"},"content":{"rendered":"<p>Survolez la ville de Barcelone en h\u00e9licopt\u00e8re, en profitant de vues magnifiques sur, entre autres, le Tibidabo, le Camp Nou, l&rsquo;Eixample, la Sagrada Fam\u00edlia, l&rsquo;Hospital de Sant Pau&#8230;<\/p>\n","protected":false},"excerpt":{"rendered":"<p>25 min &#8211; Maximum 5 personnes<\/p>\n","protected":false},"featured_media":4281,"template":"","meta":{"_acf_changed":false},"product_brand":[],"product_cat":[133],"product_tag":[],"class_list":{"0":"post-5720","1":"product","2":"type-product","3":"status-publish","4":"has-post-thumbnail","6":"product_cat-cadeaux","7":"tm-no-options","9":"first","10":"instock","11":"shipping-taxable","12":"product-type-simple"},"acf":[],"_links":{"self":[{"href":"https:\/\/coptering.beringserveis.eu\/fr\/wp-json\/wp\/v2\/product\/5720","targetHints":{"allow":["GET"]}}],"collection":[{"href":"https:\/\/coptering.beringserveis.eu\/fr\/wp-json\/wp\/v2\/product"}],"about":[{"href":"https:\/\/coptering.beringserveis.eu\/fr\/wp-json\/wp\/v2\/types\/product"}],"wp:featuredmedia":[{"embeddable":true,"href":"https:\/\/coptering.beringserveis.eu\/fr\/wp-json\/wp\/v2\/media\/4281"}],"wp:attachment":[{"href":"https:\/\/coptering.beringserveis.eu\/fr\/wp-json\/wp\/v2\/media?parent=5720"}],"wp:term":[{"taxonomy":"product_brand","embeddable":true,"href":"https:\/\/coptering.beringserveis.eu\/fr\/wp-json\/wp\/v2\/product_brand?post=5720"},{"taxonomy":"product_cat","embeddable":true,"href":"https:\/\/coptering.beringserveis.eu\/fr\/wp-json\/wp\/v2\/product_cat?post=5720"},{"taxonomy":"product_tag","embeddable":true,"href":"https:\/\/coptering.beringserveis.eu\/fr\/wp-json\/wp\/v2\/product_tag?post=5720"}],"curies":[{"name":"wp","href":"https:\/\/api.w.org\/{rel}","templated":true}]}}