{"id":5673,"date":"2023-12-30T08:32:41","date_gmt":"2023-12-30T07:32:41","guid":{"rendered":"https:\/\/coptering.beringserveis.eu\/product\/tour-de-montserrat\/"},"modified":"2026-02-19T07:53:35","modified_gmt":"2026-02-19T06:53:35","slug":"tour-de-montserrat","status":"publish","type":"product","link":"https:\/\/coptering.beringserveis.eu\/fr\/product\/tour-de-montserrat\/","title":{"rendered":"Tour de Montserrat"},"content":{"rendered":"<p>D\u00e9couvrez la majest\u00e9 de Montserrat lors d&rsquo;un vol en h\u00e9licopt\u00e8re inoubliable.<br \/>\nVivez une exp\u00e9rience a\u00e9rienne incomparable au-dessus de l&rsquo;un des joyaux naturels et spirituels les plus embl\u00e9matiques de Catalogne. Pendant le vol, vous profiterez de vues spectaculaires sur la montagne de Montserrat, sa silhouette incomparable et l&rsquo;imposant monast\u00e8re de Santa Maria, nich\u00e9 au milieu de formations rocheuses uniques au monde. <\/p>\n","protected":false},"excerpt":{"rendered":"<p>25 min &#8211; Maximum 5 personnes<\/p>\n","protected":false},"featured_media":4287,"template":"","meta":{"_acf_changed":false},"product_brand":[],"product_cat":[117],"product_tag":[141],"class_list":{"0":"post-5673","1":"product","2":"type-product","3":"status-publish","4":"has-post-thumbnail","6":"product_cat-les-visites-guidees","7":"product_tag-best-sellers","8":"tm-no-options","10":"first","11":"instock","12":"featured","13":"shipping-taxable","14":"product-type-simple"},"acf":[],"_links":{"self":[{"href":"https:\/\/coptering.beringserveis.eu\/fr\/wp-json\/wp\/v2\/product\/5673","targetHints":{"allow":["GET"]}}],"collection":[{"href":"https:\/\/coptering.beringserveis.eu\/fr\/wp-json\/wp\/v2\/product"}],"about":[{"href":"https:\/\/coptering.beringserveis.eu\/fr\/wp-json\/wp\/v2\/types\/product"}],"wp:featuredmedia":[{"embeddable":true,"href":"https:\/\/coptering.beringserveis.eu\/fr\/wp-json\/wp\/v2\/media\/4287"}],"wp:attachment":[{"href":"https:\/\/coptering.beringserveis.eu\/fr\/wp-json\/wp\/v2\/media?parent=5673"}],"wp:term":[{"taxonomy":"product_brand","embeddable":true,"href":"https:\/\/coptering.beringserveis.eu\/fr\/wp-json\/wp\/v2\/product_brand?post=5673"},{"taxonomy":"product_cat","embeddable":true,"href":"https:\/\/coptering.beringserveis.eu\/fr\/wp-json\/wp\/v2\/product_cat?post=5673"},{"taxonomy":"product_tag","embeddable":true,"href":"https:\/\/coptering.beringserveis.eu\/fr\/wp-json\/wp\/v2\/product_tag?post=5673"}],"curies":[{"name":"wp","href":"https:\/\/api.w.org\/{rel}","templated":true}]}}