{"id":5653,"date":"2025-11-19T18:59:23","date_gmt":"2025-11-19T17:59:23","guid":{"rendered":"https:\/\/coptering.beringserveis.eu\/product\/vol-dinitiation-2\/"},"modified":"2026-01-23T19:50:11","modified_gmt":"2026-01-23T18:50:11","slug":"vol-dinitiation-2","status":"publish","type":"product","link":"https:\/\/coptering.beringserveis.eu\/fr\/product\/vol-dinitiation-2\/","title":{"rendered":"Vol d&rsquo;initiation"},"content":{"rendered":"<p>Voulez-vous savoir ce que cela fait de piloter un h\u00e9licopt\u00e8re ? Chez Coptering, nous vous offrons l&rsquo;opportunit\u00e9 de le d\u00e9couvrir avec notre vol d&rsquo;initiation. Prenez les commandes du Guimbal Cabri G2 avec l&rsquo;un de nos instructeurs et apprenez les bases du pilotage d&rsquo;h\u00e9licopt\u00e8re.  <\/p>\n","protected":false},"excerpt":{"rendered":"<p>25 min &#8211; Maximum 5 personnes<\/p>\n","protected":false},"featured_media":4239,"template":"","meta":{"_acf_changed":false},"product_brand":[],"product_cat":[119],"product_tag":[],"class_list":{"0":"post-5653","1":"product","2":"type-product","3":"status-publish","4":"has-post-thumbnail","6":"product_cat-initiation","7":"tm-no-options","9":"first","10":"instock","11":"shipping-taxable","12":"product-type-simple"},"acf":[],"_links":{"self":[{"href":"https:\/\/coptering.beringserveis.eu\/fr\/wp-json\/wp\/v2\/product\/5653","targetHints":{"allow":["GET"]}}],"collection":[{"href":"https:\/\/coptering.beringserveis.eu\/fr\/wp-json\/wp\/v2\/product"}],"about":[{"href":"https:\/\/coptering.beringserveis.eu\/fr\/wp-json\/wp\/v2\/types\/product"}],"wp:featuredmedia":[{"embeddable":true,"href":"https:\/\/coptering.beringserveis.eu\/fr\/wp-json\/wp\/v2\/media\/4239"}],"wp:attachment":[{"href":"https:\/\/coptering.beringserveis.eu\/fr\/wp-json\/wp\/v2\/media?parent=5653"}],"wp:term":[{"taxonomy":"product_brand","embeddable":true,"href":"https:\/\/coptering.beringserveis.eu\/fr\/wp-json\/wp\/v2\/product_brand?post=5653"},{"taxonomy":"product_cat","embeddable":true,"href":"https:\/\/coptering.beringserveis.eu\/fr\/wp-json\/wp\/v2\/product_cat?post=5653"},{"taxonomy":"product_tag","embeddable":true,"href":"https:\/\/coptering.beringserveis.eu\/fr\/wp-json\/wp\/v2\/product_tag?post=5653"}],"curies":[{"name":"wp","href":"https:\/\/api.w.org\/{rel}","templated":true}]}}