{"id":4299,"date":"2025-03-01T09:25:41","date_gmt":"2025-03-01T08:25:41","guid":{"rendered":"https:\/\/coptering.beringserveis.eu\/product\/tour-de-la-costa-brava\/"},"modified":"2026-02-19T07:53:50","modified_gmt":"2026-02-19T06:53:50","slug":"tour-de-la-costa-brava","status":"publish","type":"product","link":"https:\/\/coptering.beringserveis.eu\/fr\/product\/tour-de-la-costa-brava\/","title":{"rendered":"Tour de la Costa Brava"},"content":{"rendered":"<p>Si vous aimez les paysages marins, vous adorerez ce vol en h\u00e9licopt\u00e8re au-dessus de la Costa Brava, car vous pourrez profiter de vues magnifiques sur les c\u00e9l\u00e8bres criques, plages et villages de cette r\u00e9gion c\u00f4ti\u00e8re embl\u00e9matique.<\/p>\n","protected":false},"excerpt":{"rendered":"<div class=\"elementor-element elementor-element-3d760c5 ob-has-background-overlay elementor-widget elementor-widget-woocommerce-product-short-description\" data-id=\"3d760c5\" data-element_type=\"widget\" data-settings=\"{\"_ob_widget_stalker_use\":\"no\",\"_ob_poopart_use\":\"yes\",\"_ob_shadough_use\":\"no\",\"_ob_allow_hoveranimator\":\"no\"}\" data-widget_type=\"woocommerce-product-short-description.default\">\n<div class=\"elementor-widget-container\">\n<div class=\"woocommerce-product-details__short-description\">\n<p>Si vous aimez les paysages marins, vous adorerez ce vol en h\u00e9licopt\u00e8re au-dessus de la Costa Brava, car vous pourrez profiter de vues magnifiques sur les c\u00e9l\u00e8bres criques, plages et villages de cette r\u00e9gion c\u00f4ti\u00e8re embl\u00e9matique.<\/p>\n<\/div>\n<\/div>\n<\/div>\n<div class=\"elementor-element elementor-element-e5299fe ob-harakiri-inherit ob-has-background-overlay elementor-widget elementor-widget-heading ob-harakiri\" data-id=\"e5299fe\" data-element_type=\"widget\" data-settings=\"{\"_ob_use_harakiri\":\"yes\",\"_ob_harakiri_writing_mode\":\"inherit\",\"_ob_harakiri_text_clip\":\"none\",\"_ob_widget_stalker_use\":\"no\",\"_ob_poopart_use\":\"yes\",\"_ob_shadough_use\":\"no\",\"_ob_allow_hoveranimator\":\"no\"}\" data-widget_type=\"heading.default\">\n<div class=\"elementor-widget-container\"><\/div>\n<\/div>\n","protected":false},"featured_media":6670,"template":"","meta":{"_acf_changed":false},"product_brand":[],"product_cat":[117],"product_tag":[],"class_list":{"0":"post-4299","1":"product","2":"type-product","3":"status-publish","4":"has-post-thumbnail","6":"product_cat-les-visites-guidees","7":"tm-no-options","9":"first","10":"instock","11":"shipping-taxable","12":"product-type-simple"},"acf":[],"_links":{"self":[{"href":"https:\/\/coptering.beringserveis.eu\/fr\/wp-json\/wp\/v2\/product\/4299","targetHints":{"allow":["GET"]}}],"collection":[{"href":"https:\/\/coptering.beringserveis.eu\/fr\/wp-json\/wp\/v2\/product"}],"about":[{"href":"https:\/\/coptering.beringserveis.eu\/fr\/wp-json\/wp\/v2\/types\/product"}],"wp:featuredmedia":[{"embeddable":true,"href":"https:\/\/coptering.beringserveis.eu\/fr\/wp-json\/wp\/v2\/media\/6670"}],"wp:attachment":[{"href":"https:\/\/coptering.beringserveis.eu\/fr\/wp-json\/wp\/v2\/media?parent=4299"}],"wp:term":[{"taxonomy":"product_brand","embeddable":true,"href":"https:\/\/coptering.beringserveis.eu\/fr\/wp-json\/wp\/v2\/product_brand?post=4299"},{"taxonomy":"product_cat","embeddable":true,"href":"https:\/\/coptering.beringserveis.eu\/fr\/wp-json\/wp\/v2\/product_cat?post=4299"},{"taxonomy":"product_tag","embeddable":true,"href":"https:\/\/coptering.beringserveis.eu\/fr\/wp-json\/wp\/v2\/product_tag?post=4299"}],"curies":[{"name":"wp","href":"https:\/\/api.w.org\/{rel}","templated":true}]}}