{"id":4296,"date":"2025-09-29T07:35:07","date_gmt":"2025-09-29T05:35:07","guid":{"rendered":"https:\/\/coptering.beringserveis.eu\/product\/vol-dinitiation\/"},"modified":"2026-01-23T19:50:12","modified_gmt":"2026-01-23T18:50:12","slug":"vol-dinitiation","status":"publish","type":"product","link":"https:\/\/coptering.beringserveis.eu\/fr\/product\/vol-dinitiation\/","title":{"rendered":"Pilote d&rsquo;un jour"},"content":{"rendered":"<p>Consid\u00e9rez cette exp\u00e9rience de vol comme votre introduction au monde de l&rsquo;aviation. Vous volerez avec un instructeur qualifi\u00e9 et vous prendrez les commandes pour apprendre les bases du pilotage d&rsquo;un h\u00e9licopt\u00e8re Cabri G2. Ce vol d&rsquo;initiation est le point de d\u00e9part id\u00e9al pour poursuivre votre r\u00eave de devenir un aviateur professionnel. Profitez de vues incroyables et, bien s\u00fbr, prenez les commandes vous-m\u00eame ! Il s&rsquo;agit d&rsquo;une exp\u00e9rience pratique, et nous vous promettons que vous ne serez pas d\u00e9\u00e7u ! Venez vivre le vol de votre vie avec Coptering.     <\/p>\n","protected":false},"excerpt":{"rendered":"<p>25 min &#8211; Maximum 5 personnes<\/p>\n","protected":false},"featured_media":5668,"template":"","meta":{"_acf_changed":false},"product_brand":[],"product_cat":[117,143],"product_tag":[],"class_list":{"0":"post-4296","1":"product","2":"type-product","3":"status-publish","4":"has-post-thumbnail","6":"product_cat-les-visites-guidees","7":"product_cat-pilote-dun-jour","8":"tm-no-options","10":"first","11":"instock","12":"shipping-taxable","13":"product-type-simple"},"acf":[],"_links":{"self":[{"href":"https:\/\/coptering.beringserveis.eu\/fr\/wp-json\/wp\/v2\/product\/4296","targetHints":{"allow":["GET"]}}],"collection":[{"href":"https:\/\/coptering.beringserveis.eu\/fr\/wp-json\/wp\/v2\/product"}],"about":[{"href":"https:\/\/coptering.beringserveis.eu\/fr\/wp-json\/wp\/v2\/types\/product"}],"wp:featuredmedia":[{"embeddable":true,"href":"https:\/\/coptering.beringserveis.eu\/fr\/wp-json\/wp\/v2\/media\/5668"}],"wp:attachment":[{"href":"https:\/\/coptering.beringserveis.eu\/fr\/wp-json\/wp\/v2\/media?parent=4296"}],"wp:term":[{"taxonomy":"product_brand","embeddable":true,"href":"https:\/\/coptering.beringserveis.eu\/fr\/wp-json\/wp\/v2\/product_brand?post=4296"},{"taxonomy":"product_cat","embeddable":true,"href":"https:\/\/coptering.beringserveis.eu\/fr\/wp-json\/wp\/v2\/product_cat?post=4296"},{"taxonomy":"product_tag","embeddable":true,"href":"https:\/\/coptering.beringserveis.eu\/fr\/wp-json\/wp\/v2\/product_tag?post=4296"}],"curies":[{"name":"wp","href":"https:\/\/api.w.org\/{rel}","templated":true}]}}