{"id":4282,"date":"2023-05-31T06:50:15","date_gmt":"2023-05-31T04:50:15","guid":{"rendered":"https:\/\/coptering.beringserveis.eu\/product\/barcelone-et-montserrat\/"},"modified":"2026-02-19T07:55:16","modified_gmt":"2026-02-19T06:55:16","slug":"barcelone-et-montserrat","status":"publish","type":"product","link":"https:\/\/coptering.beringserveis.eu\/fr\/product\/barcelone-et-montserrat\/","title":{"rendered":"Barcelone et Montserrat"},"content":{"rendered":"<p>Profitez d&rsquo;un agr\u00e9able vol en h\u00e9licopt\u00e8re pour d\u00e9couvrir cet incroyable joyau de la nature et ses environs.<\/p>\n","protected":false},"excerpt":{"rendered":"<p>25 min &#8211; Maximum 5 personnes<\/p>\n","protected":false},"featured_media":4994,"template":"","meta":{"_acf_changed":false},"product_brand":[],"product_cat":[117],"product_tag":[141],"class_list":{"0":"post-4282","1":"product","2":"type-product","3":"status-publish","4":"has-post-thumbnail","6":"product_cat-les-visites-guidees","7":"product_tag-best-sellers","8":"tm-no-options","10":"first","11":"instock","12":"featured","13":"shipping-taxable","14":"product-type-simple"},"acf":[],"_links":{"self":[{"href":"https:\/\/coptering.beringserveis.eu\/fr\/wp-json\/wp\/v2\/product\/4282","targetHints":{"allow":["GET"]}}],"collection":[{"href":"https:\/\/coptering.beringserveis.eu\/fr\/wp-json\/wp\/v2\/product"}],"about":[{"href":"https:\/\/coptering.beringserveis.eu\/fr\/wp-json\/wp\/v2\/types\/product"}],"wp:featuredmedia":[{"embeddable":true,"href":"https:\/\/coptering.beringserveis.eu\/fr\/wp-json\/wp\/v2\/media\/4994"}],"wp:attachment":[{"href":"https:\/\/coptering.beringserveis.eu\/fr\/wp-json\/wp\/v2\/media?parent=4282"}],"wp:term":[{"taxonomy":"product_brand","embeddable":true,"href":"https:\/\/coptering.beringserveis.eu\/fr\/wp-json\/wp\/v2\/product_brand?post=4282"},{"taxonomy":"product_cat","embeddable":true,"href":"https:\/\/coptering.beringserveis.eu\/fr\/wp-json\/wp\/v2\/product_cat?post=4282"},{"taxonomy":"product_tag","embeddable":true,"href":"https:\/\/coptering.beringserveis.eu\/fr\/wp-json\/wp\/v2\/product_tag?post=4282"}],"curies":[{"name":"wp","href":"https:\/\/api.w.org\/{rel}","templated":true}]}}