{"id":4272,"date":"2022-01-01T06:49:47","date_gmt":"2022-01-01T05:49:47","guid":{"rendered":"https:\/\/coptering.beringserveis.eu\/product\/tour-panoramique-de-barcelone\/"},"modified":"2026-02-19T07:53:44","modified_gmt":"2026-02-19T06:53:44","slug":"tour-panoramique-de-barcelone","status":"publish","type":"product","link":"https:\/\/coptering.beringserveis.eu\/fr\/product\/tour-panoramique-de-barcelone\/","title":{"rendered":"Tour panoramique de Barcelone"},"content":{"rendered":"<p>Survolez la ville de Barcelone en h\u00e9licopt\u00e8re, en profitant de vues magnifiques sur, entre autres, le Tibidabo, le Camp Nou, l&rsquo;Eixample, la Sagrada Fam\u00edlia, l&rsquo;Hospital de Sant Pau&#8230;<\/p>\n","protected":false},"excerpt":{"rendered":"<p>25 min &#8211; Maximum 5 personnes<\/p>\n","protected":false},"featured_media":10071,"template":"","meta":{"_acf_changed":false},"product_brand":[],"product_cat":[117],"product_tag":[141],"class_list":{"0":"post-4272","1":"product","2":"type-product","3":"status-publish","4":"has-post-thumbnail","6":"product_cat-les-visites-guidees","7":"product_tag-best-sellers","8":"tm-no-options","10":"first","11":"instock","12":"featured","13":"shipping-taxable","14":"product-type-simple"},"acf":[],"_links":{"self":[{"href":"https:\/\/coptering.beringserveis.eu\/fr\/wp-json\/wp\/v2\/product\/4272","targetHints":{"allow":["GET"]}}],"collection":[{"href":"https:\/\/coptering.beringserveis.eu\/fr\/wp-json\/wp\/v2\/product"}],"about":[{"href":"https:\/\/coptering.beringserveis.eu\/fr\/wp-json\/wp\/v2\/types\/product"}],"wp:featuredmedia":[{"embeddable":true,"href":"https:\/\/coptering.beringserveis.eu\/fr\/wp-json\/wp\/v2\/media\/10071"}],"wp:attachment":[{"href":"https:\/\/coptering.beringserveis.eu\/fr\/wp-json\/wp\/v2\/media?parent=4272"}],"wp:term":[{"taxonomy":"product_brand","embeddable":true,"href":"https:\/\/coptering.beringserveis.eu\/fr\/wp-json\/wp\/v2\/product_brand?post=4272"},{"taxonomy":"product_cat","embeddable":true,"href":"https:\/\/coptering.beringserveis.eu\/fr\/wp-json\/wp\/v2\/product_cat?post=4272"},{"taxonomy":"product_tag","embeddable":true,"href":"https:\/\/coptering.beringserveis.eu\/fr\/wp-json\/wp\/v2\/product_tag?post=4272"}],"curies":[{"name":"wp","href":"https:\/\/api.w.org\/{rel}","templated":true}]}}