{"id":10490,"date":"2025-09-29T17:58:02","date_gmt":"2025-09-29T15:58:02","guid":{"rendered":"https:\/\/coptering.beringserveis.eu\/?post_type=product&#038;p=10490"},"modified":"2026-03-11T11:21:33","modified_gmt":"2026-03-11T10:21:33","slug":"regalo-piloto-por-un-dia","status":"publish","type":"product","link":"https:\/\/coptering.beringserveis.eu\/fr\/product\/regalo-piloto-por-un-dia\/","title":{"rendered":"Regalo Piloto por un d\u00eda"},"content":{"rendered":"<p>Piensa en esta experiencia de vuelo como tu introducci\u00f3n al mundo de la aviaci\u00f3n. T\u00fa y un instructor cualificado volar\u00e9is y\u00a0 donde tomar\u00e1s los mandos y aprender\u00e1s los fundamentos del pilotaje de un Helic\u00f3ptero Cabri G2. Este vuelo introductorio es el punto de partida perfecto para perseguir tu sue\u00f1o de dedicarte profesionalmente a la aviaci\u00f3n. Disfruta de unas vistas incre\u00edbles y, por supuesto, \u00a1toma los mandos t\u00fa mismo! Se trata de una experiencia pr\u00e1ctica, \u00a1y te prometemos que no te decepcionar\u00e1! Ven a disfrutar del vuelo de tu vida con Coptering.<\/p>\n","protected":false},"excerpt":{"rendered":"<p>25 min &#8211; M\u00e1ximo 5 personas<\/p>\n","protected":false},"featured_media":4944,"template":"","meta":{"_acf_changed":false},"product_brand":[],"product_cat":[57],"product_tag":[],"class_list":{"0":"post-10490","1":"product","2":"type-product","3":"status-publish","4":"has-post-thumbnail","6":"product_cat-regalos","7":"tm-has-options","9":"first","10":"instock","11":"virtual","12":"sold-individually","13":"purchasable","14":"product-type-simple"},"acf":[],"_links":{"self":[{"href":"https:\/\/coptering.beringserveis.eu\/fr\/wp-json\/wp\/v2\/product\/10490","targetHints":{"allow":["GET"]}}],"collection":[{"href":"https:\/\/coptering.beringserveis.eu\/fr\/wp-json\/wp\/v2\/product"}],"about":[{"href":"https:\/\/coptering.beringserveis.eu\/fr\/wp-json\/wp\/v2\/types\/product"}],"wp:featuredmedia":[{"embeddable":true,"href":"https:\/\/coptering.beringserveis.eu\/fr\/wp-json\/wp\/v2\/media\/4944"}],"wp:attachment":[{"href":"https:\/\/coptering.beringserveis.eu\/fr\/wp-json\/wp\/v2\/media?parent=10490"}],"wp:term":[{"taxonomy":"product_brand","embeddable":true,"href":"https:\/\/coptering.beringserveis.eu\/fr\/wp-json\/wp\/v2\/product_brand?post=10490"},{"taxonomy":"product_cat","embeddable":true,"href":"https:\/\/coptering.beringserveis.eu\/fr\/wp-json\/wp\/v2\/product_cat?post=10490"},{"taxonomy":"product_tag","embeddable":true,"href":"https:\/\/coptering.beringserveis.eu\/fr\/wp-json\/wp\/v2\/product_tag?post=10490"}],"curies":[{"name":"wp","href":"https:\/\/api.w.org\/{rel}","templated":true}]}}