{"id":5781,"date":"2025-10-08T17:01:55","date_gmt":"2025-10-08T15:01:55","guid":{"rendered":"https:\/\/coptering.beringserveis.eu\/politique-de-confidentialite\/"},"modified":"2025-11-24T08:26:53","modified_gmt":"2025-11-24T07:26:53","slug":"politique-de-confidentialite","status":"publish","type":"page","link":"https:\/\/coptering.beringserveis.eu\/fr\/politique-de-confidentialite\/","title":{"rendered":"Politique de confidentialit\u00e9"},"content":{"rendered":"\t\t<div data-elementor-type=\"wp-page\" data-elementor-id=\"5781\" class=\"elementor elementor-5781 elementor-1106\" data-elementor-post-type=\"page\">\n\t\t\t\t<div class=\"elementor-element elementor-element-5e747ce6 e-flex e-con-boxed e-con e-parent\" data-id=\"5e747ce6\" data-element_type=\"container\" data-e-type=\"container\" data-settings=\"{&quot;background_background&quot;:&quot;classic&quot;}\">\n\t\t\t\t\t<div class=\"e-con-inner\">\n\t\t\t\t<div class=\"elementor-element elementor-element-de90f7e elementor-widget elementor-widget-heading\" data-id=\"de90f7e\" data-element_type=\"widget\" data-e-type=\"widget\" data-widget_type=\"heading.default\">\n\t\t\t\t\t<h2 class=\"elementor-heading-title elementor-size-default\">Politique de confidentialit\u00e9<\/h2>\t\t\t\t<\/div>\n\t\t\t\t\t<\/div>\n\t\t\t\t<\/div>\n\t\t<div class=\"elementor-element elementor-element-a9f7467 e-flex e-con-boxed e-con e-parent\" data-id=\"a9f7467\" data-element_type=\"container\" data-e-type=\"container\">\n\t\t\t\t\t<div class=\"e-con-inner\">\n\t\t<div class=\"elementor-element elementor-element-a5e7935 e-con-full e-flex e-con e-child\" data-id=\"a5e7935\" data-element_type=\"container\" data-e-type=\"container\">\n\t\t\t\t<div class=\"elementor-element elementor-element-722020a elementor-widget elementor-widget-heading\" data-id=\"722020a\" data-element_type=\"widget\" data-e-type=\"widget\" data-widget_type=\"heading.default\">\n\t\t\t\t\t<h2 class=\"elementor-heading-title elementor-size-default\">1. le sujet<\/h2>\t\t\t\t<\/div>\n\t\t\t\t<div data-dce-text-color=\"#0F0F0F\" class=\"elementor-element elementor-element-9477a58 elementor-widget elementor-widget-text-editor\" data-id=\"9477a58\" data-element_type=\"widget\" data-e-type=\"widget\" data-widget_type=\"text-editor.default\">\n\t\t\t\t\t\t\t\t\t<p class=\"p1\">En utilisant ce site web, les applications et\/ou en communiquant par voie \u00e9lectronique avec COPTERING, des donn\u00e9es personnelles de chaque utilisateur peuvent \u00eatre collect\u00e9es et trait\u00e9es, le traitement de ces donn\u00e9es \u00e9tant r\u00e9gi par la pr\u00e9sente politique de confidentialit\u00e9 (\u00ab\u00a0politique de confidentialit\u00e9\u00a0\u00bb).<\/p>\t\t\t\t\t\t\t\t<\/div>\n\t\t\t\t<div class=\"elementor-element elementor-element-cba46f6 elementor-widget elementor-widget-heading\" data-id=\"cba46f6\" data-element_type=\"widget\" data-e-type=\"widget\" data-widget_type=\"heading.default\">\n\t\t\t\t\t<h2 class=\"elementor-heading-title elementor-size-default\">2. le responsable du traitement des donn\u00e9es<\/h2>\t\t\t\t<\/div>\n\t\t\t\t<div data-dce-text-color=\"#0F0F0F\" class=\"elementor-element elementor-element-6ac8ffa elementor-widget elementor-widget-text-editor\" data-id=\"6ac8ffa\" data-element_type=\"widget\" data-e-type=\"widget\" data-widget_type=\"text-editor.default\">\n\t\t\t\t\t\t\t\t\t<p class=\"p1\">Le responsable du traitement des donn\u00e9es personnelles fournies par l&rsquo;Utilisateur \u00e0 travers le Site Web et les Applications est Coptering S.L., dont le si\u00e8ge social est situ\u00e9 C\/Numancia 185 3\u00ba 2a, 08034, Barcelone (Espagne). L&rsquo;Utilisateur peut contacter le d\u00e9l\u00e9gu\u00e9 \u00e0 la protection des donn\u00e9es de Coptering \u00e0 l&rsquo;adresse \u00e9lectronique suivante : lpd@coptering.com <\/p>\t\t\t\t\t\t\t\t<\/div>\n\t\t\t\t<div class=\"elementor-element elementor-element-000a23d elementor-widget elementor-widget-heading\" data-id=\"000a23d\" data-element_type=\"widget\" data-e-type=\"widget\" data-widget_type=\"heading.default\">\n\t\t\t\t\t<h2 class=\"elementor-heading-title elementor-size-default\">  3. Donn\u00e9es collect\u00e9es<\/h2>\t\t\t\t<\/div>\n\t\t\t\t<div data-dce-text-color=\"#0F0F0F\" class=\"elementor-element elementor-element-3d39d37 elementor-widget elementor-widget-text-editor\" data-id=\"3d39d37\" data-element_type=\"widget\" data-e-type=\"widget\" data-widget_type=\"text-editor.default\">\n\t\t\t\t\t\t\t\t\t<p class=\"p1\">Les types de donn\u00e9es personnelles que nous collectons et traitons aupr\u00e8s des utilisateurs du site web et des applications sont les suivants : Adresse IP, Cookies et similaires. L&rsquo;adresse IP est un code qui identifie la connexion Internet de l&rsquo;utilisateur \u00e0 un moment pr\u00e9cis, et les cookies sont des fichiers qui sont t\u00e9l\u00e9charg\u00e9s sur le navigateur de l&rsquo;utilisateur et qui peuvent \u00eatre lus ult\u00e9rieurement par le site Web. Toutefois, il n&rsquo;est pas possible de conna\u00eetre l&rsquo;identit\u00e9 de l&rsquo;utilisateur gr\u00e2ce \u00e0 ces donn\u00e9es, \u00e0 moins que l&rsquo;utilisateur ne fournisse des informations suppl\u00e9mentaires par d&rsquo;autres moyens.  <\/p><p class=\"p1\">Abonnement \u00e0 nos lettres d&rsquo;information et\/ou publications. Les donn\u00e9es collect\u00e9es seront les donn\u00e9es d&rsquo;identification n\u00e9cessaires pour vous envoyer le contenu auquel vous vous \u00eates abonn\u00e9. Inscription \u00e0 des \u00e9v\u00e9nements et activit\u00e9s similaires. Les donn\u00e9es collect\u00e9es seront les donn\u00e9es d&rsquo;identification n\u00e9cessaires \u00e0 la gestion de votre participation, telles que votre nom, pr\u00e9nom, adresse \u00e9lectronique, &#8230;&#8230;.. De m\u00eame, ces \u00e9v\u00e9nements peuvent \u00eatre reproduits en direct dans leur int\u00e9gralit\u00e9, photographi\u00e9s et\/ou enregistr\u00e9s, par cons\u00e9quent, dans ces cas, votre image peut \u00eatre publi\u00e9e dans les canaux et m\u00e9dias de communication internes et externes de Coptering, ainsi que dans l&rsquo;environnement en ligne (web, r\u00e9seaux sociaux, plateformes num\u00e9riques, etc.), dans le seul but d&rsquo;informer sur l&rsquo;activit\u00e9 r\u00e9alis\u00e9e par la soci\u00e9t\u00e9. En vous inscrivant \u00e0 l&rsquo;\u00e9v\u00e9nement, vous serez inform\u00e9 de ce qui pr\u00e9c\u00e8de et l&rsquo;accepterez.<\/p>\t\t\t\t\t\t\t\t<\/div>\n\t\t\t\t<div class=\"elementor-element elementor-element-a931176 elementor-widget elementor-widget-heading\" data-id=\"a931176\" data-element_type=\"widget\" data-e-type=\"widget\" data-widget_type=\"heading.default\">\n\t\t\t\t\t<h2 class=\"elementor-heading-title elementor-size-default\">4. Finalit\u00e9s du traitement  <\/h2>\t\t\t\t<\/div>\n\t\t\t\t<div data-dce-text-color=\"#0F0F0F\" class=\"elementor-element elementor-element-9aa8e25 elementor-widget elementor-widget-text-editor\" data-id=\"9aa8e25\" data-element_type=\"widget\" data-e-type=\"widget\" data-widget_type=\"text-editor.default\">\n\t\t\t\t\t\t\t\t\t<p class=\"p1\">Les donn\u00e9es personnelles des utilisateurs seront collect\u00e9es et trait\u00e9es dans le but de g\u00e9rer la relation avec Coptering, leur inscription \u00e0 des \u00e9v\u00e9nements et\/ou la r\u00e9ception de bulletins d&rsquo;information, en tant que point de contact pour la soci\u00e9t\u00e9 susmentionn\u00e9e, pour g\u00e9rer l&rsquo;utilisation du site Web et, lorsque la r\u00e9glementation applicable le permet, pour l&rsquo;envoi r\u00e9current d&rsquo;informations ou d&rsquo;\u00e9v\u00e9nements \u00e0 des fins de diffusion et d&rsquo;enseignement dans le domaine des activit\u00e9s professionnelles promues par Coptering. Vos donn\u00e9es personnelles seront \u00e9galement collect\u00e9es et trait\u00e9es afin de r\u00e9pondre \u00e0 toute demande ou question que vous pourriez envoyer via le site Web ou les applications. <\/p>\t\t\t\t\t\t\t\t<\/div>\n\t\t\t\t<div class=\"elementor-element elementor-element-039931b elementor-widget elementor-widget-heading\" data-id=\"039931b\" data-element_type=\"widget\" data-e-type=\"widget\" data-widget_type=\"heading.default\">\n\t\t\t\t\t<h2 class=\"elementor-heading-title elementor-size-default\">5. L\u00e9gitimation et r\u00e9tention  <\/h2>\t\t\t\t<\/div>\n\t\t\t\t<div data-dce-text-color=\"#0F0F0F\" class=\"elementor-element elementor-element-af7c1e7 elementor-widget elementor-widget-text-editor\" data-id=\"af7c1e7\" data-element_type=\"widget\" data-e-type=\"widget\" data-widget_type=\"text-editor.default\">\n\t\t\t\t\t\t\t\t\t<p class=\"p1\">La l\u00e9gitimit\u00e9 du traitement de l&rsquo;adresse IP r\u00e9side dans la n\u00e9cessit\u00e9 de permettre la connexion avec le site web par le biais d&rsquo;Internet, ce qui constitue l&rsquo;int\u00e9r\u00eat l\u00e9gitime de Coptering dans le cas du maintien de la relation existante avec l&rsquo;utilisateur ainsi que de l&rsquo;envoi d&rsquo;informations.<span class=\"Apple-converted-space\">  <\/span>et les activit\u00e9s de l&rsquo;entreprise. Dans le cas de l&rsquo;abonnement \u00e0 nos publications et\/ou \u00e9v\u00e9nements, ainsi que de la demande d&rsquo;informations ou de certains services par les utilisateurs, la l\u00e9gitimation sera le consentement de l&rsquo;utilisateur lui-m\u00eame. Coptering collectera et traitera donc vos donn\u00e9es tant que la relation restera en vigueur et que, le cas \u00e9ch\u00e9ant, l&rsquo;Utilisateur ne r\u00e9voquera pas le consentement donn\u00e9 au traitement de ses donn\u00e9es. En tout \u00e9tat de cause, lorsque les donn\u00e9es personnelles ne sont plus n\u00e9cessaires \u00e0 la finalit\u00e9 pour laquelle elles ont \u00e9t\u00e9 collect\u00e9es, et tant qu&rsquo;il existe des responsabilit\u00e9s l\u00e9gales ou contractuelles qui exigent leur conservation, elles seront conserv\u00e9es sous forme bloqu\u00e9e jusqu&rsquo;\u00e0 leur suppression d\u00e9finitive. Dans le cas o\u00f9 les donn\u00e9es sont trait\u00e9es pour l&rsquo;envoi de communications, elles peuvent \u00eatre conserv\u00e9es tant que l&rsquo;utilisateur ne s&rsquo;oppose pas \u00e0 la r\u00e9ception de ces communications par l&rsquo;un des moyens mis \u00e0 sa disposition.    <\/p>\t\t\t\t\t\t\t\t<\/div>\n\t\t\t\t<div class=\"elementor-element elementor-element-5868628 elementor-widget elementor-widget-heading\" data-id=\"5868628\" data-element_type=\"widget\" data-e-type=\"widget\" data-widget_type=\"heading.default\">\n\t\t\t\t\t<h2 class=\"elementor-heading-title elementor-size-default\">6. La communication<\/h2>\t\t\t\t<\/div>\n\t\t\t\t<div data-dce-text-color=\"#0F0F0F\" class=\"elementor-element elementor-element-6aacfd1 elementor-widget elementor-widget-text-editor\" data-id=\"6aacfd1\" data-element_type=\"widget\" data-e-type=\"widget\" data-widget_type=\"text-editor.default\">\n\t\t\t\t\t\t\t\t\t<p class=\"p1\">Coptering ne communiquera pas ces donn\u00e9es \u00e0 des tiers, sauf si cela est strictement n\u00e9cessaire pour g\u00e9rer et maintenir la relation avec Coptering ou avec votre autorisation pr\u00e9alable. En particulier, seuls les tiers auxquels Coptering est contractuellement ou l\u00e9galement tenu de fournir des donn\u00e9es personnelles y auront acc\u00e8s. <\/p>\t\t\t\t\t\t\t\t<\/div>\n\t\t\t\t<div class=\"elementor-element elementor-element-2e202dd elementor-widget elementor-widget-heading\" data-id=\"2e202dd\" data-element_type=\"widget\" data-e-type=\"widget\" data-widget_type=\"heading.default\">\n\t\t\t\t\t<h2 class=\"elementor-heading-title elementor-size-default\">7. Les droits<\/h2>\t\t\t\t<\/div>\n\t\t\t\t<div data-dce-text-color=\"#0F0F0F\" class=\"elementor-element elementor-element-5ed52ce elementor-widget elementor-widget-text-editor\" data-id=\"5ed52ce\" data-element_type=\"widget\" data-e-type=\"widget\" data-widget_type=\"text-editor.default\">\n\t\t\t\t\t\t\t\t\t<p class=\"p1\">Nous vous informons que les utilisateurs ont le droit d&rsquo;exercer \u00e0 tout moment, dans les termes \u00e9tablis par la l\u00e9gislation en vigueur, leurs droits d&rsquo;acc\u00e8s, de rectification ou de suppression des donn\u00e9es, de demander la limitation du traitement, de s&rsquo;opposer au traitement, de demander la portabilit\u00e9 de leurs donn\u00e9es, ainsi que de r\u00e9voquer le consentement donn\u00e9, en \u00e9crivant \u00e0 l&rsquo;adresse C\/Numancia 185 3\u00ba 2a ou \u00e0 l&rsquo;adresse \u00e9lectronique lpd@coptering.com, en indiquant clairement le droit qu&rsquo;ils souhaitent exercer et en joignant leur carte d&rsquo;identit\u00e9 nationale ou un document d&rsquo;identification similaire qui prouve leur identit\u00e9. Vous pouvez \u00e9galement d\u00e9poser une plainte aupr\u00e8s de l&rsquo;Agence espagnole de protection des donn\u00e9es ou de l&rsquo;autorit\u00e9 comp\u00e9tente en mati\u00e8re de protection des donn\u00e9es. Dans le cas o\u00f9 l&rsquo;utilisateur nous fournirait des donn\u00e9es personnelles de tiers, l&rsquo;utilisateur garantit qu&rsquo;il les a inform\u00e9s, avant leur inclusion, des points contenus dans la pr\u00e9sente politique de confidentialit\u00e9, \u00e9tant personnellement responsable envers Coptering de tout dommage pouvant survenir en cas d&rsquo;infraction. L&rsquo;utilisateur s&rsquo;engage \u00e0 notifier tout changement ou modification des donn\u00e9es personnelles qu&rsquo;il a fournies. Toute perte ou tout dommage caus\u00e9 au site Web ou aux applications, \u00e0 Coptering ou \u00e0 un tiers par la communication d&rsquo;informations erron\u00e9es, inexactes ou incompl\u00e8tes rel\u00e8ve de la responsabilit\u00e9 unique et exclusive de l&rsquo;utilisateur.    <\/p>\t\t\t\t\t\t\t\t<\/div>\n\t\t\t\t<\/div>\n\t\t\t\t\t<\/div>\n\t\t\t\t<\/div>\n\t\t\t\t<\/div>\n\t\t","protected":false},"excerpt":{"rendered":"<p>Politique de confidentialit\u00e9 1. le sujet En utilisant ce site web, les applications et\/ou en communiquant par voie \u00e9lectronique avec COPTERING, des donn\u00e9es personnelles de chaque utilisateur peuvent \u00eatre collect\u00e9es et trait\u00e9es, le traitement de ces donn\u00e9es \u00e9tant r\u00e9gi par la pr\u00e9sente politique de confidentialit\u00e9 (\u00ab\u00a0politique de confidentialit\u00e9\u00a0\u00bb). 2. le responsable du traitement des donn\u00e9es [&hellip;]<\/p>\n","protected":false},"author":1,"featured_media":0,"parent":0,"menu_order":0,"comment_status":"closed","ping_status":"closed","template":"elementor_header_footer","meta":{"_acf_changed":false,"footnotes":""},"class_list":["post-5781","page","type-page","status-publish","hentry"],"acf":[],"_links":{"self":[{"href":"https:\/\/coptering.beringserveis.eu\/fr\/wp-json\/wp\/v2\/pages\/5781","targetHints":{"allow":["GET"]}}],"collection":[{"href":"https:\/\/coptering.beringserveis.eu\/fr\/wp-json\/wp\/v2\/pages"}],"about":[{"href":"https:\/\/coptering.beringserveis.eu\/fr\/wp-json\/wp\/v2\/types\/page"}],"author":[{"embeddable":true,"href":"https:\/\/coptering.beringserveis.eu\/fr\/wp-json\/wp\/v2\/users\/1"}],"replies":[{"embeddable":true,"href":"https:\/\/coptering.beringserveis.eu\/fr\/wp-json\/wp\/v2\/comments?post=5781"}],"version-history":[{"count":0,"href":"https:\/\/coptering.beringserveis.eu\/fr\/wp-json\/wp\/v2\/pages\/5781\/revisions"}],"wp:attachment":[{"href":"https:\/\/coptering.beringserveis.eu\/fr\/wp-json\/wp\/v2\/media?parent=5781"}],"curies":[{"name":"wp","href":"https:\/\/api.w.org\/{rel}","templated":true}]}}