{"id":5515,"date":"2025-10-08T16:55:13","date_gmt":"2025-10-08T14:55:13","guid":{"rendered":"https:\/\/coptering.beringserveis.eu\/modalites-et-conditions\/"},"modified":"2025-11-24T08:23:16","modified_gmt":"2025-11-24T07:23:16","slug":"modalites-et-conditions","status":"publish","type":"page","link":"https:\/\/coptering.beringserveis.eu\/fr\/modalites-et-conditions\/","title":{"rendered":"Modalit\u00e9s et conditions"},"content":{"rendered":"\t\t<div data-elementor-type=\"wp-page\" data-elementor-id=\"5515\" class=\"elementor elementor-5515 elementor-1107\" data-elementor-post-type=\"page\">\n\t\t\t\t<div class=\"elementor-element elementor-element-5e747ce6 e-flex e-con-boxed e-con e-parent\" data-id=\"5e747ce6\" data-element_type=\"container\" data-e-type=\"container\" data-settings=\"{&quot;background_background&quot;:&quot;classic&quot;}\">\n\t\t\t\t\t<div class=\"e-con-inner\">\n\t\t\t\t<div class=\"elementor-element elementor-element-de90f7e elementor-widget elementor-widget-heading\" data-id=\"de90f7e\" data-element_type=\"widget\" data-e-type=\"widget\" data-widget_type=\"heading.default\">\n\t\t\t\t\t<h2 class=\"elementor-heading-title elementor-size-default\">Modalit\u00e9s et conditions<\/h2>\t\t\t\t<\/div>\n\t\t\t\t\t<\/div>\n\t\t\t\t<\/div>\n\t\t<div class=\"elementor-element elementor-element-a9f7467 e-flex e-con-boxed e-con e-parent\" data-id=\"a9f7467\" data-element_type=\"container\" data-e-type=\"container\">\n\t\t\t\t\t<div class=\"e-con-inner\">\n\t\t<div class=\"elementor-element elementor-element-a5e7935 e-con-full e-flex e-con e-child\" data-id=\"a5e7935\" data-element_type=\"container\" data-e-type=\"container\">\n\t\t\t\t<div data-dce-text-color=\"#0F0F0F\" class=\"elementor-element elementor-element-c0ad1b7 elementor-widget elementor-widget-text-editor\" data-id=\"c0ad1b7\" data-element_type=\"widget\" data-e-type=\"widget\" data-widget_type=\"text-editor.default\">\n\t\t\t\t\t\t\t\t\t<ul class=\"ul1\"><span data-mce-type=\"bookmark\" style=\"display: inline-block; width: 0px; overflow: hidden; line-height: 0;\" class=\"mce_SELRES_start\"><\/span><li class=\"li1\"><span class=\"s1\">Le vol est autoris\u00e9 \u00e0 partir de 2 ans.<\/span><\/li><li class=\"li1\"><span class=\"s1\">Les personnes \u00e0 mobilit\u00e9 r\u00e9duite peuvent prendre l&rsquo;avion mais doivent \u00eatre accompagn\u00e9es et assist\u00e9es (si notre personnel de s\u00e9curit\u00e9 le juge n\u00e9cessaire, il pourra leur \u00eatre demand\u00e9 de fournir un rapport sur leur situation au moment de la r\u00e9servation afin de leur offrir la meilleure exp\u00e9rience possible). <\/span><span class=\"s2\">. <\/span><span class=\"s1\">Les personnes qui transportent un syst\u00e8me m\u00e9dical externe au moment du vol ne sont pas autoris\u00e9es \u00e0 voler).<\/span><\/li><li class=\"li1\"><span class=\"s1\">Les personnes souffrant d&rsquo;une maladie ou d&rsquo;un handicap physique ou mental qui les emp\u00eache de voler ne sont pas autoris\u00e9es \u00e0 prendre l&rsquo;avion.<\/span><\/li><li class=\"li1\"><span class=\"s1\">Pour des raisons de s\u00e9curit\u00e9, les personnes pesant plus de 120 kilos occuperont deux si\u00e8ges, qui devront \u00eatre pay\u00e9s avant le vol.<\/span><\/li><li class=\"li1\"><span class=\"s1\">Les animaux ne peuvent pas voler.<\/span><\/li><li class=\"li1\"><span class=\"s1\">La dur\u00e9e de nos vols peut varier en fonction de l&rsquo;itin\u00e9raire emprunt\u00e9, du trafic a\u00e9rien ou des conditions m\u00e9t\u00e9orologiques.<\/span><\/li><li class=\"li1\"><span class=\"s1\">La compagnie se r\u00e9serve le droit d&rsquo;annuler ou de modifier les vols en fonction des conditions m\u00e9t\u00e9orologiques, techniques ou administratives. Dans ce cas, le vol sera reprogramm\u00e9 ou l&rsquo;argent sera rembours\u00e9. <\/span><\/li><li class=\"li1\"><span class=\"s1\">Vous devez vous pr\u00e9senter au contr\u00f4le de s\u00e9curit\u00e9 avec votre passeport ou votre carte d&rsquo;identit\u00e9.<\/span><\/li><li class=\"li1\"><span class=\"s1\">Tous les voyageurs doivent passer par la d\u00e9tection des m\u00e9taux et le contr\u00f4le des bagages.<\/span><\/li><li class=\"li1\"><span class=\"s1\">Avant l&#8217;embarquement, vous recevrez un briefing et une liste de contr\u00f4le de s\u00e9curit\u00e9 avant le vol.<\/span><\/li><li class=\"li1\">Pour des raisons de s\u00e9curit\u00e9 et de stabilit\u00e9 de l&rsquo;h\u00e9licopt\u00e8re, le personnel charg\u00e9 du briefing de s\u00e9curit\u00e9 assignera la position de chaque passager en fonction de son poids et sous la supervision du pilote.<\/li><li class=\"li1\"><span class=\"s1\">Le vol se d\u00e9roulera entre 2 000 et 3 500 pieds au-dessus du niveau de la mer.<\/span><\/li><li class=\"li1\"><span class=\"s1\">Vous pourrez prendre des photos pendant le vol<\/span><\/li><li class=\"li1\"><span class=\"s1\">Il est interdit de manger, de boire et de fumer pendant la visite.<\/span><\/li><li class=\"li1\"><span class=\"s1\">Il est interdit de retirer les syst\u00e8mes de s\u00e9curit\u00e9 ou de se d\u00e9placer de son si\u00e8ge pendant le vol.<\/span><\/li><li class=\"li1\">Pour des raisons de s\u00e9curit\u00e9, vous ne pouvez pas porter les objets suivants : sacs \u00e0 dos, sacs, \u00e9charpes, chapeaux et b\u00e2tons d&rsquo;appareil photo ou similaires.<\/li><li class=\"li1\">Pour des raisons de s\u00e9curit\u00e9, il est interdit de transporter les objets suivants : armes, munitions, piles au lithium de rechange ou en vrac, bouteilles de gaz toxiques ou inflammables, sprays, thermom\u00e8tres ou autres.<\/li><li class=\"li1\">Pendant le vol, vos appareils \u00e9lectroniques doivent rester en \u00ab\u00a0mode avion\u00a0\u00bb.<\/li><li class=\"li1\"><span class=\"s1\">PROTECTION DES DONN\u00c9ES PERSONNELLES. Coptering garantit le respect du R\u00e8glement LOPDGDD, RGPD 2016\/679 en corr\u00e9lation avec la LO 03\/2018 du 5 d\u00e9cembre, et de ses r\u00e8glements d&rsquo;application et, \u00e0 cette fin, s&rsquo;engage \u00e0 : (i) utiliser les donn\u00e9es personnelles auxquelles il a acc\u00e8s uniquement et exclusivement dans le respect des finalit\u00e9s pour lesquelles elles sont demand\u00e9es ; (II) observer et adopter les mesures de s\u00e9curit\u00e9 n\u00e9cessaires pour garantir la confidentialit\u00e9, le secret et l&rsquo;int\u00e9grit\u00e9 des donn\u00e9es personnelles auxquelles il a acc\u00e8s, ainsi qu&rsquo;adopter \u00e0 l&rsquo;avenir les mesures de s\u00e9curit\u00e9 requises par les lois et r\u00e8glements visant \u00e0 pr\u00e9server le secret, la confidentialit\u00e9 et l&rsquo;int\u00e9grit\u00e9 dans le cadre du traitement automatis\u00e9 des donn\u00e9es \u00e0 caract\u00e8re personnel ; (iii) ne c\u00e9der en aucun cas \u00e0 des tiers les donn\u00e9es personnelles auxquelles il a acc\u00e8s, m\u00eame aux fins de leur conservation ; (iv) d\u00e9truire les donn\u00e9es fournies par la personne une fois \u00e9puis\u00e9e la finalit\u00e9 pour laquelle elles ont \u00e9t\u00e9 demand\u00e9es ; (v) fournir \u00e0 la personne l&rsquo;exercice de tout droit d&rsquo;acc\u00e8s, de rectification et d&rsquo;annulation des donn\u00e9es personnelles dont elle est titulaire. Pour demander des informations et v\u00e9rifier le respect par la personne des dispositions de la pr\u00e9sente clause, ainsi que pour exercer les droits susmentionn\u00e9s ou, en g\u00e9n\u00e9ral, pour tout autre type de communication \u00e0 ce sujet, Coptering d\u00e9signe les coordonn\u00e9es qui figurent dans la zone Contact de son site web.<\/span><\/li><li class=\"li1\">MESURES COVIDES &#8211; Chez Coptering, nous nous engageons \u00e0 assurer la s\u00e9curit\u00e9 et \u00e0 prendre soin de nos clients et de nos employ\u00e9s, c&rsquo;est pourquoi nous nous effor\u00e7ons de garantir une exp\u00e9rience de vol confortable et saine.<\/li><li class=\"li1\">Notre entreprise maintient des protocoles de nettoyage extr\u00eamement exigeants pour les h\u00e9licopt\u00e8res et autres installations, mais elle a augment\u00e9 le nombre de nettoyages en profondeur pour d\u00e9sinfecter l&rsquo;ensemble de la flotte avec des produits sp\u00e9cifiques parfaitement capables de tuer le coronavirus.<\/li><li class=\"li1\">Les passagers reconnaissent par la pr\u00e9sente qu&rsquo;ils ne pr\u00e9sentent pas, et n&rsquo;ont pas pr\u00e9sent\u00e9 au cours des dix derniers jours, de sympt\u00f4mes correspondant \u00e0 une infection par le COVID-19, qu&rsquo;ils n&rsquo;ont pas \u00e9t\u00e9 diagnostiqu\u00e9s comme ayant contract\u00e9 le virus et qu&rsquo;ils ne sont pas en isolement ou en quarantaine \u00e0 domicile en raison d&rsquo;un contact \u00e9troit avec une personne pr\u00e9sentant des sympt\u00f4mes suspects ou ayant \u00e9t\u00e9 diagnostiqu\u00e9e comme ayant contract\u00e9 le COVID-19.<\/li><\/ul>\t\t\t\t\t\t\t\t<\/div>\n\t\t\t\t<\/div>\n\t\t\t\t\t<\/div>\n\t\t\t\t<\/div>\n\t\t\t\t<\/div>\n\t\t","protected":false},"excerpt":{"rendered":"<p>Modalit\u00e9s et conditions Le vol est autoris\u00e9 \u00e0 partir de 2 ans. Les personnes \u00e0 mobilit\u00e9 r\u00e9duite peuvent prendre l&rsquo;avion mais doivent \u00eatre accompagn\u00e9es et assist\u00e9es (si notre personnel de s\u00e9curit\u00e9 le juge n\u00e9cessaire, il pourra leur \u00eatre demand\u00e9 de fournir un rapport sur leur situation au moment de la r\u00e9servation afin de leur offrir [&hellip;]<\/p>\n","protected":false},"author":1,"featured_media":0,"parent":0,"menu_order":0,"comment_status":"closed","ping_status":"closed","template":"elementor_header_footer","meta":{"_acf_changed":false,"footnotes":""},"class_list":["post-5515","page","type-page","status-publish","hentry"],"acf":[],"_links":{"self":[{"href":"https:\/\/coptering.beringserveis.eu\/fr\/wp-json\/wp\/v2\/pages\/5515","targetHints":{"allow":["GET"]}}],"collection":[{"href":"https:\/\/coptering.beringserveis.eu\/fr\/wp-json\/wp\/v2\/pages"}],"about":[{"href":"https:\/\/coptering.beringserveis.eu\/fr\/wp-json\/wp\/v2\/types\/page"}],"author":[{"embeddable":true,"href":"https:\/\/coptering.beringserveis.eu\/fr\/wp-json\/wp\/v2\/users\/1"}],"replies":[{"embeddable":true,"href":"https:\/\/coptering.beringserveis.eu\/fr\/wp-json\/wp\/v2\/comments?post=5515"}],"version-history":[{"count":0,"href":"https:\/\/coptering.beringserveis.eu\/fr\/wp-json\/wp\/v2\/pages\/5515\/revisions"}],"wp:attachment":[{"href":"https:\/\/coptering.beringserveis.eu\/fr\/wp-json\/wp\/v2\/media?parent=5515"}],"curies":[{"name":"wp","href":"https:\/\/api.w.org\/{rel}","templated":true}]}}