{"id":5480,"date":"2025-10-08T17:58:30","date_gmt":"2025-10-08T15:58:30","guid":{"rendered":"https:\/\/coptering.beringserveis.eu\/politique-de-securite-de-linformation\/"},"modified":"2025-11-24T08:22:50","modified_gmt":"2025-11-24T07:22:50","slug":"politique-de-securite-de-linformation","status":"publish","type":"page","link":"https:\/\/coptering.beringserveis.eu\/fr\/politique-de-securite-de-linformation\/","title":{"rendered":"Politique de s\u00e9curit\u00e9 de l&rsquo;information"},"content":{"rendered":"\t\t<div data-elementor-type=\"wp-page\" data-elementor-id=\"5480\" class=\"elementor elementor-5480 elementor-1104\" data-elementor-post-type=\"page\">\n\t\t\t\t<div class=\"elementor-element elementor-element-5e747ce6 e-flex e-con-boxed e-con e-parent\" data-id=\"5e747ce6\" data-element_type=\"container\" data-e-type=\"container\" data-settings=\"{&quot;background_background&quot;:&quot;classic&quot;}\">\n\t\t\t\t\t<div class=\"e-con-inner\">\n\t\t\t\t<div class=\"elementor-element elementor-element-de90f7e elementor-widget elementor-widget-heading\" data-id=\"de90f7e\" data-element_type=\"widget\" data-e-type=\"widget\" data-widget_type=\"heading.default\">\n\t\t\t\t\t<h2 class=\"elementor-heading-title elementor-size-default\">Politique de s\u00e9curit\u00e9 de l'information<\/h2>\t\t\t\t<\/div>\n\t\t\t\t\t<\/div>\n\t\t\t\t<\/div>\n\t\t<div class=\"elementor-element elementor-element-a9f7467 e-flex e-con-boxed e-con e-parent\" data-id=\"a9f7467\" data-element_type=\"container\" data-e-type=\"container\">\n\t\t\t\t\t<div class=\"e-con-inner\">\n\t\t<div class=\"elementor-element elementor-element-a5e7935 e-con-full e-flex e-con e-child\" data-id=\"a5e7935\" data-element_type=\"container\" data-e-type=\"container\">\n\t\t\t\t<div data-dce-text-color=\"#0F0F0F\" class=\"elementor-element elementor-element-c0ad1b7 elementor-widget elementor-widget-text-editor\" data-id=\"c0ad1b7\" data-element_type=\"widget\" data-e-type=\"widget\" data-widget_type=\"text-editor.default\">\n\t\t\t\t\t\t\t\t\t<p>Coptering, SL est une soci\u00e9t\u00e9 de services de premier plan qui offre une large gamme de services sp\u00e9cialis\u00e9s dans le transport public de passagers, la formation a\u00e9ronautique, le tournage\/la photographie a\u00e9riens et la maintenance d&rsquo;a\u00e9ronefs. Nous disposons d&rsquo;une flotte moderne d&rsquo;h\u00e9licopt\u00e8res de pointe et d&rsquo;un personnel hautement qualifi\u00e9. Notre mission est d&rsquo;aider activement nos clients \u00e0 prosp\u00e9rer en utilisant des techniques organisationnelles innovantes et les derni\u00e8res technologies de l&rsquo;information. <\/p>\t\t\t\t\t\t\t\t<\/div>\n\t\t\t\t<div data-dce-text-color=\"#0F0F0F\" class=\"elementor-element elementor-element-103eebb elementor-widget elementor-widget-text-editor\" data-id=\"103eebb\" data-element_type=\"widget\" data-e-type=\"widget\" data-widget_type=\"text-editor.default\">\n\t\t\t\t\t\t\t\t\t<p>Les objectifs fondamentaux de notre syst\u00e8me de gestion de la s\u00e9curit\u00e9 de l&rsquo;information sont les suivants :<\/p><ul><li>Prot\u00e9ger les actifs informationnels en fonction de leur valeur ou de leur importance.<\/li><li>Assurer la confidentialit\u00e9, la disponibilit\u00e9 et l&rsquo;int\u00e9grit\u00e9 des informations.<\/li><li>G\u00e9rer les risques identifi\u00e9s avec diligence.<\/li><li>Pr\u00e9server la vie priv\u00e9e des clients, des employ\u00e9s, des fournisseurs et des tiers.<\/li><li>Veiller au respect des exigences applicables, en particulier des exigences l\u00e9gales.<\/li><li>Am\u00e9liorer en permanence le syst\u00e8me de s\u00e9curit\u00e9 de l&rsquo;information.<\/li><\/ul>\t\t\t\t\t\t\t\t<\/div>\n\t\t\t\t<div data-dce-text-color=\"#0F0F0F\" class=\"elementor-element elementor-element-6d25356 elementor-widget elementor-widget-text-editor\" data-id=\"6d25356\" data-element_type=\"widget\" data-e-type=\"widget\" data-widget_type=\"text-editor.default\">\n\t\t\t\t\t\t\t\t\t<p>Pour atteindre ces objectifs, la direction de cette entreprise s&rsquo;est fermement engag\u00e9e \u00e0 optimiser sa politique de s\u00e9curit\u00e9 de l&rsquo;information sur la base des facteurs suivants :<\/p><ul><li><strong>Pr\u00e9vention des risques :<\/strong> \u00c9tablir les lignes directrices et les moyens n\u00e9cessaires en termes de pr\u00e9vention des risques avec l&rsquo;objectif fondamental d&rsquo;\u00e9liminer ou d&rsquo;att\u00e9nuer les risques.<\/li><li><strong>Engagement en faveur de la protection de l&rsquo;environnement :<\/strong> R\u00e9duire et pr\u00e9venir les impacts environnementaux g\u00e9n\u00e9r\u00e9s par nos activit\u00e9s, produits ou services.<\/li><li><strong>Exigences l\u00e9gales<\/strong>: comprendre les exigences l\u00e9gales et autres sp\u00e9cifi\u00e9es par nos clients comme un ensemble d&rsquo;exigences minimales \u00e0 respecter.<\/li><li><strong>Diffusion :<\/strong> diffuser et promouvoir l&rsquo;am\u00e9lioration de la s\u00e9curit\u00e9 de l&rsquo;information.<\/li><li>Parties prenantes <strong>:<\/strong> participation conjointe avec toutes les parties prenantes \u00e0 l&rsquo;am\u00e9lioration de la s\u00e9curit\u00e9 de l&rsquo;information.<\/li><li><strong>Formation :<\/strong> formation constante de tous nos professionnels en mati\u00e8re de connaissances et de comp\u00e9tences techniques, encourageant leur participation et leur engagement \u00e0 l&rsquo;\u00e9gard de cette politique, de l&rsquo;am\u00e9lioration du syst\u00e8me et de la s\u00e9curit\u00e9 de l&rsquo;information.<\/li><li><strong>Suivi<\/strong>: \u00e9tablir des indicateurs \u00e0 tous les niveaux pour nous permettre de prendre des d\u00e9cisions fond\u00e9es sur des donn\u00e9es probantes.<\/li><li><strong>Am\u00e9lioration continue :<\/strong> \u00c9tablir et r\u00e9viser p\u00e9riodiquement des objectifs et des cibles, qui fournissent un cadre pour l&rsquo;am\u00e9lioration continue des processus et du d\u00e9veloppement durable.<\/li><li><strong>Analyser<\/strong>: Analyser et \u00e9valuer les \u00e9carts qui peuvent survenir dans la s\u00e9curit\u00e9 de l&rsquo;information et \u00e9tablir les actions correctives n\u00e9cessaires et les possibilit\u00e9s d&rsquo;am\u00e9lioration.<\/li><li><strong>Syst\u00e8me int\u00e9gr\u00e9 :<\/strong> d\u00e9veloppement participatif de tous les groupes de l&rsquo;organisation, \u00e0 tous les niveaux, conscients de leur contribution aux objectifs du syst\u00e8me et des r\u00e9percussions de la non-conformit\u00e9.<\/li><\/ul>\t\t\t\t\t\t\t\t<\/div>\n\t\t\t\t<\/div>\n\t\t\t\t\t<\/div>\n\t\t\t\t<\/div>\n\t\t\t\t<\/div>\n\t\t","protected":false},"excerpt":{"rendered":"<p>Politique de s\u00e9curit\u00e9 de l&rsquo;information Coptering, SL est une soci\u00e9t\u00e9 de services de premier plan qui offre une large gamme de services sp\u00e9cialis\u00e9s dans le transport public de passagers, la formation a\u00e9ronautique, le tournage\/la photographie a\u00e9riens et la maintenance d&rsquo;a\u00e9ronefs. Nous disposons d&rsquo;une flotte moderne d&rsquo;h\u00e9licopt\u00e8res de pointe et d&rsquo;un personnel hautement qualifi\u00e9. Notre mission [&hellip;]<\/p>\n","protected":false},"author":1,"featured_media":0,"parent":0,"menu_order":0,"comment_status":"closed","ping_status":"closed","template":"elementor_header_footer","meta":{"_acf_changed":false,"footnotes":""},"class_list":["post-5480","page","type-page","status-publish","hentry"],"acf":[],"_links":{"self":[{"href":"https:\/\/coptering.beringserveis.eu\/fr\/wp-json\/wp\/v2\/pages\/5480","targetHints":{"allow":["GET"]}}],"collection":[{"href":"https:\/\/coptering.beringserveis.eu\/fr\/wp-json\/wp\/v2\/pages"}],"about":[{"href":"https:\/\/coptering.beringserveis.eu\/fr\/wp-json\/wp\/v2\/types\/page"}],"author":[{"embeddable":true,"href":"https:\/\/coptering.beringserveis.eu\/fr\/wp-json\/wp\/v2\/users\/1"}],"replies":[{"embeddable":true,"href":"https:\/\/coptering.beringserveis.eu\/fr\/wp-json\/wp\/v2\/comments?post=5480"}],"version-history":[{"count":0,"href":"https:\/\/coptering.beringserveis.eu\/fr\/wp-json\/wp\/v2\/pages\/5480\/revisions"}],"wp:attachment":[{"href":"https:\/\/coptering.beringserveis.eu\/fr\/wp-json\/wp\/v2\/media?parent=5480"}],"curies":[{"name":"wp","href":"https:\/\/api.w.org\/{rel}","templated":true}]}}