{"id":5473,"date":"2025-10-09T06:09:11","date_gmt":"2025-10-09T04:09:11","guid":{"rendered":"https:\/\/coptering.beringserveis.eu\/politique-en-matiere-de-systeme-de-gestion-integre\/"},"modified":"2025-11-24T08:22:49","modified_gmt":"2025-11-24T07:22:49","slug":"politique-en-matiere-de-systeme-de-gestion-integre","status":"publish","type":"page","link":"https:\/\/coptering.beringserveis.eu\/fr\/politique-en-matiere-de-systeme-de-gestion-integre\/","title":{"rendered":"Politique en mati\u00e8re de syst\u00e8me de gestion int\u00e9gr\u00e9"},"content":{"rendered":"\t\t<div data-elementor-type=\"wp-page\" data-elementor-id=\"5473\" class=\"elementor elementor-5473 elementor-1103\" data-elementor-post-type=\"page\">\n\t\t\t\t<div class=\"elementor-element elementor-element-5e747ce6 e-flex e-con-boxed e-con e-parent\" data-id=\"5e747ce6\" data-element_type=\"container\" data-e-type=\"container\" data-settings=\"{&quot;background_background&quot;:&quot;classic&quot;}\">\n\t\t\t\t\t<div class=\"e-con-inner\">\n\t\t\t\t<div class=\"elementor-element elementor-element-de90f7e elementor-widget elementor-widget-heading\" data-id=\"de90f7e\" data-element_type=\"widget\" data-e-type=\"widget\" data-widget_type=\"heading.default\">\n\t\t\t\t\t<h2 class=\"elementor-heading-title elementor-size-default\">Politique en mati\u00e8re de syst\u00e8me de gestion int\u00e9gr\u00e9<\/h2>\t\t\t\t<\/div>\n\t\t\t\t\t<\/div>\n\t\t\t\t<\/div>\n\t\t<div class=\"elementor-element elementor-element-a9f7467 e-flex e-con-boxed e-con e-parent\" data-id=\"a9f7467\" data-element_type=\"container\" data-e-type=\"container\">\n\t\t\t\t\t<div class=\"e-con-inner\">\n\t\t<div class=\"elementor-element elementor-element-a5e7935 e-con-full e-flex e-con e-child\" data-id=\"a5e7935\" data-element_type=\"container\" data-e-type=\"container\">\n\t\t\t\t<div class=\"elementor-element elementor-element-7114911 elementor-widget elementor-widget-image\" data-id=\"7114911\" data-element_type=\"widget\" data-e-type=\"widget\" data-widget_type=\"image.default\">\n\t\t\t\t\t\t\t\t\t\t\t\t\t\t\t<img decoding=\"async\" width=\"140\" height=\"63\" src=\"https:\/\/coptering.beringserveis.eu\/wp-content\/uploads\/2025\/10\/logo-white-coptering-copia.png\" class=\"attachment-full size-full wp-image-5474\" alt=\"\" \/>\t\t\t\t\t\t\t\t\t\t\t\t\t\t\t<\/div>\n\t\t\t\t<\/div>\n\t\t<div class=\"elementor-element elementor-element-8c05284 e-con-full e-flex e-con e-child\" data-id=\"8c05284\" data-element_type=\"container\" data-e-type=\"container\">\n\t\t\t\t<div class=\"elementor-element elementor-element-a637bc0 elementor-widget elementor-widget-text-editor\" data-id=\"a637bc0\" data-element_type=\"widget\" data-e-type=\"widget\" data-widget_type=\"text-editor.default\">\n\t\t\t\t\t\t\t\t\t<p><strong>Rev.<\/strong> 0 <br><strong>Date<\/strong>: 09\/02\/2025<\/p>\t\t\t\t\t\t\t\t<\/div>\n\t\t\t\t<\/div>\n\t\t<div class=\"elementor-element elementor-element-2dd957f e-con-full e-flex e-con e-child\" data-id=\"2dd957f\" data-element_type=\"container\" data-e-type=\"container\">\n\t\t\t\t<div class=\"elementor-element elementor-element-2918f9f elementor-widget elementor-widget-text-editor\" data-id=\"2918f9f\" data-element_type=\"widget\" data-e-type=\"widget\" data-widget_type=\"text-editor.default\">\n\t\t\t\t\t\t\t\t\t<p><strong>COPTERING<\/strong> <br>AEROPUERTO DE SABADELL <br>Carretera de Bellatera s\/n.<br>08205 Sabadell, Barcelona<\/p>\t\t\t\t\t\t\t\t<\/div>\n\t\t\t\t<\/div>\n\t\t<div class=\"elementor-element elementor-element-51af532 e-con-full e-flex e-con e-child\" data-id=\"51af532\" data-element_type=\"container\" data-e-type=\"container\">\n\t\t\t\t<div data-dce-text-color=\"#0F0F0F\" class=\"elementor-element elementor-element-594935a elementor-widget elementor-widget-text-editor\" data-id=\"594935a\" data-element_type=\"widget\" data-e-type=\"widget\" data-widget_type=\"text-editor.default\">\n\t\t\t\t\t\t\t\t\t<p class=\"p1\"><strong>Coptering<\/strong> est une entreprise sp\u00e9cialis\u00e9e dans les services a\u00e9riens avanc\u00e9s, qui propose des solutions de transport de passagers, des formations a\u00e9ronautiques et des op\u00e9rations sp\u00e9cialis\u00e9es. Notre exp\u00e9rience va des vols commerciaux et des missions de reconnaissance aux op\u00e9rations de fret externe et aux tournages a\u00e9riens, en mettant toujours l&rsquo;accent sur la s\u00e9curit\u00e9, l&rsquo;efficacit\u00e9 et la durabilit\u00e9. <\/p><p class=\"p1\">Notre flotte moderne d&rsquo;h\u00e9licopt\u00e8res et notre \u00e9quipe hautement qualifi\u00e9e nous permettent d&rsquo;offrir des services avec les plus hauts standards de qualit\u00e9 et de s\u00e9curit\u00e9, soutenus par une technologie avanc\u00e9e et des m\u00e9thodologies innovantes. Notre syst\u00e8me de gestion int\u00e9gr\u00e9 (IMS), bas\u00e9 sur les principes de qualit\u00e9, d&rsquo;environnement, de sant\u00e9 et de s\u00e9curit\u00e9 au travail, <br>poursuit les objectifs fondamentaux suivants :<\/p><ul><li class=\"p1\"><strong>Qualit\u00e9<\/strong>: satisfaire les besoins et les attentes de nos clients, en garantissant des services d&rsquo;excellence et une am\u00e9lioration continue.<\/li><li class=\"p1\">L&rsquo;<strong>environnement<\/strong>: R\u00e9duire et pr\u00e9venir l&rsquo;impact de nos activit\u00e9s sur l&rsquo;environnement, en promouvant le d\u00e9veloppement durable.<\/li><li class=\"p1\"><strong>Sant\u00e9 et s\u00e9curit\u00e9 au travail<\/strong>: prot\u00e9ger l&rsquo;int\u00e9grit\u00e9 et le bien-\u00eatre de nos employ\u00e9s et des tiers par la pr\u00e9vention des risques professionnels <br>.<\/li><\/ul><p>Afin d&rsquo;atteindre ces objectifs, la direction de Coptering s&rsquo;est fermement engag\u00e9e \u00e0 optimiser son syst\u00e8me de gestion int\u00e9gr\u00e9 au moyen des principes suivants :<\/p><ul><li><strong>Conformit\u00e9 juridique<\/strong>: assurer la conformit\u00e9 avec les exigences l\u00e9gales et autres applicables \u00e0 nos activit\u00e9s.<\/li><li><strong>\u00c9limination des dangers et r\u00e9duction des risques<\/strong>: garantir l&rsquo;\u00e9limination des dangers et la r\u00e9duction des risques pour la sant\u00e9 et la s\u00e9curit\u00e9 au travail, ainsi que fournir des conditions de travail s\u00fbres et saines pour pr\u00e9venir la d\u00e9t\u00e9rioration de la sant\u00e9 li\u00e9e au travail.<\/li><li><strong>Protection de l&rsquo;environnement<\/strong>: Mettre en \u0153uvre des pratiques durables qui minimisent notre empreinte \u00e9cologique et encouragent l&rsquo;utilisation efficace des ressources. Cela inclut la pr\u00e9vention de la pollution, l&rsquo;utilisation durable des ressources et l&rsquo;att\u00e9nuation du changement climatique. <\/li><li><strong>Sensibilisation et formation<\/strong>: former en permanence nos employ\u00e9s \u00e0 la s\u00e9curit\u00e9, \u00e0 l&rsquo;environnement, \u00e0 la qualit\u00e9 et \u00e0 la protection de l&rsquo;information, en promouvant une culture de l&rsquo;am\u00e9lioration continue.<\/li><li><strong>Participation et dialogue<\/strong>: encourager la communication et la collaboration avec les salari\u00e9s, les clients, les fournisseurs et les autres parties int\u00e9ress\u00e9es en vue d&rsquo;am\u00e9liorer l&rsquo;IMS. La consultation et la participation des employ\u00e9s en mati\u00e8re de sant\u00e9 et de s\u00e9curit\u00e9 au travail sont assur\u00e9es. <\/li><li><strong>Suivi et \u00e9valuation<\/strong>: \u00c9tablir des indicateurs de performance pour \u00e9valuer l&rsquo;efficacit\u00e9 du SIG et prendre des d\u00e9cisions fond\u00e9es sur des donn\u00e9es probantes.<\/li><li><strong>Am\u00e9lioration continue<\/strong>: examiner p\u00e9riodiquement nos processus, \u00e9tablir des actions correctives et des possibilit\u00e9s d&rsquo;am\u00e9lioration <br>qui contribuent au d\u00e9veloppement durable et \u00e0 l&rsquo;excellence op\u00e9rationnelle.<\/li><\/ul><p>Cette politique est p\u00e9riodiquement r\u00e9vis\u00e9e et communiqu\u00e9e \u00e0 l&rsquo;ensemble de l&rsquo;organisation, ce qui garantit sa mise en \u0153uvre et son engagement \u00e0 tous les niveaux. <strong>Coptering<\/strong> r\u00e9affirme ainsi son engagement en faveur de la qualit\u00e9, de la protection de l&rsquo;environnement, de la sant\u00e9 et de la s\u00e9curit\u00e9 au travail et de la s\u00e9curit\u00e9 de l&rsquo;information, en veillant \u00e0 respecter les exigences de ses clients et de la soci\u00e9t\u00e9 en g\u00e9n\u00e9ral. <\/p>\t\t\t\t\t\t\t\t<\/div>\n\t\t\t\t<div class=\"elementor-element elementor-element-766b393 elementor-widget elementor-widget-image\" data-id=\"766b393\" data-element_type=\"widget\" data-e-type=\"widget\" data-widget_type=\"image.default\">\n\t\t\t\t\t\t\t\t\t\t\t\t\t\t\t<img fetchpriority=\"high\" decoding=\"async\" width=\"581\" height=\"291\" src=\"https:\/\/coptering.beringserveis.eu\/wp-content\/uploads\/2025\/10\/firma.jpg\" class=\"attachment-full size-full wp-image-5475\" alt=\"\" srcset=\"https:\/\/coptering.beringserveis.eu\/wp-content\/uploads\/2025\/10\/firma.jpg 581w, https:\/\/coptering.beringserveis.eu\/wp-content\/uploads\/2025\/10\/firma-300x150.jpg 300w\" sizes=\"(max-width: 581px) 100vw, 581px\" \/>\t\t\t\t\t\t\t\t\t\t\t\t\t\t\t<\/div>\n\t\t\t\t<\/div>\n\t\t\t\t\t<\/div>\n\t\t\t\t<\/div>\n\t\t\t\t<\/div>\n\t\t","protected":false},"excerpt":{"rendered":"<p>Politique en mati\u00e8re de syst\u00e8me de gestion int\u00e9gr\u00e9 Rev. 0 Date: 09\/02\/2025 COPTERING AEROPUERTO DE SABADELL Carretera de Bellatera s\/n.08205 Sabadell, Barcelona Coptering est une entreprise sp\u00e9cialis\u00e9e dans les services a\u00e9riens avanc\u00e9s, qui propose des solutions de transport de passagers, des formations a\u00e9ronautiques et des op\u00e9rations sp\u00e9cialis\u00e9es. Notre exp\u00e9rience va des vols commerciaux et des [&hellip;]<\/p>\n","protected":false},"author":1,"featured_media":0,"parent":0,"menu_order":0,"comment_status":"closed","ping_status":"closed","template":"elementor_header_footer","meta":{"_acf_changed":false,"footnotes":""},"class_list":["post-5473","page","type-page","status-publish","hentry"],"acf":[],"_links":{"self":[{"href":"https:\/\/coptering.beringserveis.eu\/fr\/wp-json\/wp\/v2\/pages\/5473","targetHints":{"allow":["GET"]}}],"collection":[{"href":"https:\/\/coptering.beringserveis.eu\/fr\/wp-json\/wp\/v2\/pages"}],"about":[{"href":"https:\/\/coptering.beringserveis.eu\/fr\/wp-json\/wp\/v2\/types\/page"}],"author":[{"embeddable":true,"href":"https:\/\/coptering.beringserveis.eu\/fr\/wp-json\/wp\/v2\/users\/1"}],"replies":[{"embeddable":true,"href":"https:\/\/coptering.beringserveis.eu\/fr\/wp-json\/wp\/v2\/comments?post=5473"}],"version-history":[{"count":0,"href":"https:\/\/coptering.beringserveis.eu\/fr\/wp-json\/wp\/v2\/pages\/5473\/revisions"}],"wp:attachment":[{"href":"https:\/\/coptering.beringserveis.eu\/fr\/wp-json\/wp\/v2\/media?parent=5473"}],"curies":[{"name":"wp","href":"https:\/\/api.w.org\/{rel}","templated":true}]}}