{"id":5458,"date":"2025-10-09T06:37:56","date_gmt":"2025-10-09T04:37:56","guid":{"rendered":"https:\/\/coptering.beringserveis.eu\/politique-dannulation\/"},"modified":"2025-11-24T08:22:31","modified_gmt":"2025-11-24T07:22:31","slug":"politique-dannulation","status":"publish","type":"page","link":"https:\/\/coptering.beringserveis.eu\/fr\/politique-dannulation\/","title":{"rendered":"Politique d&rsquo;annulation"},"content":{"rendered":"\t\t<div data-elementor-type=\"wp-page\" data-elementor-id=\"5458\" class=\"elementor elementor-5458 elementor-1102\" data-elementor-post-type=\"page\">\n\t\t\t\t<div class=\"elementor-element elementor-element-5e747ce6 e-flex e-con-boxed e-con e-parent\" data-id=\"5e747ce6\" data-element_type=\"container\" data-e-type=\"container\" data-settings=\"{&quot;background_background&quot;:&quot;classic&quot;}\">\n\t\t\t\t\t<div class=\"e-con-inner\">\n\t\t\t\t<div class=\"elementor-element elementor-element-de90f7e elementor-widget elementor-widget-heading\" data-id=\"de90f7e\" data-element_type=\"widget\" data-e-type=\"widget\" data-widget_type=\"heading.default\">\n\t\t\t\t\t<h2 class=\"elementor-heading-title elementor-size-default\">Politique d'annulation<\/h2>\t\t\t\t<\/div>\n\t\t\t\t\t<\/div>\n\t\t\t\t<\/div>\n\t\t<div class=\"elementor-element elementor-element-a9f7467 e-flex e-con-boxed e-con e-parent\" data-id=\"a9f7467\" data-element_type=\"container\" data-e-type=\"container\">\n\t\t\t\t\t<div class=\"e-con-inner\">\n\t\t<div class=\"elementor-element elementor-element-a5e7935 e-con-full e-flex e-con e-child\" data-id=\"a5e7935\" data-element_type=\"container\" data-e-type=\"container\">\n\t\t\t\t<div class=\"elementor-element elementor-element-8ecc384 elementor-widget elementor-widget-heading\" data-id=\"8ecc384\" data-element_type=\"widget\" data-e-type=\"widget\" data-widget_type=\"heading.default\">\n\t\t\t\t\t<h2 class=\"elementor-heading-title elementor-size-default\">1) Annulation par le Coptering :<\/h2>\t\t\t\t<\/div>\n\t\t\t\t<div data-dce-text-color=\"#0F0F0F\" class=\"elementor-element elementor-element-61788a4 elementor-widget elementor-widget-text-editor\" data-id=\"61788a4\" data-element_type=\"widget\" data-e-type=\"widget\" data-widget_type=\"text-editor.default\">\n\t\t\t\t\t\t\t\t\t<ul><li class=\"p1\"><strong>Conditions m\u00e9t\u00e9orologiques<\/strong>: En cas de conditions m\u00e9t\u00e9orologiques d\u00e9favorables emp\u00eachant le d\u00e9roulement du vol en toute s\u00e9curit\u00e9, Coptering se r\u00e9serve le droit d&rsquo;annuler le vol. Dans ce cas, le vol sera reprogramm\u00e9 \u00e0 une date qui conviendra au client. <\/li><li class=\"p1\"><strong>Probl\u00e8mes techniques<\/strong>: En cas de probl\u00e8mes techniques affectant la s\u00e9curit\u00e9 du vol, Coptering annulera le vol et le reprogrammera \u00e0 une date convenant au client.<\/li><\/ul>\t\t\t\t\t\t\t\t<\/div>\n\t\t\t\t<div class=\"elementor-element elementor-element-81a98ef elementor-widget elementor-widget-heading\" data-id=\"81a98ef\" data-element_type=\"widget\" data-e-type=\"widget\" data-widget_type=\"heading.default\">\n\t\t\t\t\t<h2 class=\"elementor-heading-title elementor-size-default\">2. Annulation par le client<\/h2>\t\t\t\t<\/div>\n\t\t\t\t<div data-dce-text-color=\"#0F0F0F\" class=\"elementor-element elementor-element-aea78a2 elementor-widget elementor-widget-text-editor\" data-id=\"aea78a2\" data-element_type=\"widget\" data-e-type=\"widget\" data-widget_type=\"text-editor.default\">\n\t\t\t\t\t\t\t\t\t<ul><li class=\"p1\"><strong>Annulation ou changement de date<\/strong>: Les clients peuvent annuler ou modifier la date de leur r\u00e9servation \u00e0 condition de le faire au moins 48 heures \u00e0 l&rsquo;avance. Dans ce cas, Coptering reprogrammera le vol \u00e0 une date qui convient au client. <\/li><li class=\"p1\"><strong>Remboursements<\/strong>: les demandes de remboursement doivent \u00eatre faites dans les d\u00e9lais (48 heures avant le vol) et sont soumises aux conditions d&rsquo;annulation sp\u00e9cifi\u00e9es.<\/li><\/ul><p>Pour plus d&rsquo;informations ou d&rsquo;assistance, veuillez nous contacter par courriel \u00e0 <a href=\"mailto:tours@coptering.com\">tours@coptering.com<\/a> ou par t\u00e9l\u00e9phone au (+34) 648 440 979.<\/p>\t\t\t\t\t\t\t\t<\/div>\n\t\t\t\t<\/div>\n\t\t\t\t\t<\/div>\n\t\t\t\t<\/div>\n\t\t\t\t<\/div>\n\t\t","protected":false},"excerpt":{"rendered":"<p>Politique d&rsquo;annulation 1) Annulation par le Coptering : Conditions m\u00e9t\u00e9orologiques: En cas de conditions m\u00e9t\u00e9orologiques d\u00e9favorables emp\u00eachant le d\u00e9roulement du vol en toute s\u00e9curit\u00e9, Coptering se r\u00e9serve le droit d&rsquo;annuler le vol. Dans ce cas, le vol sera reprogramm\u00e9 \u00e0 une date qui conviendra au client. Probl\u00e8mes techniques: En cas de probl\u00e8mes techniques affectant la [&hellip;]<\/p>\n","protected":false},"author":1,"featured_media":0,"parent":0,"menu_order":0,"comment_status":"closed","ping_status":"closed","template":"elementor_header_footer","meta":{"_acf_changed":false,"footnotes":""},"class_list":["post-5458","page","type-page","status-publish","hentry"],"acf":[],"_links":{"self":[{"href":"https:\/\/coptering.beringserveis.eu\/fr\/wp-json\/wp\/v2\/pages\/5458","targetHints":{"allow":["GET"]}}],"collection":[{"href":"https:\/\/coptering.beringserveis.eu\/fr\/wp-json\/wp\/v2\/pages"}],"about":[{"href":"https:\/\/coptering.beringserveis.eu\/fr\/wp-json\/wp\/v2\/types\/page"}],"author":[{"embeddable":true,"href":"https:\/\/coptering.beringserveis.eu\/fr\/wp-json\/wp\/v2\/users\/1"}],"replies":[{"embeddable":true,"href":"https:\/\/coptering.beringserveis.eu\/fr\/wp-json\/wp\/v2\/comments?post=5458"}],"version-history":[{"count":0,"href":"https:\/\/coptering.beringserveis.eu\/fr\/wp-json\/wp\/v2\/pages\/5458\/revisions"}],"wp:attachment":[{"href":"https:\/\/coptering.beringserveis.eu\/fr\/wp-json\/wp\/v2\/media?parent=5458"}],"curies":[{"name":"wp","href":"https:\/\/api.w.org\/{rel}","templated":true}]}}