{"id":10279,"date":"2025-08-25T07:11:37","date_gmt":"2025-08-25T05:11:37","guid":{"rendered":"https:\/\/coptering.beringserveis.eu\/?post_type=product&#038;p=10279"},"modified":"2026-03-11T08:35:22","modified_gmt":"2026-03-11T07:35:22","slug":"regalo-tour-valles","status":"publish","type":"product","link":"https:\/\/coptering.beringserveis.eu\/en\/product\/regalo-tour-valles\/","title":{"rendered":"Regalo Tour vall\u00e9s"},"content":{"rendered":"<p>Imagina tu primera vez en helic\u00f3ptero sobrevolando la belleza del Vall\u00e9s. Una experiencia \u00fanica para descubrir la zona desde el aire, con vistas espectaculares y toda la emoci\u00f3n de volar como nunca antes.<\/p>\n","protected":false},"excerpt":{"rendered":"<p>Imagina tu primera vez en helic\u00f3ptero sobrevolando la belleza del Vall\u00e9s. Una experiencia \u00fanica para descubrir la zona desde el aire, con vistas espectaculares y toda la emoci\u00f3n de volar como nunca antes.<\/p>\n","protected":false},"featured_media":10152,"template":"","meta":{"_acf_changed":false},"product_brand":[],"product_cat":[57],"product_tag":[],"class_list":{"0":"post-10279","1":"product","2":"type-product","3":"status-publish","4":"has-post-thumbnail","6":"product_cat-regalos","7":"tm-has-options","9":"first","10":"instock","11":"featured","12":"virtual","13":"purchasable","14":"product-type-simple"},"acf":[],"_links":{"self":[{"href":"https:\/\/coptering.beringserveis.eu\/en\/wp-json\/wp\/v2\/product\/10279","targetHints":{"allow":["GET"]}}],"collection":[{"href":"https:\/\/coptering.beringserveis.eu\/en\/wp-json\/wp\/v2\/product"}],"about":[{"href":"https:\/\/coptering.beringserveis.eu\/en\/wp-json\/wp\/v2\/types\/product"}],"wp:featuredmedia":[{"embeddable":true,"href":"https:\/\/coptering.beringserveis.eu\/en\/wp-json\/wp\/v2\/media\/10152"}],"wp:attachment":[{"href":"https:\/\/coptering.beringserveis.eu\/en\/wp-json\/wp\/v2\/media?parent=10279"}],"wp:term":[{"taxonomy":"product_brand","embeddable":true,"href":"https:\/\/coptering.beringserveis.eu\/en\/wp-json\/wp\/v2\/product_brand?post=10279"},{"taxonomy":"product_cat","embeddable":true,"href":"https:\/\/coptering.beringserveis.eu\/en\/wp-json\/wp\/v2\/product_cat?post=10279"},{"taxonomy":"product_tag","embeddable":true,"href":"https:\/\/coptering.beringserveis.eu\/en\/wp-json\/wp\/v2\/product_tag?post=10279"}],"curies":[{"name":"wp","href":"https:\/\/api.w.org\/{rel}","templated":true}]}}