{"id":10144,"date":"2025-08-25T08:15:05","date_gmt":"2025-08-25T06:15:05","guid":{"rendered":"https:\/\/coptering.beringserveis.eu\/?post_type=product&#038;p=10144"},"modified":"2026-03-11T17:26:48","modified_gmt":"2026-03-11T16:26:48","slug":"tour-valles","status":"publish","type":"product","link":"https:\/\/coptering.beringserveis.eu\/en\/product\/tour-valles\/","title":{"rendered":"Tour vall\u00e9s"},"content":{"rendered":"<p>Imagina tu primera vez en helic\u00f3ptero sobrevolando la belleza del Vall\u00e9s. Una experiencia \u00fanica para descubrir la zona desde el aire, con vistas espectaculares y toda la emoci\u00f3n de volar como nunca antes.<\/p>\n","protected":false},"excerpt":{"rendered":"<p>Imagina tu primera vez en helic\u00f3ptero sobrevolando la belleza del Vall\u00e9s. Una experiencia \u00fanica para descubrir la zona desde el aire, con vistas espectaculares y toda la emoci\u00f3n de volar como nunca antes.<\/p>\n","protected":false},"featured_media":10152,"template":"","meta":{"_acf_changed":false},"product_brand":[],"product_cat":[33],"product_tag":[],"class_list":{"0":"post-10144","1":"product","2":"type-product","3":"status-publish","4":"has-post-thumbnail","6":"product_cat-tours","7":"tm-no-options","9":"first","10":"instock","11":"featured","12":"virtual","13":"purchasable","14":"product-type-simple"},"acf":[],"_links":{"self":[{"href":"https:\/\/coptering.beringserveis.eu\/en\/wp-json\/wp\/v2\/product\/10144","targetHints":{"allow":["GET"]}}],"collection":[{"href":"https:\/\/coptering.beringserveis.eu\/en\/wp-json\/wp\/v2\/product"}],"about":[{"href":"https:\/\/coptering.beringserveis.eu\/en\/wp-json\/wp\/v2\/types\/product"}],"wp:featuredmedia":[{"embeddable":true,"href":"https:\/\/coptering.beringserveis.eu\/en\/wp-json\/wp\/v2\/media\/10152"}],"wp:attachment":[{"href":"https:\/\/coptering.beringserveis.eu\/en\/wp-json\/wp\/v2\/media?parent=10144"}],"wp:term":[{"taxonomy":"product_brand","embeddable":true,"href":"https:\/\/coptering.beringserveis.eu\/en\/wp-json\/wp\/v2\/product_brand?post=10144"},{"taxonomy":"product_cat","embeddable":true,"href":"https:\/\/coptering.beringserveis.eu\/en\/wp-json\/wp\/v2\/product_cat?post=10144"},{"taxonomy":"product_tag","embeddable":true,"href":"https:\/\/coptering.beringserveis.eu\/en\/wp-json\/wp\/v2\/product_tag?post=10144"}],"curies":[{"name":"wp","href":"https:\/\/api.w.org\/{rel}","templated":true}]}}