{"id":9250,"date":"2025-03-01T11:36:16","date_gmt":"2025-03-01T10:36:16","guid":{"rendered":"https:\/\/coptering.beringserveis.eu\/product\/regal-costa-brava-tour\/"},"modified":"2026-01-13T11:36:16","modified_gmt":"2026-01-13T10:36:16","slug":"regal-costa-brava-tour","status":"publish","type":"product","link":"https:\/\/coptering.beringserveis.eu\/ca\/product\/regal-costa-brava-tour\/","title":{"rendered":"Regal Costa Brava Tour"},"content":{"rendered":"<p>Si us encanten els paisatges mar\u00edtims, aquest vol en helic\u00f2pter per la Costa Brava us encantar\u00e0, ja que podreu gaudir d&#8217;unes meravelloses vistes sobre les famoses cales, platges i pobles d&#8217;aquesta emblem\u00e0tica zona costanera.<\/p>\n","protected":false},"excerpt":{"rendered":"<div class=\"elementor-element elementor-element-3d760c5 ob-has-background-overlay elementor-widget elementor-widget-woocommerce-product-short-description\" data-id=\"3d760c5\" data-element_type=\"widget\" data-settings=\"{\"_ob_widget_stalker_use\":\"no\",\"_ob_poopart_use\":\"yes\",\"_ob_shadough_use\":\"no\",\"_ob_allow_hoveranimator\":\"no\"}\" data-widget_type=\"woocommerce-product-short-description.default\">\n<div class=\"elementor-widget-container\">\n<div class=\"woocommerce-product-details__short-description\">\n<p>Si us encanten els paisatges mar\u00edtims, aquest vol en helic\u00f2pter per la Costa Brava us encantar\u00e0, ja que podreu gaudir d&#8217;unes meravelloses vistes sobre les famoses cales, platges i pobles d&#8217;aquesta emblem\u00e0tica zona costanera.<\/p>\n<\/div>\n<\/div>\n<\/div>\n<div class=\"elementor-element elementor-element-e5299fe ob-harakiri-inherit ob-has-background-overlay elementor-widget elementor-widget-heading ob-harakiri\" data-id=\"e5299fe\" data-element_type=\"widget\" data-settings=\"{\"_ob_use_harakiri\":\"yes\",\"_ob_harakiri_writing_mode\":\"inherit\",\"_ob_harakiri_text_clip\":\"none\",\"_ob_widget_stalker_use\":\"no\",\"_ob_poopart_use\":\"yes\",\"_ob_shadough_use\":\"no\",\"_ob_allow_hoveranimator\":\"no\"}\" data-widget_type=\"heading.default\">\n<div class=\"elementor-widget-container\"><\/div>\n<\/div>\n","protected":false},"featured_media":6668,"template":"","meta":{"_acf_changed":false},"product_brand":[],"product_cat":[136],"product_tag":[],"class_list":{"0":"post-9250","1":"product","2":"type-product","3":"status-publish","4":"has-post-thumbnail","6":"product_cat-regals","7":"tm-no-options","9":"first","10":"instock","11":"shipping-taxable","12":"product-type-simple"},"acf":[],"_links":{"self":[{"href":"https:\/\/coptering.beringserveis.eu\/ca\/wp-json\/wp\/v2\/product\/9250","targetHints":{"allow":["GET"]}}],"collection":[{"href":"https:\/\/coptering.beringserveis.eu\/ca\/wp-json\/wp\/v2\/product"}],"about":[{"href":"https:\/\/coptering.beringserveis.eu\/ca\/wp-json\/wp\/v2\/types\/product"}],"wp:featuredmedia":[{"embeddable":true,"href":"https:\/\/coptering.beringserveis.eu\/ca\/wp-json\/wp\/v2\/media\/6668"}],"wp:attachment":[{"href":"https:\/\/coptering.beringserveis.eu\/ca\/wp-json\/wp\/v2\/media?parent=9250"}],"wp:term":[{"taxonomy":"product_brand","embeddable":true,"href":"https:\/\/coptering.beringserveis.eu\/ca\/wp-json\/wp\/v2\/product_brand?post=9250"},{"taxonomy":"product_cat","embeddable":true,"href":"https:\/\/coptering.beringserveis.eu\/ca\/wp-json\/wp\/v2\/product_cat?post=9250"},{"taxonomy":"product_tag","embeddable":true,"href":"https:\/\/coptering.beringserveis.eu\/ca\/wp-json\/wp\/v2\/product_tag?post=9250"}],"curies":[{"name":"wp","href":"https:\/\/api.w.org\/{rel}","templated":true}]}}