{"id":9148,"date":"2022-01-01T08:30:45","date_gmt":"2022-01-01T07:30:45","guid":{"rendered":"https:\/\/coptering.beringserveis.eu\/product\/regal-barcelona-panoramic-tour-2\/"},"modified":"2026-01-11T08:30:45","modified_gmt":"2026-01-11T07:30:45","slug":"regal-barcelona-panoramic-tour-2","status":"publish","type":"product","link":"https:\/\/coptering.beringserveis.eu\/ca\/product\/regal-barcelona-panoramic-tour-2\/","title":{"rendered":"Regal Barcelona Panoramic Tour"},"content":{"rendered":"<p>Sobrevola la ciutat de Barcelona amb helic\u00f2pter, gaudint d&#8217;unes magn\u00edfiques vistes, entre d&#8217;altres, del Tibidabo, el Camp Nou, l&#8217;Eixample, la Sagrada Fam\u00edlia, l&#8217;Hospital de Sant Pau\u2026<\/p>\n","protected":false},"excerpt":{"rendered":"<p>25 min &#8211; M\u00e0xim 5 persones<\/p>\n","protected":false},"featured_media":5250,"template":"","meta":{"_acf_changed":false},"product_brand":[],"product_cat":[136],"product_tag":[141],"class_list":{"0":"post-9148","1":"product","2":"type-product","3":"status-publish","4":"has-post-thumbnail","6":"product_cat-regals","7":"product_tag-best-sellers","8":"tm-no-options","10":"first","11":"instock","12":"featured","13":"shipping-taxable","14":"product-type-simple"},"acf":[],"_links":{"self":[{"href":"https:\/\/coptering.beringserveis.eu\/ca\/wp-json\/wp\/v2\/product\/9148","targetHints":{"allow":["GET"]}}],"collection":[{"href":"https:\/\/coptering.beringserveis.eu\/ca\/wp-json\/wp\/v2\/product"}],"about":[{"href":"https:\/\/coptering.beringserveis.eu\/ca\/wp-json\/wp\/v2\/types\/product"}],"wp:featuredmedia":[{"embeddable":true,"href":"https:\/\/coptering.beringserveis.eu\/ca\/wp-json\/wp\/v2\/media\/5250"}],"wp:attachment":[{"href":"https:\/\/coptering.beringserveis.eu\/ca\/wp-json\/wp\/v2\/media?parent=9148"}],"wp:term":[{"taxonomy":"product_brand","embeddable":true,"href":"https:\/\/coptering.beringserveis.eu\/ca\/wp-json\/wp\/v2\/product_brand?post=9148"},{"taxonomy":"product_cat","embeddable":true,"href":"https:\/\/coptering.beringserveis.eu\/ca\/wp-json\/wp\/v2\/product_cat?post=9148"},{"taxonomy":"product_tag","embeddable":true,"href":"https:\/\/coptering.beringserveis.eu\/ca\/wp-json\/wp\/v2\/product_tag?post=9148"}],"curies":[{"name":"wp","href":"https:\/\/api.w.org\/{rel}","templated":true}]}}