{"id":5723,"date":"2023-12-30T08:32:41","date_gmt":"2023-12-30T07:32:41","guid":{"rendered":"https:\/\/coptering.beringserveis.eu\/product\/montserrat-tour\/"},"modified":"2026-02-19T07:53:32","modified_gmt":"2026-02-19T06:53:32","slug":"montserrat-tour","status":"publish","type":"product","link":"https:\/\/coptering.beringserveis.eu\/ca\/product\/montserrat-tour\/","title":{"rendered":"Montserrat Tour"},"content":{"rendered":"<p>Explora la majestuositat de Montserrat amb un inoblidable vol amb helic\u00f2pter.<br \/>\n Viu una experi\u00e8ncia a\u00e8ria incomparable sobre una de les joies naturals i espirituals m\u00e9s emblem\u00e0tiques de Catalunya. Durant el recorregut, gaudireu de vistes espectaculars de la muntanya de Montserrat, la seva inconfusible silueta i l&#8217;imponent Monestir de Santa Maria, enclavat entre formacions rocoses \u00faniques al m\u00f3n. <\/p>\n","protected":false},"excerpt":{"rendered":"<p>25 min &#8211; M\u00e0xim 5 persones<\/p>\n","protected":false},"featured_media":4020,"template":"","meta":{"_acf_changed":false},"product_brand":[],"product_cat":[102],"product_tag":[141],"class_list":{"0":"post-5723","1":"product","2":"type-product","3":"status-publish","4":"has-post-thumbnail","6":"product_cat-tours","7":"product_tag-best-sellers","8":"tm-no-options","10":"first","11":"instock","12":"featured","13":"shipping-taxable","14":"product-type-simple"},"acf":[],"_links":{"self":[{"href":"https:\/\/coptering.beringserveis.eu\/ca\/wp-json\/wp\/v2\/product\/5723","targetHints":{"allow":["GET"]}}],"collection":[{"href":"https:\/\/coptering.beringserveis.eu\/ca\/wp-json\/wp\/v2\/product"}],"about":[{"href":"https:\/\/coptering.beringserveis.eu\/ca\/wp-json\/wp\/v2\/types\/product"}],"wp:featuredmedia":[{"embeddable":true,"href":"https:\/\/coptering.beringserveis.eu\/ca\/wp-json\/wp\/v2\/media\/4020"}],"wp:attachment":[{"href":"https:\/\/coptering.beringserveis.eu\/ca\/wp-json\/wp\/v2\/media?parent=5723"}],"wp:term":[{"taxonomy":"product_brand","embeddable":true,"href":"https:\/\/coptering.beringserveis.eu\/ca\/wp-json\/wp\/v2\/product_brand?post=5723"},{"taxonomy":"product_cat","embeddable":true,"href":"https:\/\/coptering.beringserveis.eu\/ca\/wp-json\/wp\/v2\/product_cat?post=5723"},{"taxonomy":"product_tag","embeddable":true,"href":"https:\/\/coptering.beringserveis.eu\/ca\/wp-json\/wp\/v2\/product_tag?post=5723"}],"curies":[{"name":"wp","href":"https:\/\/api.w.org\/{rel}","templated":true}]}}