{"id":5722,"date":"2025-01-01T07:32:56","date_gmt":"2025-01-01T06:32:56","guid":{"rendered":"https:\/\/coptering.beringserveis.eu\/product\/regal-barcelona-panoramic-tour\/"},"modified":"2025-01-01T07:32:56","modified_gmt":"2025-01-01T06:32:56","slug":"regal-barcelona-panoramic-tour","status":"publish","type":"product","link":"https:\/\/coptering.beringserveis.eu\/ca\/product\/regal-barcelona-panoramic-tour\/","title":{"rendered":"Regal Barcelona Panoramic Tour"},"content":{"rendered":"<p>Sobrevola la ciutat de Barcelona amb helic\u00f2pter, gaudint d&#8217;unes magn\u00edfiques vistes, entre d&#8217;altres, del Tibidabo, el Camp Nou, l&#8217;Eixample, la Sagrada Fam\u00edlia, l&#8217;Hospital de Sant Pau\u2026<\/p>\n","protected":false},"excerpt":{"rendered":"<p>25 min &#8211; M\u00e0xim 5 persones<\/p>\n","protected":false},"featured_media":4017,"template":"","meta":{"_acf_changed":false},"product_brand":[],"product_cat":[136],"product_tag":[],"class_list":{"0":"post-5722","1":"product","2":"type-product","3":"status-publish","4":"has-post-thumbnail","6":"product_cat-regals","7":"tm-no-options","9":"first","10":"instock","11":"shipping-taxable","12":"product-type-simple"},"acf":[],"_links":{"self":[{"href":"https:\/\/coptering.beringserveis.eu\/ca\/wp-json\/wp\/v2\/product\/5722","targetHints":{"allow":["GET"]}}],"collection":[{"href":"https:\/\/coptering.beringserveis.eu\/ca\/wp-json\/wp\/v2\/product"}],"about":[{"href":"https:\/\/coptering.beringserveis.eu\/ca\/wp-json\/wp\/v2\/types\/product"}],"wp:featuredmedia":[{"embeddable":true,"href":"https:\/\/coptering.beringserveis.eu\/ca\/wp-json\/wp\/v2\/media\/4017"}],"wp:attachment":[{"href":"https:\/\/coptering.beringserveis.eu\/ca\/wp-json\/wp\/v2\/media?parent=5722"}],"wp:term":[{"taxonomy":"product_brand","embeddable":true,"href":"https:\/\/coptering.beringserveis.eu\/ca\/wp-json\/wp\/v2\/product_brand?post=5722"},{"taxonomy":"product_cat","embeddable":true,"href":"https:\/\/coptering.beringserveis.eu\/ca\/wp-json\/wp\/v2\/product_cat?post=5722"},{"taxonomy":"product_tag","embeddable":true,"href":"https:\/\/coptering.beringserveis.eu\/ca\/wp-json\/wp\/v2\/product_tag?post=5722"}],"curies":[{"name":"wp","href":"https:\/\/api.w.org\/{rel}","templated":true}]}}