{"id":5687,"date":"2025-11-19T18:59:23","date_gmt":"2025-11-19T17:59:23","guid":{"rendered":"https:\/\/coptering.beringserveis.eu\/product\/vol-diniciacio\/"},"modified":"2026-01-23T19:49:56","modified_gmt":"2026-01-23T18:49:56","slug":"vol-diniciacio","status":"publish","type":"product","link":"https:\/\/coptering.beringserveis.eu\/ca\/product\/vol-diniciacio\/","title":{"rendered":"Vol d&#8217;iniciaci\u00f3"},"content":{"rendered":"<p>T&#8217;agradaria saber que se sent en pilotar un helic\u00f2pter? A Coptering us oferim l&#8217;oportunitat de descobrir-ho amb el nostre Vol d&#8217;iniciaci\u00f3. Posa&#8217;t al comandament del Guimbal Cabri G2 amb un dels nostres instructors i apr\u00e8n les bases de pilotatge d&#8217;helic\u00f2pters.  <\/p>\n","protected":false},"excerpt":{"rendered":"<p>25 min &#8211; M\u00e0xim 5 persones<\/p>\n","protected":false},"featured_media":5518,"template":"","meta":{"_acf_changed":false},"product_brand":[],"product_cat":[137],"product_tag":[],"class_list":{"0":"post-5687","1":"product","2":"type-product","3":"status-publish","4":"has-post-thumbnail","6":"product_cat-iniciacio","7":"tm-no-options","9":"first","10":"instock","11":"shipping-taxable","12":"product-type-simple"},"acf":[],"_links":{"self":[{"href":"https:\/\/coptering.beringserveis.eu\/ca\/wp-json\/wp\/v2\/product\/5687","targetHints":{"allow":["GET"]}}],"collection":[{"href":"https:\/\/coptering.beringserveis.eu\/ca\/wp-json\/wp\/v2\/product"}],"about":[{"href":"https:\/\/coptering.beringserveis.eu\/ca\/wp-json\/wp\/v2\/types\/product"}],"wp:featuredmedia":[{"embeddable":true,"href":"https:\/\/coptering.beringserveis.eu\/ca\/wp-json\/wp\/v2\/media\/5518"}],"wp:attachment":[{"href":"https:\/\/coptering.beringserveis.eu\/ca\/wp-json\/wp\/v2\/media?parent=5687"}],"wp:term":[{"taxonomy":"product_brand","embeddable":true,"href":"https:\/\/coptering.beringserveis.eu\/ca\/wp-json\/wp\/v2\/product_brand?post=5687"},{"taxonomy":"product_cat","embeddable":true,"href":"https:\/\/coptering.beringserveis.eu\/ca\/wp-json\/wp\/v2\/product_cat?post=5687"},{"taxonomy":"product_tag","embeddable":true,"href":"https:\/\/coptering.beringserveis.eu\/ca\/wp-json\/wp\/v2\/product_tag?post=5687"}],"curies":[{"name":"wp","href":"https:\/\/api.w.org\/{rel}","templated":true}]}}