{"id":5680,"date":"2025-09-29T07:35:07","date_gmt":"2025-09-29T05:35:07","guid":{"rendered":"https:\/\/coptering.beringserveis.eu\/product\/pilot-per-un-dia\/"},"modified":"2026-01-23T19:50:11","modified_gmt":"2026-01-23T18:50:11","slug":"pilot-per-un-dia","status":"publish","type":"product","link":"https:\/\/coptering.beringserveis.eu\/ca\/product\/pilot-per-un-dia\/","title":{"rendered":"Pilot per un dia"},"content":{"rendered":"<p>Penseu en aquesta experi\u00e8ncia de vol com la vostra introducci\u00f3 al m\u00f3n de l&#8217;aviaci\u00f3. Tu i un instructor qualificat volareu i on agafareu els comandaments i aprendreu els fonaments del pilotatge d&#8217;un Helic\u00f2pter Cabri G2. Aquest vol introductori \u00e9s el punt de partida perfecte per perseguir el teu somni de dedicar-te professionalment a l&#8217;aviaci\u00f3. Gaudeix d&#8217;unes vistes incre\u00efbles i, per descomptat, agafa els comandaments tu mateix! Es tracta d&#8217;una experi\u00e8ncia pr\u00e0ctica, i et prometem que no et decebr\u00e0! Vine a gaudir del vol de la teva vida amb Coptering.     <\/p>\n","protected":false},"excerpt":{"rendered":"<p>25 min &#8211; M\u00e0xim 5 persones<\/p>\n","protected":false},"featured_media":5683,"template":"","meta":{"_acf_changed":false},"product_brand":[],"product_cat":[144,102],"product_tag":[],"class_list":{"0":"post-5680","1":"product","2":"type-product","3":"status-publish","4":"has-post-thumbnail","6":"product_cat-pilot-per-un-dia","7":"product_cat-tours","8":"tm-no-options","10":"first","11":"instock","12":"shipping-taxable","13":"product-type-simple"},"acf":[],"_links":{"self":[{"href":"https:\/\/coptering.beringserveis.eu\/ca\/wp-json\/wp\/v2\/product\/5680","targetHints":{"allow":["GET"]}}],"collection":[{"href":"https:\/\/coptering.beringserveis.eu\/ca\/wp-json\/wp\/v2\/product"}],"about":[{"href":"https:\/\/coptering.beringserveis.eu\/ca\/wp-json\/wp\/v2\/types\/product"}],"wp:featuredmedia":[{"embeddable":true,"href":"https:\/\/coptering.beringserveis.eu\/ca\/wp-json\/wp\/v2\/media\/5683"}],"wp:attachment":[{"href":"https:\/\/coptering.beringserveis.eu\/ca\/wp-json\/wp\/v2\/media?parent=5680"}],"wp:term":[{"taxonomy":"product_brand","embeddable":true,"href":"https:\/\/coptering.beringserveis.eu\/ca\/wp-json\/wp\/v2\/product_brand?post=5680"},{"taxonomy":"product_cat","embeddable":true,"href":"https:\/\/coptering.beringserveis.eu\/ca\/wp-json\/wp\/v2\/product_cat?post=5680"},{"taxonomy":"product_tag","embeddable":true,"href":"https:\/\/coptering.beringserveis.eu\/ca\/wp-json\/wp\/v2\/product_tag?post=5680"}],"curies":[{"name":"wp","href":"https:\/\/api.w.org\/{rel}","templated":true}]}}