{"id":3612,"date":"2023-05-31T06:50:15","date_gmt":"2023-05-31T04:50:15","guid":{"rendered":"https:\/\/coptering.beringserveis.eu\/product\/barcelona-and-montserrat-tour\/"},"modified":"2026-02-19T07:55:13","modified_gmt":"2026-02-19T06:55:13","slug":"barcelona-and-montserrat-tour","status":"publish","type":"product","link":"https:\/\/coptering.beringserveis.eu\/ca\/product\/barcelona-and-montserrat-tour\/","title":{"rendered":"Barcelona i Montserrat Tour"},"content":{"rendered":"<p>Gaudeix d&#8217;una agradable experi\u00e8ncia de vol amb helic\u00f2pter fins a aquesta incre\u00efble joia de la natura i tot el seu entorn.<\/p>\n","protected":false},"excerpt":{"rendered":"<p>25 min &#8211; M\u00e0xim 5 persones<\/p>\n","protected":false},"featured_media":4992,"template":"","meta":{"_acf_changed":false},"product_brand":[],"product_cat":[102],"product_tag":[141],"class_list":{"0":"post-3612","1":"product","2":"type-product","3":"status-publish","4":"has-post-thumbnail","6":"product_cat-tours","7":"product_tag-best-sellers","8":"tm-no-options","10":"first","11":"instock","12":"featured","13":"shipping-taxable","14":"product-type-simple"},"acf":[],"_links":{"self":[{"href":"https:\/\/coptering.beringserveis.eu\/ca\/wp-json\/wp\/v2\/product\/3612","targetHints":{"allow":["GET"]}}],"collection":[{"href":"https:\/\/coptering.beringserveis.eu\/ca\/wp-json\/wp\/v2\/product"}],"about":[{"href":"https:\/\/coptering.beringserveis.eu\/ca\/wp-json\/wp\/v2\/types\/product"}],"wp:featuredmedia":[{"embeddable":true,"href":"https:\/\/coptering.beringserveis.eu\/ca\/wp-json\/wp\/v2\/media\/4992"}],"wp:attachment":[{"href":"https:\/\/coptering.beringserveis.eu\/ca\/wp-json\/wp\/v2\/media?parent=3612"}],"wp:term":[{"taxonomy":"product_brand","embeddable":true,"href":"https:\/\/coptering.beringserveis.eu\/ca\/wp-json\/wp\/v2\/product_brand?post=3612"},{"taxonomy":"product_cat","embeddable":true,"href":"https:\/\/coptering.beringserveis.eu\/ca\/wp-json\/wp\/v2\/product_cat?post=3612"},{"taxonomy":"product_tag","embeddable":true,"href":"https:\/\/coptering.beringserveis.eu\/ca\/wp-json\/wp\/v2\/product_tag?post=3612"}],"curies":[{"name":"wp","href":"https:\/\/api.w.org\/{rel}","templated":true}]}}