{"id":3588,"date":"2022-01-01T06:49:47","date_gmt":"2022-01-01T05:49:47","guid":{"rendered":"https:\/\/coptering.beringserveis.eu\/product\/barcelona-panoramic-tour\/"},"modified":"2026-02-19T07:53:45","modified_gmt":"2026-02-19T06:53:45","slug":"barcelona-panoramic-tour","status":"publish","type":"product","link":"https:\/\/coptering.beringserveis.eu\/ca\/product\/barcelona-panoramic-tour\/","title":{"rendered":"Barcelona Panoramic Tour"},"content":{"rendered":"<p>Sobrevola la ciutat de Barcelona amb helic\u00f2pter, gaudint d&#8217;unes magn\u00edfiques vistes, entre d&#8217;altres, del Tibidabo, el Camp Nou, l&#8217;Eixample, la Sagrada Fam\u00edlia, l&#8217;Hospital de Sant Pau\u2026<\/p>\n","protected":false},"excerpt":{"rendered":"<p>25 min &#8211; M\u00e0xim 5 persones<\/p>\n","protected":false},"featured_media":10069,"template":"","meta":{"_acf_changed":false},"product_brand":[],"product_cat":[102],"product_tag":[141],"class_list":{"0":"post-3588","1":"product","2":"type-product","3":"status-publish","4":"has-post-thumbnail","6":"product_cat-tours","7":"product_tag-best-sellers","8":"tm-no-options","10":"first","11":"instock","12":"featured","13":"shipping-taxable","14":"product-type-simple"},"acf":[],"_links":{"self":[{"href":"https:\/\/coptering.beringserveis.eu\/ca\/wp-json\/wp\/v2\/product\/3588","targetHints":{"allow":["GET"]}}],"collection":[{"href":"https:\/\/coptering.beringserveis.eu\/ca\/wp-json\/wp\/v2\/product"}],"about":[{"href":"https:\/\/coptering.beringserveis.eu\/ca\/wp-json\/wp\/v2\/types\/product"}],"wp:featuredmedia":[{"embeddable":true,"href":"https:\/\/coptering.beringserveis.eu\/ca\/wp-json\/wp\/v2\/media\/10069"}],"wp:attachment":[{"href":"https:\/\/coptering.beringserveis.eu\/ca\/wp-json\/wp\/v2\/media?parent=3588"}],"wp:term":[{"taxonomy":"product_brand","embeddable":true,"href":"https:\/\/coptering.beringserveis.eu\/ca\/wp-json\/wp\/v2\/product_brand?post=3588"},{"taxonomy":"product_cat","embeddable":true,"href":"https:\/\/coptering.beringserveis.eu\/ca\/wp-json\/wp\/v2\/product_cat?post=3588"},{"taxonomy":"product_tag","embeddable":true,"href":"https:\/\/coptering.beringserveis.eu\/ca\/wp-json\/wp\/v2\/product_tag?post=3588"}],"curies":[{"name":"wp","href":"https:\/\/api.w.org\/{rel}","templated":true}]}}