{"id":5692,"date":"2025-10-08T16:30:41","date_gmt":"2025-10-08T14:30:41","guid":{"rendered":"https:\/\/coptering.beringserveis.eu\/avis-legal\/"},"modified":"2025-11-24T08:25:16","modified_gmt":"2025-11-24T07:25:16","slug":"avis-legal","status":"publish","type":"page","link":"https:\/\/coptering.beringserveis.eu\/ca\/avis-legal\/","title":{"rendered":"Av\u00eds legal"},"content":{"rendered":"\t\t<div data-elementor-type=\"wp-page\" data-elementor-id=\"5692\" class=\"elementor elementor-5692 elementor-1091\" data-elementor-post-type=\"page\">\n\t\t\t\t<div class=\"elementor-element elementor-element-5e747ce6 e-flex e-con-boxed e-con e-parent\" data-id=\"5e747ce6\" data-element_type=\"container\" data-e-type=\"container\" data-settings=\"{&quot;background_background&quot;:&quot;classic&quot;}\">\n\t\t\t\t\t<div class=\"e-con-inner\">\n\t\t\t\t<div class=\"elementor-element elementor-element-de90f7e elementor-widget elementor-widget-heading\" data-id=\"de90f7e\" data-element_type=\"widget\" data-e-type=\"widget\" data-widget_type=\"heading.default\">\n\t\t\t\t\t<h2 class=\"elementor-heading-title elementor-size-default\">Av\u00eds legal<\/h2>\t\t\t\t<\/div>\n\t\t\t\t\t<\/div>\n\t\t\t\t<\/div>\n\t\t<div class=\"elementor-element elementor-element-a9f7467 e-flex e-con-boxed e-con e-parent\" data-id=\"a9f7467\" data-element_type=\"container\" data-e-type=\"container\">\n\t\t\t\t\t<div class=\"e-con-inner\">\n\t\t<div class=\"elementor-element elementor-element-a5e7935 e-con-full e-flex e-con e-child\" data-id=\"a5e7935\" data-element_type=\"container\" data-e-type=\"container\">\n\t\t\t\t<div data-dce-text-color=\"#0F0F0F\" class=\"elementor-element elementor-element-c0ad1b7 elementor-widget elementor-widget-text-editor\" data-id=\"c0ad1b7\" data-element_type=\"widget\" data-e-type=\"widget\" data-widget_type=\"text-editor.default\">\n\t\t\t\t\t\t\t\t\t<p>Amb la finalitat de donar compliment a l&#8217;article 10 de la Llei 34\/2002 de Serveis de la Societat de la Informaci\u00f3 i Comer\u00e7 Electr\u00f2nic, informem l&#8217;usuari de les nostres dades:<\/p><p><strong>Denominaci\u00f3 Social<\/strong> : COPTERING SL, d&#8217;ara endavant, \u00abEl prestador\u00bb.<br><strong>Nom Comercial<\/strong> : Coptering.<br><strong>Domicili Social<\/strong> : C\/Num\u00e0ncia, 185, 3\u00ba2\u00aa. 08034 Barcelona. <br><strong>NIF<\/strong> : B65679839.<br><strong>Tel\u00e8fon<\/strong> : (+34) 648 440 979.<br><strong>Email<\/strong> : comercial@coptering.com.<\/p>\t\t\t\t\t\t\t\t<\/div>\n\t\t\t\t<div class=\"elementor-element elementor-element-8ecc384 elementor-widget elementor-widget-heading\" data-id=\"8ecc384\" data-element_type=\"widget\" data-e-type=\"widget\" data-widget_type=\"heading.default\">\n\t\t\t\t\t<h2 class=\"elementor-heading-title elementor-size-default\">2. Objecte<\/h2>\t\t\t\t<\/div>\n\t\t\t\t<div data-dce-text-color=\"#0F0F0F\" class=\"elementor-element elementor-element-61788a4 elementor-widget elementor-widget-text-editor\" data-id=\"61788a4\" data-element_type=\"widget\" data-e-type=\"widget\" data-widget_type=\"text-editor.default\">\n\t\t\t\t\t\t\t\t\t<p>El prestador, responsable del lloc web, posa a disposici\u00f3 dels usuaris aquest document amb qu\u00e8 pret\u00e9n donar compliment a les obligacions disposades a la Llei 34\/2002, de Serveis de la Societat de la Informaci\u00f3 i del Comer\u00e7 Electr\u00f2nic (LSSI-CE ), aix\u00ed com informar a tots els usuaris del lloc web respecte a quines s\u00f3n les condicions d\u00fas del lloc web.<\/p><p>Tota persona que accedeixi a aquest lloc web assumeix el paper d&#8217;usuari, comprometent-se a l&#8217;observan\u00e7a i el compliment rigor\u00f3s de les disposicions aqu\u00ed disposades, aix\u00ed com a qualsevol altra disposici\u00f3 legal que sigui aplicable.<\/p><p>El prestador es reserva el dret a modificar qualsevol tipus d&#8217;informaci\u00f3 que pogu\u00e9s apar\u00e8ixer al lloc web, sense que hi hagi obligaci\u00f3 de preavisar o posar en coneixement dels usuaris aquestes obligacions, entenent-se com a suficient amb la publicaci\u00f3 al lloc web del prestador.<\/p>\t\t\t\t\t\t\t\t<\/div>\n\t\t\t\t<div class=\"elementor-element elementor-element-81a98ef elementor-widget elementor-widget-heading\" data-id=\"81a98ef\" data-element_type=\"widget\" data-e-type=\"widget\" data-widget_type=\"heading.default\">\n\t\t\t\t\t<h2 class=\"elementor-heading-title elementor-size-default\">  3. Responsabilitat<\/h2>\t\t\t\t<\/div>\n\t\t\t\t<div data-dce-text-color=\"#0F0F0F\" class=\"elementor-element elementor-element-aea78a2 elementor-widget elementor-widget-text-editor\" data-id=\"aea78a2\" data-element_type=\"widget\" data-e-type=\"widget\" data-widget_type=\"text-editor.default\">\n\t\t\t\t\t\t\t\t\t<p>El prestador s&#8217;eximeix de qualsevol tipus de responsabilitat derivada de la informaci\u00f3 publicada al vostre lloc web, sempre que aquesta informaci\u00f3 hagi estat manipulada o introdu\u00efda per un tercer ali\u00e8 al mateix.<\/p><p>El lloc web del prestador pot utilitzar cookies (petits fitxers d&#8217;informaci\u00f3 que el servidor envia a l&#8217;ordinador de qui accedeix a la p\u00e0gina) per dur a terme determinades funcions que s\u00f3n considerades imprescindibles per al correcte funcionament i visualitzaci\u00f3 del lloc. Les galetes utilitzades al lloc web tenen, en tot cas, car\u00e0cter temporal amb l&#8217;\u00fanica finalitat de fer m\u00e9s efica\u00e7 la seva transmissi\u00f3 ulterior i desapareixen en acabar la sessi\u00f3 de l&#8217;usuari. En cap cas no s&#8217;utilitzaran les cookies per recollir informaci\u00f3 de car\u00e0cter personal. Afegeix aqu\u00ed un enlla\u00e7 a la teva pol\u00edtica de galetes.<\/p><p>Des del lloc web del client \u00e9s possible que es redirigeixi a continguts de tercers llocs web. At\u00e8s que el prestador no pot controlar sempre els continguts introdu\u00efts pels tercers als seus llocs web, aquest no assumeix cap mena de responsabilitat respecte a aquests continguts. En tot cas, el prestador manifesta que procedir\u00e0 a la retirada immediata de qualsevol contingut que pogu\u00e9s contravenir la legislaci\u00f3 nacional o internacional, la moral o l&#8217;ordre p\u00fablic, procedint a la retirada immediata de la redirecci\u00f3 a aquest lloc web, posant en coneixement de les autoritats competents el contingut en q\u00fcesti\u00f3.<\/p><p>El prestador no es fa responsable de la informaci\u00f3 i continguts emmagatzemats, a t\u00edtol enunciatiu per\u00f2 no limitatiu, en f\u00f2rums, xats, generadors de blocs, comentaris, xarxes socials o qualsevol altre mitj\u00e0 que permeti a tercers publicar continguts de forma independent a la p\u00e0gina web del prestador. No obstant aix\u00f2 i en compliment del que disposa l&#8217;art. 11 i 16 de la LSSI-CE, el prestador es posa a disposici\u00f3 de tots els usuaris, autoritats i forces de seguretat, i col\u00b7laborant de forma activa en la retirada o si \u00e9s el cas bloqueig de tots aquells continguts que poguessin afectar o contravenir la legislaci\u00f3 nacional, o internacional, drets de tercers o la moral i lordre p\u00fablic. En cas que l&#8217;usuari consideri que hi ha al lloc web algun contingut que pogu\u00e9s ser susceptible d&#8217;aquesta classificaci\u00f3, es prega que ho notifiqui de manera immediata a l&#8217;administrador del lloc web.<\/p><p>Aquest lloc web ha estat revisat i provat perqu\u00e8 funcioni correctament. En principi, es pot garantir el funcionament correcte els 365 dies de l&#8217;any, 24 hores al dia. Tot i aix\u00f2, el prestador no descarta la possibilitat que hi hagi certs errors de programaci\u00f3, o que esdevinguin causes de for\u00e7a major, cat\u00e0strofes naturals, vagues, o circumst\u00e0ncies semblants que facin impossible l&#8217;acc\u00e9s a la p\u00e0gina web.<\/p>\t\t\t\t\t\t\t\t<\/div>\n\t\t\t\t<div class=\"elementor-element elementor-element-dd0154c elementor-widget elementor-widget-heading\" data-id=\"dd0154c\" data-element_type=\"widget\" data-e-type=\"widget\" data-widget_type=\"heading.default\">\n\t\t\t\t\t<h2 class=\"elementor-heading-title elementor-size-default\">4. Propietat Intel\u00b7lectual i Industrial<\/h2>\t\t\t\t<\/div>\n\t\t\t\t<div data-dce-text-color=\"#0F0F0F\" class=\"elementor-element elementor-element-b98aeb6 elementor-widget elementor-widget-text-editor\" data-id=\"b98aeb6\" data-element_type=\"widget\" data-e-type=\"widget\" data-widget_type=\"text-editor.default\">\n\t\t\t\t\t\t\t\t\t<p>El lloc web, incloent a t\u00edtol enunciatiu per\u00f2 no limitatiu la seva programaci\u00f3, edici\u00f3, compilaci\u00f3 i altres elements necessaris per al seu funcionament, els dissenys, logotips, text i\/o gr\u00e0fics s\u00f3n propietat del prestador o si escau disposa de llic\u00e8ncia o autoritzaci\u00f3 expressa per part dels autors. Tots els continguts del lloc web es troben degudament protegits per la normativa de propietat intel\u00b7lectual i industrial, aix\u00ed com inscrits als registres p\u00fablics corresponents.<br> Independentment de la finalitat per a la qual fossin destinats, la reproducci\u00f3 total o parcial, \u00fas, explotaci\u00f3, distribuci\u00f3 i comercialitzaci\u00f3 requereix en tot cas l&#8217;autoritzaci\u00f3 escrita pr\u00e8via per part del prestador. Qualsevol \u00fas no autoritzat pr\u00e8viament per part del prestador ser\u00e0 considerat un incompliment greu dels drets de propietat intel\u00b7lectual o industrial de lautor.<\/p><p>Els dissenys, logotips, text i\/o gr\u00e0fics aliens al prestador i que poguessin apar\u00e8ixer al lloc web, pertanyen als seus respectius propietaris, sent ells mateixos responsables de qualsevol possible controv\u00e8rsia que pogu\u00e9s suscitar-se respecte a aquests. En tot cas, el prestador compta amb lautoritzaci\u00f3 expressa i pr\u00e8via per part dels mateixos.<\/p><p>El prestador NO AUTORITZA expressament al fet que tercers puguin redirigir directament als continguts concrets del lloc web, havent de redirigir en tot cas al lloc web principal del prestador.<\/p><p>El prestador reconeix a favor dels seus titulars els corresponents drets de propietat industrial i intel\u00b7lectual, i no implica la seva sola menci\u00f3 o aparici\u00f3 al lloc web l&#8217;exist\u00e8ncia de drets o responsabilitat alguna del prestador sobre aquests, com tampoc suport, patrocini o recomanaci\u00f3 per part del mateix.<\/p><p>Per realitzar qualsevol tipus d&#8217;observaci\u00f3 respecte a possibles incompliments dels drets de propietat intel\u00b7lectual o industrial, aix\u00ed com sobre qualsevol dels continguts del lloc web, ho podeu fer a trav\u00e9s del correu electr\u00f2nic que figura a les dades identificatives al principi d&#8217;aquest document.<\/p>\t\t\t\t\t\t\t\t<\/div>\n\t\t\t\t<div class=\"elementor-element elementor-element-b4fc95d elementor-widget elementor-widget-heading\" data-id=\"b4fc95d\" data-element_type=\"widget\" data-e-type=\"widget\" data-widget_type=\"heading.default\">\n\t\t\t\t\t<h2 class=\"elementor-heading-title elementor-size-default\">5. Veracitat de la Informaci\u00f3<\/h2>\t\t\t\t<\/div>\n\t\t\t\t<div data-dce-text-color=\"#0F0F0F\" class=\"elementor-element elementor-element-e7ce154 elementor-widget elementor-widget-text-editor\" data-id=\"e7ce154\" data-element_type=\"widget\" data-e-type=\"widget\" data-widget_type=\"text-editor.default\">\n\t\t\t\t\t\t\t\t\t<p>Tota la informaci\u00f3 que facilita l&#8217;usuari ha de ser vera\u00e7. A aquest efecte, l&#8217;usuari garanteix l&#8217;autenticitat de les dades comunicades a trav\u00e9s dels formularis per a la subscripci\u00f3 dels serveis. Ser\u00e0 responsabilitat de l&#8217;Usuari mantenir tota la informaci\u00f3 facilitada a l&#8217;Empresa permanentment actualitzada de manera que respongui, a cada moment, a la seva situaci\u00f3 real. En tot cas, l&#8217;Usuari ser\u00e0 l&#8217;\u00fanic responsable de les manifestacions falses o inexactes que faci i dels perjudicis que causi el prestador o tercers.<\/p>\t\t\t\t\t\t\t\t<\/div>\n\t\t\t\t<div class=\"elementor-element elementor-element-12cad92 elementor-widget elementor-widget-heading\" data-id=\"12cad92\" data-element_type=\"widget\" data-e-type=\"widget\" data-widget_type=\"heading.default\">\n\t\t\t\t\t<h2 class=\"elementor-heading-title elementor-size-default\">6. Menors d'Edat<\/h2>\t\t\t\t<\/div>\n\t\t\t\t<div data-dce-text-color=\"#0F0F0F\" class=\"elementor-element elementor-element-ddc680a elementor-widget elementor-widget-text-editor\" data-id=\"ddc680a\" data-element_type=\"widget\" data-e-type=\"widget\" data-widget_type=\"text-editor.default\">\n\t\t\t\t\t\t\t\t\t<p>Per a l\u00fas dels serveis, els menors dedat han dobtenir sempre pr\u00e8viament el consentiment dels pares, tutors o representants legals, responsables \u00faltims de tots els actes realitzats pels menors al seu c\u00e0rrec. La responsabilitat en la determinaci\u00f3 de continguts concrets als quals accedeixen els menors correspon a aquells, \u00e9s per aix\u00f2 que si accedeixen a continguts no apropiats per Internet, s&#8217;hauran d&#8217;establir als seus ordinadors mecanismes, en particular programes inform\u00e0tics, filtres i bloquejos, que permetin limitar els continguts disponibles i, tot i que no siguin infal\u00b7libles, s\u00f3n d&#8217;especial utilitat per controlar i restringir els materials a qu\u00e8 poden accedir els menors.<\/p>\t\t\t\t\t\t\t\t<\/div>\n\t\t\t\t<div class=\"elementor-element elementor-element-fae7402 elementor-widget elementor-widget-heading\" data-id=\"fae7402\" data-element_type=\"widget\" data-e-type=\"widget\" data-widget_type=\"heading.default\">\n\t\t\t\t\t<h2 class=\"elementor-heading-title elementor-size-default\">7. Obligaci\u00f3 de fer un \u00fas correcte de la web<\/h2>\t\t\t\t<\/div>\n\t\t\t\t<div data-dce-text-color=\"#0F0F0F\" class=\"elementor-element elementor-element-b2eed68 elementor-widget elementor-widget-text-editor\" data-id=\"b2eed68\" data-element_type=\"widget\" data-e-type=\"widget\" data-widget_type=\"text-editor.default\">\n\t\t\t\t\t\t\t\t\t<p>L&#8217;Usuari es compromet a utilitzar la Web de conformitat a la Llei i al present Av\u00eds Legal, aix\u00ed com a la moral i als bons costums. A aquest efecte, l&#8217;Usuari s&#8217;abstindr\u00e0 d&#8217;utilitzar la p\u00e0gina amb finalitats il\u00b7l\u00edcites o prohibides, lesives de drets i interessos de tercers, o que de qualsevol manera puguin danyar, inutilitzar, sobrecarregar, deteriorar o impedir la utilitzaci\u00f3 normal d&#8217;equips inform\u00e0tics o documents, arxius i tota mena de continguts emmagatzemats en qualsevol equip inform\u00e0tic del prestador.<\/p><p>En particular, ia t\u00edtol indicatiu per\u00f2 no exhaustiu, l&#8217;Usuari es compromet a no transmetre, difondre o posar a disposici\u00f3 de tercers informacions, dades, continguts, missatges, gr\u00e0fics, dibuixos, arxius de so o imatge, fotografies, enregistraments, programari i, en general, qualsevol classe de material que:<\/p><p>(a) sigui contr\u00e0ria, menysprea o atempti contra els drets fonamentals i les llibertats p\u00fabliques reconegudes constitucionalment, en tractats internacionals i altres normes vigents;<br>(b) indueixi, inciti o promogui actuacions delictives, denigrants, difamat\u00f2ries, violentes o, en general, contr\u00e0ries a la llei, a la moral ia l&#8217;ordre p\u00fablic;<br>(c) indueixi, inciti o promogui actuacions, actituds o pensaments discriminatoris per ra\u00f3 de sexe, ra\u00e7a, religi\u00f3, creences, edat o condici\u00f3;<br>(d) sigui contrari al dret a l&#8217;honor, a la intimitat personal o familiar oa la pr\u00f2pia imatge de les persones;<br>(e) de qualsevol manera perjudiqui la credibilitat del prestador o de tercers; i<br>(f) constitueixi publicitat il\u00b7l\u00edcita, enganyosa o deslleial.<\/p>\t\t\t\t\t\t\t\t<\/div>\n\t\t\t\t<div class=\"elementor-element elementor-element-fc6a01a elementor-widget elementor-widget-heading\" data-id=\"fc6a01a\" data-element_type=\"widget\" data-e-type=\"widget\" data-widget_type=\"heading.default\">\n\t\t\t\t\t<h2 class=\"elementor-heading-title elementor-size-default\">7. Llei Aplicable i Jurisdicci\u00f3<\/h2>\t\t\t\t<\/div>\n\t\t\t\t<div data-dce-text-color=\"#0F0F0F\" class=\"elementor-element elementor-element-9d04b38 elementor-widget elementor-widget-text-editor\" data-id=\"9d04b38\" data-element_type=\"widget\" data-e-type=\"widget\" data-widget_type=\"text-editor.default\">\n\t\t\t\t\t\t\t\t\t<p>Per a la resoluci\u00f3 de totes les controv\u00e8rsies o q\u00fcestions relacionades amb aquest lloc web o de les activitats que s&#8217;hi desenvolupin, \u00e9s aplicable la legislaci\u00f3 espanyola, a la qual se sotmeten expressament les parts, i s\u00f3n competents per a la resoluci\u00f3 de tots els conflictes derivats o relacionats amb el seu \u00fas els Jutjats i Tribunals d&#8217;introdueix aqu\u00ed la teva comunitat aut\u00f2noma.<\/p>\t\t\t\t\t\t\t\t<\/div>\n\t\t\t\t<\/div>\n\t\t\t\t\t<\/div>\n\t\t\t\t<\/div>\n\t\t\t\t<\/div>\n\t\t","protected":false},"excerpt":{"rendered":"<p>Av\u00eds legal Amb la finalitat de donar compliment a l&#8217;article 10 de la Llei 34\/2002 de Serveis de la Societat de la Informaci\u00f3 i Comer\u00e7 Electr\u00f2nic, informem l&#8217;usuari de les nostres dades: Denominaci\u00f3 Social : COPTERING SL, d&#8217;ara endavant, \u00abEl prestador\u00bb.Nom Comercial : Coptering.Domicili Social : C\/Num\u00e0ncia, 185, 3\u00ba2\u00aa. 08034 Barcelona. NIF : B65679839.Tel\u00e8fon : [&hellip;]<\/p>\n","protected":false},"author":1,"featured_media":0,"parent":0,"menu_order":0,"comment_status":"closed","ping_status":"closed","template":"elementor_header_footer","meta":{"_acf_changed":false,"footnotes":""},"class_list":["post-5692","page","type-page","status-publish","hentry"],"acf":[],"_links":{"self":[{"href":"https:\/\/coptering.beringserveis.eu\/ca\/wp-json\/wp\/v2\/pages\/5692","targetHints":{"allow":["GET"]}}],"collection":[{"href":"https:\/\/coptering.beringserveis.eu\/ca\/wp-json\/wp\/v2\/pages"}],"about":[{"href":"https:\/\/coptering.beringserveis.eu\/ca\/wp-json\/wp\/v2\/types\/page"}],"author":[{"embeddable":true,"href":"https:\/\/coptering.beringserveis.eu\/ca\/wp-json\/wp\/v2\/users\/1"}],"replies":[{"embeddable":true,"href":"https:\/\/coptering.beringserveis.eu\/ca\/wp-json\/wp\/v2\/comments?post=5692"}],"version-history":[{"count":0,"href":"https:\/\/coptering.beringserveis.eu\/ca\/wp-json\/wp\/v2\/pages\/5692\/revisions"}],"wp:attachment":[{"href":"https:\/\/coptering.beringserveis.eu\/ca\/wp-json\/wp\/v2\/media?parent=5692"}],"curies":[{"name":"wp","href":"https:\/\/api.w.org\/{rel}","templated":true}]}}