{"id":5522,"date":"2025-10-08T17:58:30","date_gmt":"2025-10-08T15:58:30","guid":{"rendered":"https:\/\/coptering.beringserveis.eu\/politica-de-seguretat-de-la-informacio\/"},"modified":"2025-11-24T08:23:21","modified_gmt":"2025-11-24T07:23:21","slug":"politica-de-seguretat-de-la-informacio","status":"publish","type":"page","link":"https:\/\/coptering.beringserveis.eu\/ca\/politica-de-seguretat-de-la-informacio\/","title":{"rendered":"Pol\u00edtica de Seguretat de la Informaci\u00f3"},"content":{"rendered":"\t\t<div data-elementor-type=\"wp-page\" data-elementor-id=\"5522\" class=\"elementor elementor-5522 elementor-1104\" data-elementor-post-type=\"page\">\n\t\t\t\t<div class=\"elementor-element elementor-element-5e747ce6 e-flex e-con-boxed e-con e-parent\" data-id=\"5e747ce6\" data-element_type=\"container\" data-e-type=\"container\" data-settings=\"{&quot;background_background&quot;:&quot;classic&quot;}\">\n\t\t\t\t\t<div class=\"e-con-inner\">\n\t\t\t\t<div class=\"elementor-element elementor-element-de90f7e elementor-widget elementor-widget-heading\" data-id=\"de90f7e\" data-element_type=\"widget\" data-e-type=\"widget\" data-widget_type=\"heading.default\">\n\t\t\t\t\t<h2 class=\"elementor-heading-title elementor-size-default\">Pol\u00edtica de Seguretat de la Informaci\u00f3<\/h2>\t\t\t\t<\/div>\n\t\t\t\t\t<\/div>\n\t\t\t\t<\/div>\n\t\t<div class=\"elementor-element elementor-element-a9f7467 e-flex e-con-boxed e-con e-parent\" data-id=\"a9f7467\" data-element_type=\"container\" data-e-type=\"container\">\n\t\t\t\t\t<div class=\"e-con-inner\">\n\t\t<div class=\"elementor-element elementor-element-a5e7935 e-con-full e-flex e-con e-child\" data-id=\"a5e7935\" data-element_type=\"container\" data-e-type=\"container\">\n\t\t\t\t<div data-dce-text-color=\"#0F0F0F\" class=\"elementor-element elementor-element-c0ad1b7 elementor-widget elementor-widget-text-editor\" data-id=\"c0ad1b7\" data-element_type=\"widget\" data-e-type=\"widget\" data-widget_type=\"text-editor.default\">\n\t\t\t\t\t\t\t\t\t<p>Coptering, SL \u00e9s una empresa de serveis l\u00edder que ofereix una \u00e0mplia gamma de serveis especialitzats en el transport p\u00fablic de passatgers, formaci\u00f3 aeron\u00e0utica, filmaci\u00f3\/fotografia a\u00e8ria i manteniment d&#8217;aeronaus. Comptem amb una moderna flota d&#8217;helic\u00f2pters d&#8217;\u00faltima generaci\u00f3, aix\u00ed com personal altament qualificat, i la nostra missi\u00f3 \u00e9s ajudar activament a prosperar els nostres clients utilitzant t\u00e8cniques innovadores d&#8217;organitzaci\u00f3 i les tecnologies d&#8217;informaci\u00f3 m\u00e9s avan\u00e7ades. <\/p>\t\t\t\t\t\t\t\t<\/div>\n\t\t\t\t<div data-dce-text-color=\"#0F0F0F\" class=\"elementor-element elementor-element-103eebb elementor-widget elementor-widget-text-editor\" data-id=\"103eebb\" data-element_type=\"widget\" data-e-type=\"widget\" data-widget_type=\"text-editor.default\">\n\t\t\t\t\t\t\t\t\t<p>Els objectius fonamentals del nostre sistema de gesti\u00f3 de seguretat de la informaci\u00f3 s\u00f3n els seg\u00fcents:<\/p><ul><li>Protegir els actius d&#8217;informaci\u00f3 d&#8217;acord amb el valor o la import\u00e0ncia.<\/li><li>Garantir la confidencialitat, disponibilitat i integritat de la informaci\u00f3.<\/li><li>Gestionar els riscos identificats de manera diligent.<\/li><li>Preservar la privadesa de clients, empleats, prove\u00efdors i terceres parts.<\/li><li>Garantir el compliment dels requisits aplicables, i especialment els legals.<\/li><li>Millorar cont\u00ednuament el sistema de seguretat de la informaci\u00f3.<\/li><\/ul>\t\t\t\t\t\t\t\t<\/div>\n\t\t\t\t<div data-dce-text-color=\"#0F0F0F\" class=\"elementor-element elementor-element-6d25356 elementor-widget elementor-widget-text-editor\" data-id=\"6d25356\" data-element_type=\"widget\" data-e-type=\"widget\" data-widget_type=\"text-editor.default\">\n\t\t\t\t\t\t\t\t\t<p>Per assolir aquests objectius, la Direcci\u00f3 d&#8217;aquesta empresa assumeix el ferm comprom\u00eds d&#8217;optimitzar la seva pol\u00edtica de seguretat de la informaci\u00f3 basada en els factors seg\u00fcents:<\/p><ul><li><strong>Prevenci\u00f3 de Riscos:<\/strong> Establir les directrius i els mitjans necessaris en mat\u00e8ria de prevenci\u00f3 de riscos amb l&#8217;objectiu fonamental d&#8217;eliminar-los o mitigar-los.<\/li><li><strong>Comprom\u00eds amb la protecci\u00f3 del medi ambient:<\/strong> Reduir i prevenir els impactes mediambientals generats per les nostres activitats, productes o serveis.<\/li><li><strong>Requisits Legals<\/strong> : Entendre els requisits legals i altres tipus de requisits especificats pels nostres clients com un conjunt de m\u00ednims a complir.<\/li><li><strong>Difusi\u00f3:<\/strong> Difondre i promoure la millora de la seguretat de la informaci\u00f3.<\/li><li><strong>Grups d&#8217;inter\u00e8s:<\/strong> Participaci\u00f3 conjunta amb tots els nostres Stakeholders per una millora de la seguretat de la informaci\u00f3.<\/li><li><strong>Capacitaci\u00f3:<\/strong> Capacitaci\u00f3 constant de tots els nostres professionals, en coneixements t\u00e8cnics i habilitats, fomentant la seva participaci\u00f3 i comprom\u00eds amb aquesta pol\u00edtica, la millora del sistema i la seguretat de la informaci\u00f3.<\/li><li><strong>Seguiment<\/strong> : Establir indicadors a tots els nivells que ens permetin prendre decisions basades en l&#8217;evid\u00e8ncia.<\/li><li><strong>Millora cont\u00ednua:<\/strong> Establir i revisar peri\u00f2dicament objectius i metes que proporcionin un marc de refer\u00e8ncia per a la millora cont\u00ednua dels processos i del desenvolupament sostenible.<\/li><li><strong>Analitzar<\/strong> : Analitzar i avaluar les desviacions que es puguin produir en mat\u00e8ria de seguretat de la informaci\u00f3 i establir les accions correctives i oportunitats de millora necess\u00e0ries.<\/li><li><strong>Sistema integrat:<\/strong> Elaboraci\u00f3 participativa de tots els grups de l&#8217;organitzaci\u00f3, a tots els nivells, conscients de l&#8217;aportaci\u00f3 als objectius del sistema i les repercussions dels incompliments.<\/li><\/ul>\t\t\t\t\t\t\t\t<\/div>\n\t\t\t\t<\/div>\n\t\t\t\t\t<\/div>\n\t\t\t\t<\/div>\n\t\t\t\t<\/div>\n\t\t","protected":false},"excerpt":{"rendered":"<p>Pol\u00edtica de Seguretat de la Informaci\u00f3 Coptering, SL \u00e9s una empresa de serveis l\u00edder que ofereix una \u00e0mplia gamma de serveis especialitzats en el transport p\u00fablic de passatgers, formaci\u00f3 aeron\u00e0utica, filmaci\u00f3\/fotografia a\u00e8ria i manteniment d&#8217;aeronaus. Comptem amb una moderna flota d&#8217;helic\u00f2pters d&#8217;\u00faltima generaci\u00f3, aix\u00ed com personal altament qualificat, i la nostra missi\u00f3 \u00e9s ajudar activament [&hellip;]<\/p>\n","protected":false},"author":1,"featured_media":0,"parent":0,"menu_order":0,"comment_status":"closed","ping_status":"closed","template":"elementor_header_footer","meta":{"_acf_changed":false,"footnotes":""},"class_list":["post-5522","page","type-page","status-publish","hentry"],"acf":[],"_links":{"self":[{"href":"https:\/\/coptering.beringserveis.eu\/ca\/wp-json\/wp\/v2\/pages\/5522","targetHints":{"allow":["GET"]}}],"collection":[{"href":"https:\/\/coptering.beringserveis.eu\/ca\/wp-json\/wp\/v2\/pages"}],"about":[{"href":"https:\/\/coptering.beringserveis.eu\/ca\/wp-json\/wp\/v2\/types\/page"}],"author":[{"embeddable":true,"href":"https:\/\/coptering.beringserveis.eu\/ca\/wp-json\/wp\/v2\/users\/1"}],"replies":[{"embeddable":true,"href":"https:\/\/coptering.beringserveis.eu\/ca\/wp-json\/wp\/v2\/comments?post=5522"}],"version-history":[{"count":0,"href":"https:\/\/coptering.beringserveis.eu\/ca\/wp-json\/wp\/v2\/pages\/5522\/revisions"}],"wp:attachment":[{"href":"https:\/\/coptering.beringserveis.eu\/ca\/wp-json\/wp\/v2\/media?parent=5522"}],"curies":[{"name":"wp","href":"https:\/\/api.w.org\/{rel}","templated":true}]}}