{"id":5502,"date":"2025-10-09T06:09:11","date_gmt":"2025-10-09T04:09:11","guid":{"rendered":"https:\/\/coptering.beringserveis.eu\/politica-del-sistema-integrat-de-gestio\/"},"modified":"2025-11-24T08:23:08","modified_gmt":"2025-11-24T07:23:08","slug":"politica-del-sistema-integrat-de-gestio","status":"publish","type":"page","link":"https:\/\/coptering.beringserveis.eu\/ca\/politica-del-sistema-integrat-de-gestio\/","title":{"rendered":"Pol\u00edtica del sistema integrat de gesti\u00f3"},"content":{"rendered":"\t\t<div data-elementor-type=\"wp-page\" data-elementor-id=\"5502\" class=\"elementor elementor-5502 elementor-1103\" data-elementor-post-type=\"page\">\n\t\t\t\t<div class=\"elementor-element elementor-element-5e747ce6 e-flex e-con-boxed e-con e-parent\" data-id=\"5e747ce6\" data-element_type=\"container\" data-e-type=\"container\" data-settings=\"{&quot;background_background&quot;:&quot;classic&quot;}\">\n\t\t\t\t\t<div class=\"e-con-inner\">\n\t\t\t\t<div class=\"elementor-element elementor-element-de90f7e elementor-widget elementor-widget-heading\" data-id=\"de90f7e\" data-element_type=\"widget\" data-e-type=\"widget\" data-widget_type=\"heading.default\">\n\t\t\t\t\t<h2 class=\"elementor-heading-title elementor-size-default\">Pol\u00edtica del sistema integrat de gesti\u00f3<\/h2>\t\t\t\t<\/div>\n\t\t\t\t\t<\/div>\n\t\t\t\t<\/div>\n\t\t<div class=\"elementor-element elementor-element-a9f7467 e-flex e-con-boxed e-con e-parent\" data-id=\"a9f7467\" data-element_type=\"container\" data-e-type=\"container\">\n\t\t\t\t\t<div class=\"e-con-inner\">\n\t\t<div class=\"elementor-element elementor-element-a5e7935 e-con-full e-flex e-con e-child\" data-id=\"a5e7935\" data-element_type=\"container\" data-e-type=\"container\">\n\t\t\t\t<div class=\"elementor-element elementor-element-7114911 elementor-widget elementor-widget-image\" data-id=\"7114911\" data-element_type=\"widget\" data-e-type=\"widget\" data-widget_type=\"image.default\">\n\t\t\t\t\t\t\t\t\t\t\t\t\t\t\t<img decoding=\"async\" width=\"140\" height=\"63\" src=\"https:\/\/coptering.beringserveis.eu\/wp-content\/uploads\/2025\/10\/logo-white-coptering-copia.png\" class=\"attachment-full size-full wp-image-5504\" alt=\"\" \/>\t\t\t\t\t\t\t\t\t\t\t\t\t\t\t<\/div>\n\t\t\t\t<\/div>\n\t\t<div class=\"elementor-element elementor-element-8c05284 e-con-full e-flex e-con e-child\" data-id=\"8c05284\" data-element_type=\"container\" data-e-type=\"container\">\n\t\t\t\t<div class=\"elementor-element elementor-element-a637bc0 elementor-widget elementor-widget-text-editor\" data-id=\"a637bc0\" data-element_type=\"widget\" data-e-type=\"widget\" data-widget_type=\"text-editor.default\">\n\t\t\t\t\t\t\t\t\t<p><strong>Rev.<\/strong> 0<br> <strong>Data<\/strong> : 09\/02\/2025<\/p>\t\t\t\t\t\t\t\t<\/div>\n\t\t\t\t<\/div>\n\t\t<div class=\"elementor-element elementor-element-2dd957f e-con-full e-flex e-con e-child\" data-id=\"2dd957f\" data-element_type=\"container\" data-e-type=\"container\">\n\t\t\t\t<div class=\"elementor-element elementor-element-2918f9f elementor-widget elementor-widget-text-editor\" data-id=\"2918f9f\" data-element_type=\"widget\" data-e-type=\"widget\" data-widget_type=\"text-editor.default\">\n\t\t\t\t\t\t\t\t\t<p><strong>COPTERING<\/strong><br> AEROPORT DE SABADELL<br> Carretera de Bellatera s\/n.<br> 08205 Sabadell, Barcelona<\/p>\t\t\t\t\t\t\t\t<\/div>\n\t\t\t\t<\/div>\n\t\t<div class=\"elementor-element elementor-element-51af532 e-con-full e-flex e-con e-child\" data-id=\"51af532\" data-element_type=\"container\" data-e-type=\"container\">\n\t\t\t\t<div data-dce-text-color=\"#0F0F0F\" class=\"elementor-element elementor-element-594935a elementor-widget elementor-widget-text-editor\" data-id=\"594935a\" data-element_type=\"widget\" data-e-type=\"widget\" data-widget_type=\"text-editor.default\">\n\t\t\t\t\t\t\t\t\t<p class=\"p1\"><strong>Coptering<\/strong> \u00e9s una empresa especialitzada en serveis aeris avan\u00e7ats, oferint solucions de transport de passatgers, formaci\u00f3 aeron\u00e0utica i operacions especialitzades. La nostra experi\u00e8ncia abasta des de vols comercials i missions de reconeixement fins a operacions de c\u00e0rrega externa i filmaci\u00f3 a\u00e8ria, sempre amb un enfocament a la seguretat, l&#8217;efici\u00e8ncia i la sostenibilitat. <\/p><p class=\"p1\">La nostra moderna flota d&#8217;helic\u00f2pters i el nostre equip altament qualificat ens permeten oferir serveis amb els m\u00e9s alts est\u00e0ndards de qualitat i seguretat, recolzats per tecnologia avan\u00e7ada i metodologies innovadores. El nostre Sistema Integrat de Gesti\u00f3 (SIG), basat en els principis de qualitat, medi ambient, seguretat i salut a la feina,<br> persegueix els objectius fonamentals seg\u00fcents:<\/p><ul><li class=\"p1\"><strong>Qualitat<\/strong> : Satisfer les necessitats i les expectatives dels nostres clients, garantint serveis d&#8217;excel\u00b7l\u00e8ncia i millora cont\u00ednua.<\/li><li class=\"p1\"><strong>Medi Ambient<\/strong> : Reduir i prevenir els impactes ambientals derivats de les nostres operacions, promovent la sostenibilitat.<\/li><li class=\"p1\"><strong>Seguretat i Salut en el Treball<\/strong> : Protegir la integritat i benestar dels nostres empleats i tercers mitjan\u00e7ant la<br> prevenci\u00f3 de riscos laborals.<\/li><\/ul><p>Per assolir aquests objectius, la Direcci\u00f3 de Coptering assumeix el ferm comprom\u00eds d&#8217;optimitzar el Sistema Integrat de Gesti\u00f3 a trav\u00e9s dels principis seg\u00fcents:<\/p><ul><li><strong>Compliment Legal<\/strong> : Assegurar el compliment dels requisits legals i altres requisits aplicables a les nostres activitats.<\/li><li><strong>Eliminaci\u00f3 de perills i reducci\u00f3 de riscos<\/strong> : Garantir l&#8217;eliminaci\u00f3 de perills i la reducci\u00f3 de riscos per a la seguretat i salut a la feina, aix\u00ed com proporcionar condicions de treball segures i saludables per a la prevenci\u00f3 del deteriorament de la salut relacionats amb el treball.<\/li><li><strong>Protecci\u00f3 del Medi Ambient<\/strong> : Implementar pr\u00e0ctiques sostenibles que minimitzin la nostra empremta ecol\u00f2gica i fomentin l&#8217;\u00fas eficient dels recursos. Aix\u00f2 inclou la prevenci\u00f3 de la contaminaci\u00f3, l\u00fas sostenible dels recursos i la mitigaci\u00f3 del canvi clim\u00e0tic. <\/li><li><strong>Conscienciaci\u00f3 i Formaci\u00f3<\/strong> : Capacitar cont\u00ednuament els nostres col\u00b7laboradors en seguretat, medi ambient, qualitat i protecci\u00f3 de la informaci\u00f3, promovent una cultura de millora cont\u00ednua.<\/li><li><strong>Participaci\u00f3 i Di\u00e0leg<\/strong> : Fomentar la comunicaci\u00f3 i col\u00b7laboraci\u00f3 amb empleats, clients, prove\u00efdors i altres parts interessades per a la millora del SIG. Es garanteix la consulta i participaci\u00f3 dels treballadors en mat\u00e8ria de seguretat i salut a la feina. <\/li><li><strong>Monitoritzaci\u00f3 i Avaluaci\u00f3<\/strong> : Establir indicadors d&#8217;acompliment per avaluar l&#8217;efic\u00e0cia del SIG i prendre decisions basades en dades objectives.<\/li><li><strong>Millora Cont\u00ednua<\/strong> : Revisar peri\u00f2dicament els nostres processos, establint accions correctives i oportunitats de<br> millora que contribueixin al desenvolupament sostenible ia l&#8217;excel\u00b7l\u00e8ncia operacional.<\/li><\/ul><p>Aquesta pol\u00edtica \u00e9s revisada peri\u00f2dicament i comunicada a tota l&#8217;organitzaci\u00f3, garantint-ne la implementaci\u00f3 i el comprom\u00eds en tots els nivells. Amb aix\u00f2, <strong>Coptering<\/strong> reafirma el seu comprom\u00eds amb la qualitat, la protecci\u00f3 del medi ambient, la seguretat i salut a la feina i la seguretat de la informaci\u00f3, assegurant el compliment dels requisits dels nostres clients i de la societat en general. <\/p>\t\t\t\t\t\t\t\t<\/div>\n\t\t\t\t<div class=\"elementor-element elementor-element-766b393 elementor-widget elementor-widget-image\" data-id=\"766b393\" data-element_type=\"widget\" data-e-type=\"widget\" data-widget_type=\"image.default\">\n\t\t\t\t\t\t\t\t\t\t\t\t\t\t\t<img fetchpriority=\"high\" decoding=\"async\" width=\"581\" height=\"291\" src=\"https:\/\/coptering.beringserveis.eu\/wp-content\/uploads\/2025\/10\/firma.jpg\" class=\"attachment-full size-full wp-image-5505\" alt=\"\" srcset=\"https:\/\/coptering.beringserveis.eu\/wp-content\/uploads\/2025\/10\/firma.jpg 581w, https:\/\/coptering.beringserveis.eu\/wp-content\/uploads\/2025\/10\/firma-300x150.jpg 300w\" sizes=\"(max-width: 581px) 100vw, 581px\" \/>\t\t\t\t\t\t\t\t\t\t\t\t\t\t\t<\/div>\n\t\t\t\t<\/div>\n\t\t\t\t\t<\/div>\n\t\t\t\t<\/div>\n\t\t\t\t<\/div>\n\t\t","protected":false},"excerpt":{"rendered":"<p>Pol\u00edtica del sistema integrat de gesti\u00f3 Rev. 0 Data : 09\/02\/2025 COPTERING AEROPORT DE SABADELL Carretera de Bellatera s\/n. 08205 Sabadell, Barcelona Coptering \u00e9s una empresa especialitzada en serveis aeris avan\u00e7ats, oferint solucions de transport de passatgers, formaci\u00f3 aeron\u00e0utica i operacions especialitzades. La nostra experi\u00e8ncia abasta des de vols comercials i missions de reconeixement fins [&hellip;]<\/p>\n","protected":false},"author":1,"featured_media":0,"parent":0,"menu_order":0,"comment_status":"closed","ping_status":"closed","template":"elementor_header_footer","meta":{"_acf_changed":false,"footnotes":""},"class_list":["post-5502","page","type-page","status-publish","hentry"],"acf":[],"_links":{"self":[{"href":"https:\/\/coptering.beringserveis.eu\/ca\/wp-json\/wp\/v2\/pages\/5502","targetHints":{"allow":["GET"]}}],"collection":[{"href":"https:\/\/coptering.beringserveis.eu\/ca\/wp-json\/wp\/v2\/pages"}],"about":[{"href":"https:\/\/coptering.beringserveis.eu\/ca\/wp-json\/wp\/v2\/types\/page"}],"author":[{"embeddable":true,"href":"https:\/\/coptering.beringserveis.eu\/ca\/wp-json\/wp\/v2\/users\/1"}],"replies":[{"embeddable":true,"href":"https:\/\/coptering.beringserveis.eu\/ca\/wp-json\/wp\/v2\/comments?post=5502"}],"version-history":[{"count":0,"href":"https:\/\/coptering.beringserveis.eu\/ca\/wp-json\/wp\/v2\/pages\/5502\/revisions"}],"wp:attachment":[{"href":"https:\/\/coptering.beringserveis.eu\/ca\/wp-json\/wp\/v2\/media?parent=5502"}],"curies":[{"name":"wp","href":"https:\/\/api.w.org\/{rel}","templated":true}]}}