{"id":5496,"date":"2025-10-08T16:55:13","date_gmt":"2025-10-08T14:55:13","guid":{"rendered":"https:\/\/coptering.beringserveis.eu\/termes-i-condicions\/"},"modified":"2025-11-24T08:23:00","modified_gmt":"2025-11-24T07:23:00","slug":"termes-i-condicions","status":"publish","type":"page","link":"https:\/\/coptering.beringserveis.eu\/ca\/termes-i-condicions\/","title":{"rendered":"Termes i condicions"},"content":{"rendered":"\t\t<div data-elementor-type=\"wp-page\" data-elementor-id=\"5496\" class=\"elementor elementor-5496 elementor-1107\" data-elementor-post-type=\"page\">\n\t\t\t\t<div class=\"elementor-element elementor-element-5e747ce6 e-flex e-con-boxed e-con e-parent\" data-id=\"5e747ce6\" data-element_type=\"container\" data-e-type=\"container\" data-settings=\"{&quot;background_background&quot;:&quot;classic&quot;}\">\n\t\t\t\t\t<div class=\"e-con-inner\">\n\t\t\t\t<div class=\"elementor-element elementor-element-de90f7e elementor-widget elementor-widget-heading\" data-id=\"de90f7e\" data-element_type=\"widget\" data-e-type=\"widget\" data-widget_type=\"heading.default\">\n\t\t\t\t\t<h2 class=\"elementor-heading-title elementor-size-default\">Termes i condicions<\/h2>\t\t\t\t<\/div>\n\t\t\t\t\t<\/div>\n\t\t\t\t<\/div>\n\t\t<div class=\"elementor-element elementor-element-a9f7467 e-flex e-con-boxed e-con e-parent\" data-id=\"a9f7467\" data-element_type=\"container\" data-e-type=\"container\">\n\t\t\t\t\t<div class=\"e-con-inner\">\n\t\t<div class=\"elementor-element elementor-element-a5e7935 e-con-full e-flex e-con e-child\" data-id=\"a5e7935\" data-element_type=\"container\" data-e-type=\"container\">\n\t\t\t\t<div data-dce-text-color=\"#0F0F0F\" class=\"elementor-element elementor-element-c0ad1b7 elementor-widget elementor-widget-text-editor\" data-id=\"c0ad1b7\" data-element_type=\"widget\" data-e-type=\"widget\" data-widget_type=\"text-editor.default\">\n\t\t\t\t\t\t\t\t\t<ul class=\"ul1\"><span data-mce-type=\"bookmark\" style=\"display: inline-block; width: 0px; overflow: hidden; line-height: 0;\" class=\"mce_SELRES_start\"><\/span><li class=\"li1\"><span class=\"s1\">Est\u00e0 perm\u00e8s volar a partir de 2 anys<\/span><\/li><li class=\"li1\"><span class=\"s1\">Les persones amb mobilitat redu\u00efda poden volar, per\u00f2 sempre acompanyats i assistits. (En cas que el nostre personal de seguretat ho consideri necessari, se&#8217;ls pot sol\u00b7licitar un informe de la seva situaci\u00f3 en el moment de la reserva per poder oferir-vos la millor experi\u00e8ncia possible <\/span><span class=\"s2\">.<\/span> <span class=\"s1\">No poden volar les persones que en el moment del vol portin un sistema medicalitzat extern).<\/span><\/li><li class=\"li1\"><span class=\"s1\">No podran volar aquelles persones que en aquest moment tinguin alguna malaltia o defici\u00e8ncia f\u00edsica o ps\u00edquica que li impedeixin fer aquest tipus d&#8217;activitat<\/span><\/li><li class=\"li1\"><span class=\"s1\">Per motius de seguretat, les persones amb m\u00e9s de 120 quilos de pes ocuparan dues places que hauran d&#8217;estar abonades abans del vol.<\/span><\/li><li class=\"li1\"><span class=\"s1\">No poden volar animals.<\/span><\/li><li class=\"li1\"><span class=\"s1\">La durada dels nostres vols pot variar segons la ruta realitzada, el tr\u00e0nsit aeri o les condicions meteorol\u00f2giques.<\/span><\/li><li class=\"li1\"><span class=\"s1\">L&#8217;empresa es reserva el dret de cancel\u00b7lar o canviar vols subjecte a condicions clim\u00e0tiques, t\u00e8cniques o administratives. En aquest cas es reprogramar\u00e0 el vol o es tornaran els diners. <\/span><\/li><li class=\"li1\"><span class=\"s1\">\u00c9s necess\u00e0ria la seva presentaci\u00f3 al control de seguretat amb el passaport o document d&#8217;identitat.<\/span><\/li><li class=\"li1\"><span class=\"s1\">Tots els viatgers han de passar la detecci\u00f3 de metalls i la inspecci\u00f3 de maletes<\/span><\/li><li class=\"li1\"><span class=\"s1\">Abans d&#8217;embarcar, rebreu una xerrada explicativa i llista de verificaci\u00f3 de seguretat pr\u00e8via al vol<\/span><\/li><li class=\"li1\">Per motius de seguretat i estabilitat de l&#8217;helic\u00f2pter, el personal que imparteix el briefing de seguretat atorgar\u00e0 la posici\u00f3 de cada passatger sobre la base del pes i sota la supervisi\u00f3 del pilot<\/li><li class=\"li1\"><span class=\"s1\">El vol es realitzar\u00e0 entre 2.000 i 3.500 peus sobre el nivell del mar<\/span><\/li><li class=\"li1\"><span class=\"s1\">Podreu fer fotografies durant el vol<\/span><\/li><li class=\"li1\"><span class=\"s1\">No es permet menjar, beure o fumar durant el recorregut<\/span><\/li><li class=\"li1\"><span class=\"s1\">No est\u00e0 perm\u00e8s desfer-se dels sistemes de seguretat ni moure&#8217;s del seient durant el vol.<\/span><\/li><li class=\"li1\">Per raons de seguretat, no pot portar el seg\u00fcent: motxilles, bosses, bufandes, gorres i bastons de cambra o similars<\/li><li class=\"li1\">Per raons de seguretat no es poden portar: armes, munici\u00f3, bateries de liti de recanvi o soltes, cilindres de gas t\u00f2xics o inflamables, esprais, term\u00f2metres o similars.<\/li><li class=\"li1\">Durant el vol, els dispositius electr\u00f2nics hauran de romandre en \u201cmode avi\u00f3\u201d<\/li><li class=\"li1\"><span class=\"s1\">PROTECCI\u00d3 DE DADES DE CAR\u00c0CTER PERSONAL.- Coptering garanteix el compliment de la Normativa LOPDGDD, RGPD 2016\/679 en correlaci\u00f3 amb la LO 03\/2018 de 5 de desembre, i la seva normativa de desenvolupament i, a aquest efecte, es compromet a: (i) utilitzar les dades de car\u00e0cter personal a qu\u00e8 tinga acc\u00e9s; (II) observar i adoptar totes les mesures de seguretat que siguin necess\u00e0ries per assegurar la confidencialitat, secret i integritat de les dades de car\u00e0cter personal a qu\u00e8 tingui acc\u00e9s, aix\u00ed com adoptar en el futur totes les mesures de seguretat que exigeix \u200b\u200bles lleis i els reglaments destinats a preservar el secret, la confidencialitat i la integritat en el tractament automatitzat de dades personals; (III) a no cedir en cap cas a terceres persones les dades de car\u00e0cter personal a qu\u00e8 tingui acc\u00e9s, ni tan sols als efectes de la seva conservaci\u00f3; (iv) a destruir les dades facilitades per la persona una vegada esgotada la fi per a la qual van ser sol\u00b7licitades; (v) a facilitar a la persona l&#8217;exercici de tots els drets d&#8217;acc\u00e9s, rectificaci\u00f3 i cancel\u00b7laci\u00f3 de les dades de car\u00e0cter personal de qu\u00e8 sigui titular. Per sol\u00b7licitar informaci\u00f3 i comprovar per part de la persona el compliment del que estableix aquesta cl\u00e0usula, aix\u00ed com exercir els drets anteriorment esmentats o, en general, per a qualsevol altre tipus de comunicaci\u00f3 en la mat\u00e8ria, Coptering designa la informaci\u00f3 de contacte que apareix a l&#8217;\u00e0rea de contacte de la seva p\u00e0gina web.<\/span><\/li><li class=\"li1\">MESURES COVID.-A Coptering estem compromesos amb la seguretat i cuidar clients i empleats segueix sent la nostra prioritat, per aix\u00f2, estem treballant per garantir una c\u00f2moda i saludable experi\u00e8ncia de vol.<\/li><li class=\"li1\">La nostra empresa mant\u00e9 protocols de neteja dels helic\u00f2pters i de la resta d&#8217;instal\u00b7lacions extremadament exigents, per\u00f2 s&#8217;ha augmentat el nombre de neteges en profunditat per desinfectar tota la flota amb productes espec\u00edfics que estan perfectament capacitats per acabar amb el coronavirus.<\/li><li class=\"li1\">Els passatgers mitjan\u00e7ant aquest document reconeixen no patir ni haver patit en els darrers 10 dies, s\u00edmptomes compatibles amb el contagi de COVID-19, ni tenen diagn\u00f2stic positiu d&#8217;haver contret el virus, ni estan en a\u00efllament domiciliari o quarantena per contacte estret amb alguna persona amb s\u00edmptomes o diagn\u00f2stic sospit\u00f3s de COVID-19.<\/li><\/ul>\t\t\t\t\t\t\t\t<\/div>\n\t\t\t\t<\/div>\n\t\t\t\t\t<\/div>\n\t\t\t\t<\/div>\n\t\t\t\t<\/div>\n\t\t","protected":false},"excerpt":{"rendered":"<p>Termes i condicions Est\u00e0 perm\u00e8s volar a partir de 2 anys Les persones amb mobilitat redu\u00efda poden volar, per\u00f2 sempre acompanyats i assistits. (En cas que el nostre personal de seguretat ho consideri necessari, se&#8217;ls pot sol\u00b7licitar un informe de la seva situaci\u00f3 en el moment de la reserva per poder oferir-vos la millor experi\u00e8ncia [&hellip;]<\/p>\n","protected":false},"author":1,"featured_media":0,"parent":0,"menu_order":0,"comment_status":"closed","ping_status":"closed","template":"elementor_header_footer","meta":{"_acf_changed":false,"footnotes":""},"class_list":["post-5496","page","type-page","status-publish","hentry"],"acf":[],"_links":{"self":[{"href":"https:\/\/coptering.beringserveis.eu\/ca\/wp-json\/wp\/v2\/pages\/5496","targetHints":{"allow":["GET"]}}],"collection":[{"href":"https:\/\/coptering.beringserveis.eu\/ca\/wp-json\/wp\/v2\/pages"}],"about":[{"href":"https:\/\/coptering.beringserveis.eu\/ca\/wp-json\/wp\/v2\/types\/page"}],"author":[{"embeddable":true,"href":"https:\/\/coptering.beringserveis.eu\/ca\/wp-json\/wp\/v2\/users\/1"}],"replies":[{"embeddable":true,"href":"https:\/\/coptering.beringserveis.eu\/ca\/wp-json\/wp\/v2\/comments?post=5496"}],"version-history":[{"count":0,"href":"https:\/\/coptering.beringserveis.eu\/ca\/wp-json\/wp\/v2\/pages\/5496\/revisions"}],"wp:attachment":[{"href":"https:\/\/coptering.beringserveis.eu\/ca\/wp-json\/wp\/v2\/media?parent=5496"}],"curies":[{"name":"wp","href":"https:\/\/api.w.org\/{rel}","templated":true}]}}