{"id":5468,"date":"2025-10-08T17:01:55","date_gmt":"2025-10-08T15:01:55","guid":{"rendered":"https:\/\/coptering.beringserveis.eu\/politica-de-privadesa\/"},"modified":"2025-11-24T08:22:45","modified_gmt":"2025-11-24T07:22:45","slug":"politica-de-privadesa","status":"publish","type":"page","link":"https:\/\/coptering.beringserveis.eu\/ca\/politica-de-privadesa\/","title":{"rendered":"Pol\u00edtica de Privadesa"},"content":{"rendered":"\t\t<div data-elementor-type=\"wp-page\" data-elementor-id=\"5468\" class=\"elementor elementor-5468 elementor-1106\" data-elementor-post-type=\"page\">\n\t\t\t\t<div class=\"elementor-element elementor-element-5e747ce6 e-flex e-con-boxed e-con e-parent\" data-id=\"5e747ce6\" data-element_type=\"container\" data-e-type=\"container\" data-settings=\"{&quot;background_background&quot;:&quot;classic&quot;}\">\n\t\t\t\t\t<div class=\"e-con-inner\">\n\t\t\t\t<div class=\"elementor-element elementor-element-de90f7e elementor-widget elementor-widget-heading\" data-id=\"de90f7e\" data-element_type=\"widget\" data-e-type=\"widget\" data-widget_type=\"heading.default\">\n\t\t\t\t\t<h2 class=\"elementor-heading-title elementor-size-default\">Pol\u00edtica de Privadesa<\/h2>\t\t\t\t<\/div>\n\t\t\t\t\t<\/div>\n\t\t\t\t<\/div>\n\t\t<div class=\"elementor-element elementor-element-a9f7467 e-flex e-con-boxed e-con e-parent\" data-id=\"a9f7467\" data-element_type=\"container\" data-e-type=\"container\">\n\t\t\t\t\t<div class=\"e-con-inner\">\n\t\t<div class=\"elementor-element elementor-element-a5e7935 e-con-full e-flex e-con e-child\" data-id=\"a5e7935\" data-element_type=\"container\" data-e-type=\"container\">\n\t\t\t\t<div class=\"elementor-element elementor-element-722020a elementor-widget elementor-widget-heading\" data-id=\"722020a\" data-element_type=\"widget\" data-e-type=\"widget\" data-widget_type=\"heading.default\">\n\t\t\t\t\t<h2 class=\"elementor-heading-title elementor-size-default\">1. Objecte<\/h2>\t\t\t\t<\/div>\n\t\t\t\t<div data-dce-text-color=\"#0F0F0F\" class=\"elementor-element elementor-element-9477a58 elementor-widget elementor-widget-text-editor\" data-id=\"9477a58\" data-element_type=\"widget\" data-e-type=\"widget\" data-widget_type=\"text-editor.default\">\n\t\t\t\t\t\t\t\t\t<p class=\"p1\">En utilitzar aquest Lloc Web, les Aplicacions, i\/o en comunicar-se electr\u00f2nicament amb COPTERING, es podran recollir i tractar dades personals de cada Usuari, el tractament de les quals es regeix per aquesta pol\u00edtica de privadesa (\u201cPol\u00edtica de Privadesa\u201d).<\/p>\t\t\t\t\t\t\t\t<\/div>\n\t\t\t\t<div class=\"elementor-element elementor-element-cba46f6 elementor-widget elementor-widget-heading\" data-id=\"cba46f6\" data-element_type=\"widget\" data-e-type=\"widget\" data-widget_type=\"heading.default\">\n\t\t\t\t\t<h2 class=\"elementor-heading-title elementor-size-default\">2. Responsable del tractament<\/h2>\t\t\t\t<\/div>\n\t\t\t\t<div data-dce-text-color=\"#0F0F0F\" class=\"elementor-element elementor-element-6ac8ffa elementor-widget elementor-widget-text-editor\" data-id=\"6ac8ffa\" data-element_type=\"widget\" data-e-type=\"widget\" data-widget_type=\"text-editor.default\">\n\t\t\t\t\t\t\t\t\t<p class=\"p1\">El responsable del tractament de les dades personals que l&#8217;Usuari faciliti a trav\u00e9s del Lloc Web i les Aplicacions \u00e9s Coptering SL, amb domicili social a aquest efecte al C\/Numancia 185 3\u00ba 2a, 08034, Barcelona (Espanya). L&#8217;Usuari pot contactar amb el delegat de protecci\u00f3 de dades de Coptering a la seg\u00fcent adre\u00e7a de correu electr\u00f2nic: lpd@coptering.com <\/p>\t\t\t\t\t\t\t\t<\/div>\n\t\t\t\t<div class=\"elementor-element elementor-element-000a23d elementor-widget elementor-widget-heading\" data-id=\"000a23d\" data-element_type=\"widget\" data-e-type=\"widget\" data-widget_type=\"heading.default\">\n\t\t\t\t\t<h2 class=\"elementor-heading-title elementor-size-default\">  3. Dades recollides<\/h2>\t\t\t\t<\/div>\n\t\t\t\t<div data-dce-text-color=\"#0F0F0F\" class=\"elementor-element elementor-element-3d39d37 elementor-widget elementor-widget-text-editor\" data-id=\"3d39d37\" data-element_type=\"widget\" data-e-type=\"widget\" data-widget_type=\"text-editor.default\">\n\t\t\t\t\t\t\t\t\t<p class=\"p1\">El tipus de dades personals que recollim i tractem dels Usuaris al Lloc Web i les Aplicacions s\u00f3n les seg\u00fcents: Adre\u00e7a IP, Cookies i similars. L&#8217;adre\u00e7a IP \u00e9s un codi que identifica la connexi\u00f3 a internet de l&#8217;usuari en un moment concret, i les galetes s\u00f3n fitxers que es descarreguen al navegador de l&#8217;usuari i que poden ser llegits posteriorment pel lloc web. Aix\u00f2 no obstant, no \u00e9s possible esbrinar la identitat de l&#8217;Usuari amb aquestes dades, llevat que aquest proporcion\u00e9s informaci\u00f3 addicional a trav\u00e9s d&#8217;altres mitjans.  <\/p><p class=\"p1\">Subscripci\u00f3 a les nostres newsletters i\/o publicacions. Les dades recollides seran les dades identificatives necess\u00e0ries per poder fer arribar el contingut a qu\u00e8 s&#8217;ha subscrit. Subscripci\u00f3 a esdeveniments i activitats similars. Les dades recollides seran les dades identificatives necess\u00e0ries per gestionar la seva participaci\u00f3, com el seu nom, cognoms, correu electr\u00f2nic,\u2026. \u00fanica finalitat d&#8217;informar sobre l&#8217;activitat desenvolupada per l&#8217;empresa. Amb la vostra inscripci\u00f3 a l&#8217;esdeveniment quedar\u00e0 informat i accepta l&#8217;anterior.<\/p>\t\t\t\t\t\t\t\t<\/div>\n\t\t\t\t<div class=\"elementor-element elementor-element-a931176 elementor-widget elementor-widget-heading\" data-id=\"a931176\" data-element_type=\"widget\" data-e-type=\"widget\" data-widget_type=\"heading.default\">\n\t\t\t\t\t<h2 class=\"elementor-heading-title elementor-size-default\">4. Finalitats del tractament  <\/h2>\t\t\t\t<\/div>\n\t\t\t\t<div data-dce-text-color=\"#0F0F0F\" class=\"elementor-element elementor-element-9aa8e25 elementor-widget elementor-widget-text-editor\" data-id=\"9aa8e25\" data-element_type=\"widget\" data-e-type=\"widget\" data-widget_type=\"text-editor.default\">\n\t\t\t\t\t\t\t\t\t<p class=\"p1\">Les dades personals dels Usuaris es recolliran i tractaran amb la finalitat de gestionar la relaci\u00f3 amb Coptering, la seva inscripci\u00f3 a esdeveniments i\/o recepci\u00f3 de newsletters, com a punt de contacte de la societat esmentada, per gestionar l&#8217;\u00fas del web i, quan aix\u00ed ho permeti la normativa aplicable, per a l&#8217;enviament recurrent d&#8217;informaci\u00f3 o d&#8217;esdeveniments de divulgaci\u00f3 i ensenyament en l&#8217;\u00e0mbit de l&#8217;\u00e0mbit. Aix\u00ed mateix, les vostres dades personals es recolliran i tractaran per respondre a les consultes o q\u00fcestions que pugueu remetre a trav\u00e9s del Lloc Web o Aplicacions. <\/p>\t\t\t\t\t\t\t\t<\/div>\n\t\t\t\t<div class=\"elementor-element elementor-element-039931b elementor-widget elementor-widget-heading\" data-id=\"039931b\" data-element_type=\"widget\" data-e-type=\"widget\" data-widget_type=\"heading.default\">\n\t\t\t\t\t<h2 class=\"elementor-heading-title elementor-size-default\">5. Legitimaci\u00f3 i conservaci\u00f3  <\/h2>\t\t\t\t<\/div>\n\t\t\t\t<div data-dce-text-color=\"#0F0F0F\" class=\"elementor-element elementor-element-af7c1e7 elementor-widget elementor-widget-text-editor\" data-id=\"af7c1e7\" data-element_type=\"widget\" data-e-type=\"widget\" data-widget_type=\"text-editor.default\">\n\t\t\t\t\t\t\t\t\t<p class=\"p1\">La legitimaci\u00f3 per al tractament de l&#8217;adre\u00e7a IP \u00e9s la necessitat per possibilitar la connexi\u00f3 amb el lloc web a trav\u00e9s d&#8217;Internet, sent l&#8217;inter\u00e8s leg\u00edtim de Coptering pel cas de mantenir la relaci\u00f3 existent amb l&#8217;Usuari aix\u00ed com l&#8217;enviament d&#8217;informaci\u00f3<span class=\"Apple-converted-space\">  <\/span>i activitats de l&#8217;Empresa. En cas de subscripci\u00f3 a les nostres publicacions i\/o esdeveniments, aix\u00ed com la sol\u00b7licitud pels Usuaris d&#8217;informaci\u00f3 o determinats serveis, la legitimaci\u00f3 ser\u00e0 el propi consentiment de l&#8217;Usuari. Per tant, Coptering recollir\u00e0 i tractar\u00e0 les dades mentre la relaci\u00f3 segueixi vigent i, si escau, l&#8217;Usuari no revoqui el consentiment que ha prestat al tractament de les seves dades. En tot cas, quan les dades personals deixin de ser necess\u00e0ries per a la finalitat per a la qual van ser recollides, i mentre hi hagi responsabilitats legals o contractuals que requereixin conservar-les, es conservaran de manera bloquejada fins que es procedeixi a la cancel\u00b7laci\u00f3 definitiva d&#8217;aquestes. En cas que es tractin dades per a l&#8217;enviament de comunicacions, es podran mantenir mentre l&#8217;Usuari no s&#8217;oposi a rebre les comunicacions esmentades per qualsevol dels mitjans que es posen a la seva disposici\u00f3.    <\/p>\t\t\t\t\t\t\t\t<\/div>\n\t\t\t\t<div class=\"elementor-element elementor-element-5868628 elementor-widget elementor-widget-heading\" data-id=\"5868628\" data-element_type=\"widget\" data-e-type=\"widget\" data-widget_type=\"heading.default\">\n\t\t\t\t\t<h2 class=\"elementor-heading-title elementor-size-default\">6. Comunicaci\u00f3<\/h2>\t\t\t\t<\/div>\n\t\t\t\t<div data-dce-text-color=\"#0F0F0F\" class=\"elementor-element elementor-element-6aacfd1 elementor-widget elementor-widget-text-editor\" data-id=\"6aacfd1\" data-element_type=\"widget\" data-e-type=\"widget\" data-widget_type=\"text-editor.default\">\n\t\t\t\t\t\t\t\t\t<p class=\"p1\">Coptering no comunicar\u00e0 aquestes dades a tercers, excepte quan sigui estrictament necessari per gestionar i mantenir la relaci\u00f3 amb Coptering o pr\u00e8via autoritzaci\u00f3 per part seva. En particular, nom\u00e9s tindran acc\u00e9s a les dades personals aquells tercers amb qu\u00e8 Coptering estigui contractual o legalment obligat a facilitar-los. <\/p>\t\t\t\t\t\t\t\t<\/div>\n\t\t\t\t<div class=\"elementor-element elementor-element-2e202dd elementor-widget elementor-widget-heading\" data-id=\"2e202dd\" data-element_type=\"widget\" data-e-type=\"widget\" data-widget_type=\"heading.default\">\n\t\t\t\t\t<h2 class=\"elementor-heading-title elementor-size-default\">7. Drets<\/h2>\t\t\t\t<\/div>\n\t\t\t\t<div data-dce-text-color=\"#0F0F0F\" class=\"elementor-element elementor-element-5ed52ce elementor-widget elementor-widget-text-editor\" data-id=\"5ed52ce\" data-element_type=\"widget\" data-e-type=\"widget\" data-widget_type=\"text-editor.default\">\n\t\t\t\t\t\t\t\t\t<p class=\"p1\">Us informem que els Usuaris tenen dret a exercitar en tot moment, en els termes establerts per la legislaci\u00f3 vigent, els seus drets d&#8217;acc\u00e9s, rectificaci\u00f3 o supressi\u00f3 de dades, sol\u00b7licitar que es limiti el tractament, oposar-s&#8217;hi, sol\u00b7licitar la portabilitat de les seves dades, aix\u00ed com revocar el consentiment prestat, adre\u00e7ant-se per escrit a l&#8217;adre\u00e7a C\/Numancia 1 lpd@coptering.com, indicant clarament el dret que voleu exercitar i acompanyant el vostre Document Nacional d&#8217;Identitat o document identificatiu similar que acrediti la vostra identitat. Aix\u00ed mateix, podr\u00e0 presentar una reclamaci\u00f3 davant de lAg\u00e8ncia Espanyola de Protecci\u00f3 de Dades o autoritat de protecci\u00f3 de dades que resulti competent. En cas que els Usuaris ens proporcionin dades de car\u00e0cter personal de terceres persones, l&#8217;Usuari ens garanteix que els ha informat amb car\u00e0cter previ a la seva inclusi\u00f3, dels extrems continguts en aquesta Pol\u00edtica de Privadesa, responent personalment davant de Coptering de quants danys i perjudicis puguin derivar-se en cas de contravenci\u00f3. L&#8217;usuari es compromet a notificar qualsevol canvi o modificaci\u00f3 de les dades personals que hagi facilitat. Qualsevol p\u00e8rdua o dany causat al lloc web oa les aplicacions, a Coptering, oa qualsevol tercer mitjan\u00e7ant la comunicaci\u00f3 d&#8217;informaci\u00f3 err\u00f2nia, inexacta o incompleta ser\u00e0 responsabilitat \u00fanica i exclusiva de l&#8217;usuari.    <\/p>\t\t\t\t\t\t\t\t<\/div>\n\t\t\t\t<\/div>\n\t\t\t\t\t<\/div>\n\t\t\t\t<\/div>\n\t\t\t\t<\/div>\n\t\t","protected":false},"excerpt":{"rendered":"<p>Pol\u00edtica de Privadesa 1. Objecte En utilitzar aquest Lloc Web, les Aplicacions, i\/o en comunicar-se electr\u00f2nicament amb COPTERING, es podran recollir i tractar dades personals de cada Usuari, el tractament de les quals es regeix per aquesta pol\u00edtica de privadesa (\u201cPol\u00edtica de Privadesa\u201d). 2. Responsable del tractament El responsable del tractament de les dades personals [&hellip;]<\/p>\n","protected":false},"author":1,"featured_media":0,"parent":0,"menu_order":0,"comment_status":"closed","ping_status":"closed","template":"elementor_header_footer","meta":{"_acf_changed":false,"footnotes":""},"class_list":["post-5468","page","type-page","status-publish","hentry"],"acf":[],"_links":{"self":[{"href":"https:\/\/coptering.beringserveis.eu\/ca\/wp-json\/wp\/v2\/pages\/5468","targetHints":{"allow":["GET"]}}],"collection":[{"href":"https:\/\/coptering.beringserveis.eu\/ca\/wp-json\/wp\/v2\/pages"}],"about":[{"href":"https:\/\/coptering.beringserveis.eu\/ca\/wp-json\/wp\/v2\/types\/page"}],"author":[{"embeddable":true,"href":"https:\/\/coptering.beringserveis.eu\/ca\/wp-json\/wp\/v2\/users\/1"}],"replies":[{"embeddable":true,"href":"https:\/\/coptering.beringserveis.eu\/ca\/wp-json\/wp\/v2\/comments?post=5468"}],"version-history":[{"count":0,"href":"https:\/\/coptering.beringserveis.eu\/ca\/wp-json\/wp\/v2\/pages\/5468\/revisions"}],"wp:attachment":[{"href":"https:\/\/coptering.beringserveis.eu\/ca\/wp-json\/wp\/v2\/media?parent=5468"}],"curies":[{"name":"wp","href":"https:\/\/api.w.org\/{rel}","templated":true}]}}