{"id":5443,"date":"2025-10-09T06:37:56","date_gmt":"2025-10-09T04:37:56","guid":{"rendered":"https:\/\/coptering.beringserveis.eu\/politica-de-cancellacio\/"},"modified":"2025-11-24T08:22:19","modified_gmt":"2025-11-24T07:22:19","slug":"politica-de-cancellacio","status":"publish","type":"page","link":"https:\/\/coptering.beringserveis.eu\/ca\/politica-de-cancellacio\/","title":{"rendered":"Pol\u00edtica de Cancel\u00b7laci\u00f3"},"content":{"rendered":"\t\t<div data-elementor-type=\"wp-page\" data-elementor-id=\"5443\" class=\"elementor elementor-5443 elementor-1102\" data-elementor-post-type=\"page\">\n\t\t\t\t<div class=\"elementor-element elementor-element-5e747ce6 e-flex e-con-boxed e-con e-parent\" data-id=\"5e747ce6\" data-element_type=\"container\" data-e-type=\"container\" data-settings=\"{&quot;background_background&quot;:&quot;classic&quot;}\">\n\t\t\t\t\t<div class=\"e-con-inner\">\n\t\t\t\t<div class=\"elementor-element elementor-element-de90f7e elementor-widget elementor-widget-heading\" data-id=\"de90f7e\" data-element_type=\"widget\" data-e-type=\"widget\" data-widget_type=\"heading.default\">\n\t\t\t\t\t<h2 class=\"elementor-heading-title elementor-size-default\">Pol\u00edtica de Cancel\u00b7laci\u00f3<\/h2>\t\t\t\t<\/div>\n\t\t\t\t\t<\/div>\n\t\t\t\t<\/div>\n\t\t<div class=\"elementor-element elementor-element-a9f7467 e-flex e-con-boxed e-con e-parent\" data-id=\"a9f7467\" data-element_type=\"container\" data-e-type=\"container\">\n\t\t\t\t\t<div class=\"e-con-inner\">\n\t\t<div class=\"elementor-element elementor-element-a5e7935 e-con-full e-flex e-con e-child\" data-id=\"a5e7935\" data-element_type=\"container\" data-e-type=\"container\">\n\t\t\t\t<div class=\"elementor-element elementor-element-8ecc384 elementor-widget elementor-widget-heading\" data-id=\"8ecc384\" data-element_type=\"widget\" data-e-type=\"widget\" data-widget_type=\"heading.default\">\n\t\t\t\t\t<h2 class=\"elementor-heading-title elementor-size-default\">1. Cancel\u00b7laci\u00f3 per part de Coptering:<\/h2>\t\t\t\t<\/div>\n\t\t\t\t<div data-dce-text-color=\"#0F0F0F\" class=\"elementor-element elementor-element-61788a4 elementor-widget elementor-widget-text-editor\" data-id=\"61788a4\" data-element_type=\"widget\" data-e-type=\"widget\" data-widget_type=\"text-editor.default\">\n\t\t\t\t\t\t\t\t\t<ul><li class=\"p1\"><strong>Condicions Meteorol\u00f2giques<\/strong> : En cas de condicions meteorol\u00f2giques adverses que impedeixin la realitzaci\u00f3 segura del vol, Coptering es reserva el dret de cancel\u00b7lar el vol. En aquest cas, es reprogramar\u00e0 el vol per a una data convenient per al client. <\/li><li class=\"p1\"><strong>Problemes t\u00e8cnics<\/strong> : Si es presenten problemes t\u00e8cnics que afectin la seguretat del vol, Coptering cancel\u00b7lar\u00e0 el vol i el reprogramar\u00e0 per a una data convenient per al client.<\/li><\/ul>\t\t\t\t\t\t\t\t<\/div>\n\t\t\t\t<div class=\"elementor-element elementor-element-81a98ef elementor-widget elementor-widget-heading\" data-id=\"81a98ef\" data-element_type=\"widget\" data-e-type=\"widget\" data-widget_type=\"heading.default\">\n\t\t\t\t\t<h2 class=\"elementor-heading-title elementor-size-default\">2. Cancel\u00b7laci\u00f3 per part del Client<\/h2>\t\t\t\t<\/div>\n\t\t\t\t<div data-dce-text-color=\"#0F0F0F\" class=\"elementor-element elementor-element-aea78a2 elementor-widget elementor-widget-text-editor\" data-id=\"aea78a2\" data-element_type=\"widget\" data-e-type=\"widget\" data-widget_type=\"text-editor.default\">\n\t\t\t\t\t\t\t\t\t<ul><li class=\"p1\"><strong>Anul\u00b7laci\u00f3 o Canvi de Data<\/strong> : Els clients poden anul\u00b7lar o canviar la data de la seva reserva sempre que ho facin amb almenys 48 hores d&#8217;antelaci\u00f3. En aquest cas, Coptering reprogramar\u00e0 el vol per a una data convenient per al client. <\/li><li class=\"p1\"><strong>Reemborsaments<\/strong> : Les sol\u00b7licituds de reemborsament s&#8217;han de fer dins del termini establert (48 hores d&#8217;antelaci\u00f3 al vol) i estaran subjectes a les condicions de cancel\u00b7laci\u00f3 especificades.<\/li><\/ul><p>Per a m\u00e9s informaci\u00f3 o assist\u00e8ncia, si us plau contacta amb nosaltres a trav\u00e9s del nostre correu electr\u00f2nic <a href=\"mailto:tours@coptering.com\">tours@coptering.com<\/a> o trucant al (+34) 648 440 979.<\/p>\t\t\t\t\t\t\t\t<\/div>\n\t\t\t\t<\/div>\n\t\t\t\t\t<\/div>\n\t\t\t\t<\/div>\n\t\t\t\t<\/div>\n\t\t","protected":false},"excerpt":{"rendered":"<p>Pol\u00edtica de Cancel\u00b7laci\u00f3 1. Cancel\u00b7laci\u00f3 per part de Coptering: Condicions Meteorol\u00f2giques : En cas de condicions meteorol\u00f2giques adverses que impedeixin la realitzaci\u00f3 segura del vol, Coptering es reserva el dret de cancel\u00b7lar el vol. En aquest cas, es reprogramar\u00e0 el vol per a una data convenient per al client. Problemes t\u00e8cnics : Si es presenten [&hellip;]<\/p>\n","protected":false},"author":1,"featured_media":0,"parent":0,"menu_order":0,"comment_status":"closed","ping_status":"closed","template":"elementor_header_footer","meta":{"_acf_changed":false,"footnotes":""},"class_list":["post-5443","page","type-page","status-publish","hentry"],"acf":[],"_links":{"self":[{"href":"https:\/\/coptering.beringserveis.eu\/ca\/wp-json\/wp\/v2\/pages\/5443","targetHints":{"allow":["GET"]}}],"collection":[{"href":"https:\/\/coptering.beringserveis.eu\/ca\/wp-json\/wp\/v2\/pages"}],"about":[{"href":"https:\/\/coptering.beringserveis.eu\/ca\/wp-json\/wp\/v2\/types\/page"}],"author":[{"embeddable":true,"href":"https:\/\/coptering.beringserveis.eu\/ca\/wp-json\/wp\/v2\/users\/1"}],"replies":[{"embeddable":true,"href":"https:\/\/coptering.beringserveis.eu\/ca\/wp-json\/wp\/v2\/comments?post=5443"}],"version-history":[{"count":0,"href":"https:\/\/coptering.beringserveis.eu\/ca\/wp-json\/wp\/v2\/pages\/5443\/revisions"}],"wp:attachment":[{"href":"https:\/\/coptering.beringserveis.eu\/ca\/wp-json\/wp\/v2\/media?parent=5443"}],"curies":[{"name":"wp","href":"https:\/\/api.w.org\/{rel}","templated":true}]}}